{"id":10724,"date":"2026-01-06T00:30:46","date_gmt":"2026-01-05T23:30:46","guid":{"rendered":"https:\/\/bobooaza.pl\/index.php\/produkt\/lovi-22-862-smoczek-silikonowy-dynamiczny-0-2m-2szt-buddy-bear\/"},"modified":"2026-01-06T00:50:25","modified_gmt":"2026-01-05T23:50:25","slug":"lovi-22-862-smoczek-silikonowy-dynamiczny-0-2m-2szt-buddy-bear","status":"publish","type":"product","link":"https:\/\/www.bobooaza.pl\/index.php\/produkt\/lovi-22-862-smoczek-silikonowy-dynamiczny-0-2m-2szt-buddy-bear\/","title":{"rendered":"LOVI 22\/862 Smoczek silikonowy dynamiczny 0-2m 2szt Buddy Bear"},"content":{"rendered":"<p>Smoczek silikonowy dynamiczny LOVI 22\/862 dla dzieci 0\u20132 miesi\u0119cy Buddy Bear zosta\u0142 opracowany przy udziale lekarzy i neurologoped\u00f3w. Ma symetryczny kszta\u0142t inspirowany brodawk\u0105 sutkow\u0105, a zastosowanie niejednorodnej warstwy silikonu pozwala dziecku ssa\u0107 w indywidualnym rytmie. W zestawie znajduj\u0105 si\u0119 2 smoczki LOVI, 2 os\u0142onki oraz kapsu\u0142a do higienicznego przechowywania smoczk\u00f3w.<\/p>\n","protected":false},"excerpt":{"rendered":"<p>Smoczek silikonowy dynamiczny LOVI 22\/862 dla dzieci 0\u20132 miesi\u0119cy Buddy Bear zosta\u0142 opracowany przy udziale lekarzy i neurologoped\u00f3w. Ma symetryczny kszta\u0142t inspirowany brodawk\u0105 sutkow\u0105, a zastosowanie niejednorodnej warstwy silikonu pozwala dziecku ssa\u0107 w indywidualnym rytmie. W zestawie znajduj\u0105 si\u0119 2 smoczki LOVI, 2 os\u0142onki oraz kapsu\u0142a do higienicznego przechowywania smoczk\u00f3w.<\/p>\n","protected":false},"featured_media":10723,"comment_status":"open","ping_status":"closed","template":"","meta":[],"product_brand":[],"product_cat":[76,105,103],"product_tag":[],"class_list":{"0":"post-10724","1":"product","2":"type-product","3":"status-publish","4":"has-post-thumbnail","6":"product_cat-dziecko","7":"product_cat-smoczki","8":"product_cat-smoczki-i-zawieszki","10":"first","11":"instock","12":"taxable","13":"shipping-taxable","14":"purchasable","15":"product-type-simple"},"_links":{"self":[{"href":"https:\/\/www.bobooaza.pl\/index.php\/wp-json\/wp\/v2\/product\/10724","targetHints":{"allow":["GET"]}}],"collection":[{"href":"https:\/\/www.bobooaza.pl\/index.php\/wp-json\/wp\/v2\/product"}],"about":[{"href":"https:\/\/www.bobooaza.pl\/index.php\/wp-json\/wp\/v2\/types\/product"}],"replies":[{"embeddable":true,"href":"https:\/\/www.bobooaza.pl\/index.php\/wp-json\/wp\/v2\/comments?post=10724"}],"wp:featuredmedia":[{"embeddable":true,"href":"https:\/\/www.bobooaza.pl\/index.php\/wp-json\/wp\/v2\/media\/10723"}],"wp:attachment":[{"href":"https:\/\/www.bobooaza.pl\/index.php\/wp-json\/wp\/v2\/media?parent=10724"}],"wp:term":[{"taxonomy":"product_brand","embeddable":true,"href":"https:\/\/www.bobooaza.pl\/index.php\/wp-json\/wp\/v2\/product_brand?post=10724"},{"taxonomy":"product_cat","embeddable":true,"href":"https:\/\/www.bobooaza.pl\/index.php\/wp-json\/wp\/v2\/product_cat?post=10724"},{"taxonomy":"product_tag","embeddable":true,"href":"https:\/\/www.bobooaza.pl\/index.php\/wp-json\/wp\/v2\/product_tag?post=10724"}],"curies":[{"name":"wp","href":"https:\/\/api.w.org\/{rel}","templated":true}]}}