{"id":10730,"date":"2026-01-06T00:30:50","date_gmt":"2026-01-05T23:30:50","guid":{"rendered":"https:\/\/bobooaza.pl\/index.php\/produkt\/lovi-22-856-smoczek-silikonowy-dynamiczny-3-6m-2szt-indian-summer-boy\/"},"modified":"2026-01-06T00:50:28","modified_gmt":"2026-01-05T23:50:28","slug":"lovi-22-856-smoczek-silikonowy-dynamiczny-3-6m-2szt-indian-summer-boy","status":"publish","type":"product","link":"https:\/\/www.bobooaza.pl\/index.php\/produkt\/lovi-22-856-smoczek-silikonowy-dynamiczny-3-6m-2szt-indian-summer-boy\/","title":{"rendered":"LOVI 22\/856 Smoczek silikonowy dynamiczny 3-6m 2szt Indian Summer Boy"},"content":{"rendered":"<p>Smoczek silikonowy dynamiczny LOVI 22\/856 dla dzieci 3\u20136 miesi\u0119cy w zestawie Indian Summer Boy zosta\u0142 opracowany przy wsp\u00f3\u0142pracy z lekarzami i neurologopedami. Posiada symetryczny kszta\u0142t inspirowany brodawk\u0105 sutkow\u0105, a zastosowanie niejednorodnej warstwy silikonu pozwala dziecku ssa\u0107 w indywidualnym rytmie. W zestawie znajduj\u0105 si\u0119 2 smoczki LOVI, 2 os\u0142onki oraz kapsu\u0142a do higienicznego przechowywania smoczk\u00f3w.<\/p>\n","protected":false},"excerpt":{"rendered":"<p>Smoczek silikonowy dynamiczny LOVI 22\/856 dla dzieci 3\u20136 miesi\u0119cy w zestawie Indian Summer Boy zosta\u0142 opracowany przy wsp\u00f3\u0142pracy z lekarzami i neurologopedami. Posiada symetryczny kszta\u0142t inspirowany brodawk\u0105 sutkow\u0105, a zastosowanie niejednorodnej warstwy silikonu pozwala dziecku ssa\u0107 w indywidualnym rytmie. W zestawie znajduj\u0105 si\u0119 2 smoczki LOVI, 2 os\u0142onki oraz kapsu\u0142a do higienicznego przechowywania smoczk\u00f3w.<\/p>\n","protected":false},"featured_media":10729,"comment_status":"open","ping_status":"closed","template":"","meta":[],"product_brand":[],"product_cat":[76,105,103],"product_tag":[],"class_list":{"0":"post-10730","1":"product","2":"type-product","3":"status-publish","4":"has-post-thumbnail","6":"product_cat-dziecko","7":"product_cat-smoczki","8":"product_cat-smoczki-i-zawieszki","10":"first","11":"instock","12":"taxable","13":"shipping-taxable","14":"purchasable","15":"product-type-simple"},"_links":{"self":[{"href":"https:\/\/www.bobooaza.pl\/index.php\/wp-json\/wp\/v2\/product\/10730","targetHints":{"allow":["GET"]}}],"collection":[{"href":"https:\/\/www.bobooaza.pl\/index.php\/wp-json\/wp\/v2\/product"}],"about":[{"href":"https:\/\/www.bobooaza.pl\/index.php\/wp-json\/wp\/v2\/types\/product"}],"replies":[{"embeddable":true,"href":"https:\/\/www.bobooaza.pl\/index.php\/wp-json\/wp\/v2\/comments?post=10730"}],"wp:featuredmedia":[{"embeddable":true,"href":"https:\/\/www.bobooaza.pl\/index.php\/wp-json\/wp\/v2\/media\/10729"}],"wp:attachment":[{"href":"https:\/\/www.bobooaza.pl\/index.php\/wp-json\/wp\/v2\/media?parent=10730"}],"wp:term":[{"taxonomy":"product_brand","embeddable":true,"href":"https:\/\/www.bobooaza.pl\/index.php\/wp-json\/wp\/v2\/product_brand?post=10730"},{"taxonomy":"product_cat","embeddable":true,"href":"https:\/\/www.bobooaza.pl\/index.php\/wp-json\/wp\/v2\/product_cat?post=10730"},{"taxonomy":"product_tag","embeddable":true,"href":"https:\/\/www.bobooaza.pl\/index.php\/wp-json\/wp\/v2\/product_tag?post=10730"}],"curies":[{"name":"wp","href":"https:\/\/api.w.org\/{rel}","templated":true}]}}