{"id":10745,"date":"2026-01-06T00:31:00","date_gmt":"2026-01-05T23:31:00","guid":{"rendered":"https:\/\/bobooaza.pl\/index.php\/produkt\/lovi-22-866-smoczek-silikonowy-dynamiczny-0-3-m-2szt-i-love\/"},"modified":"2026-01-06T00:50:35","modified_gmt":"2026-01-05T23:50:35","slug":"lovi-22-866-smoczek-silikonowy-dynamiczny-0-3-m-2szt-i-love","status":"publish","type":"product","link":"https:\/\/www.bobooaza.pl\/index.php\/produkt\/lovi-22-866-smoczek-silikonowy-dynamiczny-0-3-m-2szt-i-love\/","title":{"rendered":"LOVI 22\/866 Smoczek silikonowy dynamiczny 0-3 m 2szt I Love"},"content":{"rendered":"<p>Smoczek silikonowy dynamiczny LOVI 22\/866 dla niemowl\u0105t 0\u20133 miesi\u0105ce (2 sztuki) posiada g\u0142\u00f3wk\u0119 o dynamicznym kszta\u0142cie zaprojektowanym przez specjalist\u00f3w. G\u0142\u00f3wka wykonana jest z bezpiecznego silikonu, natomiast tarcza i r\u0105czka s\u0105 z plastiku wolnego od bisfenolu A, co zapewnia bezpiecze\u0144stwo i komfort dziecku.<\/p>\n","protected":false},"excerpt":{"rendered":"<p>Smoczek silikonowy dynamiczny LOVI 22\/866 dla niemowl\u0105t 0\u20133 miesi\u0105ce (2 sztuki) posiada g\u0142\u00f3wk\u0119 o dynamicznym kszta\u0142cie zaprojektowanym przez specjalist\u00f3w. G\u0142\u00f3wka wykonana jest z bezpiecznego silikonu, natomiast tarcza i r\u0105czka s\u0105 z plastiku wolnego od bisfenolu A, co zapewnia bezpiecze\u0144stwo i komfort dziecku.<\/p>\n","protected":false},"featured_media":10743,"comment_status":"open","ping_status":"closed","template":"","meta":[],"product_brand":[],"product_cat":[76,105,103],"product_tag":[],"class_list":{"0":"post-10745","1":"product","2":"type-product","3":"status-publish","4":"has-post-thumbnail","6":"product_cat-dziecko","7":"product_cat-smoczki","8":"product_cat-smoczki-i-zawieszki","10":"first","11":"instock","12":"taxable","13":"shipping-taxable","14":"purchasable","15":"product-type-simple"},"_links":{"self":[{"href":"https:\/\/www.bobooaza.pl\/index.php\/wp-json\/wp\/v2\/product\/10745","targetHints":{"allow":["GET"]}}],"collection":[{"href":"https:\/\/www.bobooaza.pl\/index.php\/wp-json\/wp\/v2\/product"}],"about":[{"href":"https:\/\/www.bobooaza.pl\/index.php\/wp-json\/wp\/v2\/types\/product"}],"replies":[{"embeddable":true,"href":"https:\/\/www.bobooaza.pl\/index.php\/wp-json\/wp\/v2\/comments?post=10745"}],"wp:featuredmedia":[{"embeddable":true,"href":"https:\/\/www.bobooaza.pl\/index.php\/wp-json\/wp\/v2\/media\/10743"}],"wp:attachment":[{"href":"https:\/\/www.bobooaza.pl\/index.php\/wp-json\/wp\/v2\/media?parent=10745"}],"wp:term":[{"taxonomy":"product_brand","embeddable":true,"href":"https:\/\/www.bobooaza.pl\/index.php\/wp-json\/wp\/v2\/product_brand?post=10745"},{"taxonomy":"product_cat","embeddable":true,"href":"https:\/\/www.bobooaza.pl\/index.php\/wp-json\/wp\/v2\/product_cat?post=10745"},{"taxonomy":"product_tag","embeddable":true,"href":"https:\/\/www.bobooaza.pl\/index.php\/wp-json\/wp\/v2\/product_tag?post=10745"}],"curies":[{"name":"wp","href":"https:\/\/api.w.org\/{rel}","templated":true}]}}