{"id":10747,"date":"2026-01-06T00:50:09","date_gmt":"2026-01-05T23:50:09","guid":{"rendered":"https:\/\/bobooaza.pl\/index.php\/produkt\/avent-scf093-06-smoczek-ultra-soft-18-ges-sarenka\/"},"modified":"2026-01-19T21:53:45","modified_gmt":"2026-01-19T20:53:45","slug":"avent-scf093-06-smoczek-ultra-soft-18-ges-sarenka","status":"publish","type":"product","link":"https:\/\/www.bobooaza.pl\/index.php\/produkt\/avent-scf093-06-smoczek-ultra-soft-18-ges-sarenka\/","title":{"rendered":"AVENT SCF093\/06 Smoczek Ultra Soft 18+ g\u0119\u015b \/ sarenka"},"content":{"rendered":"<p>Smoczki Philips Avent Ultra Soft 18+ w zestawie z motywami g\u0119si i sarenki zosta\u0142y zaprojektowane z my\u015bl\u0105 o delikatnej sk\u00f3rze niemowl\u0105t. Elastyczna, mi\u0119kka tarczka dopasowuje si\u0119 do naturalnych krzywizn twarzy dziecka, zmniejszaj\u0105c nacisk na policzki i ograniczaj\u0105c podra\u017cnienia. Smoczki s\u0105 ortodontyczne, wykonane w 100% z silikonu spo\u017cywczego, wspieraj\u0105 naturalny rozw\u00f3j jamy ustnej i zmniejszaj\u0105 ryzyko wad zgryzu. Maj\u0105 w\u0105sk\u0105 szyjk\u0119, kt\u00f3ra minimalizuje nacisk mi\u0119dzy j\u0119zykiem a podniebieniem. Badania pokazuj\u0105, \u017ce 98% dzieci akceptuje te smoczki, kt\u00f3re imituj\u0105 dotyk piersi mamy. Produkty powsta\u0142y we wsp\u00f3\u0142pracy z rodzicami i specjalistami. Smoczki i etui sterylizuj\u0105ce wykonane s\u0105 w 80% z materia\u0142\u00f3w pochodzenia ro\u015blinnego, a etui pozwala na szybkie sterylizowanie w kuchence mikrofalowej w 3 minuty, przy mniejszej emisji CO2. Smoczki nie zawieraj\u0105 BPA, BPS, ftalan\u00f3w, PVC ani wielopier\u015bcieniowych w\u0119glowodor\u00f3w aromatycznych. Produkt pochodzi z Indonezji, w zestawie znajduj\u0105 si\u0119 dwa smoczki ultrami\u0119kkie z etui sterylizuj\u0105cym.<\/p>\n","protected":false},"excerpt":{"rendered":"<p>Smoczki Philips Avent Ultra Soft 18+ w zestawie z motywami g\u0119si i sarenki zosta\u0142y zaprojektowane z my\u015bl\u0105 o delikatnej sk\u00f3rze niemowl\u0105t. Elastyczna, mi\u0119kka tarczka dopasowuje si\u0119 do naturalnych krzywizn twarzy dziecka, zmniejszaj\u0105c nacisk na policzki i ograniczaj\u0105c podra\u017cnienia. Smoczki s\u0105 ortodontyczne, wykonane w 100% z silikonu spo\u017cywczego, wspieraj\u0105 naturalny rozw\u00f3j jamy ustnej i zmniejszaj\u0105 ryzyko [&hellip;]<\/p>\n","protected":false},"featured_media":10746,"comment_status":"open","ping_status":"closed","template":"","meta":[],"product_brand":[],"product_cat":[76,105,103],"product_tag":[],"class_list":{"0":"post-10747","1":"product","2":"type-product","3":"status-publish","4":"has-post-thumbnail","6":"product_cat-dziecko","7":"product_cat-smoczki","8":"product_cat-smoczki-i-zawieszki","10":"first","11":"instock","12":"taxable","13":"shipping-taxable","14":"purchasable","15":"product-type-simple"},"_links":{"self":[{"href":"https:\/\/www.bobooaza.pl\/index.php\/wp-json\/wp\/v2\/product\/10747","targetHints":{"allow":["GET"]}}],"collection":[{"href":"https:\/\/www.bobooaza.pl\/index.php\/wp-json\/wp\/v2\/product"}],"about":[{"href":"https:\/\/www.bobooaza.pl\/index.php\/wp-json\/wp\/v2\/types\/product"}],"replies":[{"embeddable":true,"href":"https:\/\/www.bobooaza.pl\/index.php\/wp-json\/wp\/v2\/comments?post=10747"}],"wp:featuredmedia":[{"embeddable":true,"href":"https:\/\/www.bobooaza.pl\/index.php\/wp-json\/wp\/v2\/media\/10746"}],"wp:attachment":[{"href":"https:\/\/www.bobooaza.pl\/index.php\/wp-json\/wp\/v2\/media?parent=10747"}],"wp:term":[{"taxonomy":"product_brand","embeddable":true,"href":"https:\/\/www.bobooaza.pl\/index.php\/wp-json\/wp\/v2\/product_brand?post=10747"},{"taxonomy":"product_cat","embeddable":true,"href":"https:\/\/www.bobooaza.pl\/index.php\/wp-json\/wp\/v2\/product_cat?post=10747"},{"taxonomy":"product_tag","embeddable":true,"href":"https:\/\/www.bobooaza.pl\/index.php\/wp-json\/wp\/v2\/product_tag?post=10747"}],"curies":[{"name":"wp","href":"https:\/\/api.w.org\/{rel}","templated":true}]}}