{"id":10749,"date":"2026-01-06T00:50:10","date_gmt":"2026-01-05T23:50:10","guid":{"rendered":"https:\/\/bobooaza.pl\/index.php\/produkt\/avent-scf376-31-smoczek-ultra-air-night-6-18m-oliwka-liscie\/"},"modified":"2026-01-19T21:53:45","modified_gmt":"2026-01-19T20:53:45","slug":"avent-scf376-31-smoczek-ultra-air-night-6-18m-oliwka-liscie","status":"publish","type":"product","link":"https:\/\/www.bobooaza.pl\/index.php\/produkt\/avent-scf376-31-smoczek-ultra-air-night-6-18m-oliwka-liscie\/","title":{"rendered":"AVENT SCF376\/31 Smoczek Ultra Air Night 6-18m oliwka \/ li\u015bcie"},"content":{"rendered":"<p>Smoczki Philips Avent Ultra Air Night 6-18 m w zestawie z motywami oliwki i li\u015bci zosta\u0142y zaprojektowane z my\u015bl\u0105 o komfortowym u\u017cytkowaniu w nocy. Maj\u0105 du\u017c\u0105 tarczk\u0119 z otworami wentylacyjnymi, kt\u00f3re pozwalaj\u0105 sk\u00f3rze dziecka oddycha\u0107 i utrzymuj\u0105 j\u0105 such\u0105. Smoczki s\u0105 ortodontyczne, wykonane w 100% z silikonu spo\u017cywczego, wspieraj\u0105 naturalny rozw\u00f3j jamy ustnej, minimalizuj\u0105 nacisk mi\u0119dzy j\u0119zykiem a podniebieniem i u\u0142atwiaj\u0105 prawid\u0142owe u\u0142o\u017cenie j\u0119zyka. Twardy silikon zapewnia komfort w okresie z\u0105bkowania, a teksturowana powierzchnia imituje dotyk piersi mamy. Nasadka \u015bwieci w ciemno\u015bci, co u\u0142atwia odnalezienie smoczka w nocy. Produkty powsta\u0142y przy wsp\u00f3\u0142pracy z rodzicami i specjalistami, a 80% materia\u0142\u00f3w u\u017cytych do smoczka i etui pochodzi z surowc\u00f3w ro\u015blinnych. Etui sterylizuj\u0105ce pozwala na szybkie i \u0142atwe czyszczenie w kuchence mikrofalowej w 3 minuty, przy zmniejszonej emisji CO2. Smoczki nie zawieraj\u0105 BPA, BPS, ftalan\u00f3w, PVC ani wielopier\u015bcieniowych w\u0119glowodor\u00f3w aromatycznych. Produkt pochodzi z Indonezji, w zestawie znajduj\u0105 si\u0119 dwa smoczki Ultra Air Nighttime z etui sterylizuj\u0105cym.<\/p>\n","protected":false},"excerpt":{"rendered":"<p>Smoczki Philips Avent Ultra Air Night 6-18 m w zestawie z motywami oliwki i li\u015bci zosta\u0142y zaprojektowane z my\u015bl\u0105 o komfortowym u\u017cytkowaniu w nocy. Maj\u0105 du\u017c\u0105 tarczk\u0119 z otworami wentylacyjnymi, kt\u00f3re pozwalaj\u0105 sk\u00f3rze dziecka oddycha\u0107 i utrzymuj\u0105 j\u0105 such\u0105. Smoczki s\u0105 ortodontyczne, wykonane w 100% z silikonu spo\u017cywczego, wspieraj\u0105 naturalny rozw\u00f3j jamy ustnej, minimalizuj\u0105 nacisk [&hellip;]<\/p>\n","protected":false},"featured_media":10748,"comment_status":"open","ping_status":"closed","template":"","meta":[],"product_brand":[],"product_cat":[76,105,103],"product_tag":[],"class_list":{"0":"post-10749","1":"product","2":"type-product","3":"status-publish","4":"has-post-thumbnail","6":"product_cat-dziecko","7":"product_cat-smoczki","8":"product_cat-smoczki-i-zawieszki","10":"first","11":"instock","12":"taxable","13":"shipping-taxable","14":"purchasable","15":"product-type-simple"},"_links":{"self":[{"href":"https:\/\/www.bobooaza.pl\/index.php\/wp-json\/wp\/v2\/product\/10749","targetHints":{"allow":["GET"]}}],"collection":[{"href":"https:\/\/www.bobooaza.pl\/index.php\/wp-json\/wp\/v2\/product"}],"about":[{"href":"https:\/\/www.bobooaza.pl\/index.php\/wp-json\/wp\/v2\/types\/product"}],"replies":[{"embeddable":true,"href":"https:\/\/www.bobooaza.pl\/index.php\/wp-json\/wp\/v2\/comments?post=10749"}],"wp:featuredmedia":[{"embeddable":true,"href":"https:\/\/www.bobooaza.pl\/index.php\/wp-json\/wp\/v2\/media\/10748"}],"wp:attachment":[{"href":"https:\/\/www.bobooaza.pl\/index.php\/wp-json\/wp\/v2\/media?parent=10749"}],"wp:term":[{"taxonomy":"product_brand","embeddable":true,"href":"https:\/\/www.bobooaza.pl\/index.php\/wp-json\/wp\/v2\/product_brand?post=10749"},{"taxonomy":"product_cat","embeddable":true,"href":"https:\/\/www.bobooaza.pl\/index.php\/wp-json\/wp\/v2\/product_cat?post=10749"},{"taxonomy":"product_tag","embeddable":true,"href":"https:\/\/www.bobooaza.pl\/index.php\/wp-json\/wp\/v2\/product_tag?post=10749"}],"curies":[{"name":"wp","href":"https:\/\/api.w.org\/{rel}","templated":true}]}}