{"id":10753,"date":"2026-01-06T00:50:13","date_gmt":"2026-01-05T23:50:13","guid":{"rendered":"https:\/\/bobooaza.pl\/index.php\/produkt\/avent-scf091-45-smoczek-ultra-soft-6-18m-bezowy-oliwkowy\/"},"modified":"2026-01-06T01:00:24","modified_gmt":"2026-01-06T00:00:24","slug":"avent-scf091-45-smoczek-ultra-soft-6-18m-bezowy-oliwkowy","status":"publish","type":"product","link":"https:\/\/www.bobooaza.pl\/index.php\/produkt\/avent-scf091-45-smoczek-ultra-soft-6-18m-bezowy-oliwkowy\/","title":{"rendered":"AVENT SCF091\/45 Smoczek Ultra Soft 6-18m be\u017cowy \/ oliwkowy"},"content":{"rendered":"<p>Smoczki Philips Avent Ultra Soft 6-18 m w kolorach be\u017cowym i oliwkowym s\u0105 wyj\u0105tkowo delikatne dla wra\u017cliwej sk\u00f3ry dziecka. Maj\u0105 mi\u0119kk\u0105, elastyczn\u0105 tarczk\u0119, kt\u00f3ra dopasowuje si\u0119 do naturalnych krzywizn twarzy, zmniejszaj\u0105c podra\u017cnienia i nacisk na policzki. Smoczki s\u0105 ortodontyczne, wykonane w 100% z silikonu spo\u017cywczego, wspieraj\u0105 naturalny rozw\u00f3j jamy ustnej, zmniejszaj\u0105 nacisk mi\u0119dzy j\u0119zykiem a podniebieniem i pomagaj\u0105 w prawid\u0142owym u\u0142o\u017ceniu j\u0119zyka. Teksturowana powierzchnia imituje dotyk piersi mamy, co zwi\u0119ksza akceptacj\u0119 smoczka przez niemowl\u0119ta. Produkty powsta\u0142y przy wsp\u00f3\u0142pracy z rodzicami i specjalistami, a 80% materia\u0142\u00f3w u\u017cytych do smoczka i etui pochodzi z surowc\u00f3w ro\u015blinnych. Etui sterylizuj\u0105ce pozwala na szybkie i \u0142atwe czyszczenie w kuchence mikrofalowej w 3 minuty przy zmniejszonej emisji CO2. Smoczki nie zawieraj\u0105 BPA, BPS, ftalan\u00f3w, PVC ani wielopier\u015bcieniowych w\u0119glowodor\u00f3w aromatycznych. W zestawie znajduj\u0105 si\u0119 dwa smoczki ultrami\u0119kkie z etui sterylizuj\u0105cym.<\/p>\n","protected":false},"excerpt":{"rendered":"<p>Smoczki Philips Avent Ultra Soft 6-18 m w kolorach be\u017cowym i oliwkowym s\u0105 wyj\u0105tkowo delikatne dla wra\u017cliwej sk\u00f3ry dziecka. Maj\u0105 mi\u0119kk\u0105, elastyczn\u0105 tarczk\u0119, kt\u00f3ra dopasowuje si\u0119 do naturalnych krzywizn twarzy, zmniejszaj\u0105c podra\u017cnienia i nacisk na policzki. Smoczki s\u0105 ortodontyczne, wykonane w 100% z silikonu spo\u017cywczego, wspieraj\u0105 naturalny rozw\u00f3j jamy ustnej, zmniejszaj\u0105 nacisk mi\u0119dzy j\u0119zykiem a [&hellip;]<\/p>\n","protected":false},"featured_media":10752,"comment_status":"open","ping_status":"closed","template":"","meta":[],"product_brand":[],"product_cat":[76,105,103],"product_tag":[],"class_list":{"0":"post-10753","1":"product","2":"type-product","3":"status-publish","4":"has-post-thumbnail","6":"product_cat-dziecko","7":"product_cat-smoczki","8":"product_cat-smoczki-i-zawieszki","10":"first","11":"instock","12":"taxable","13":"shipping-taxable","14":"purchasable","15":"product-type-simple"},"_links":{"self":[{"href":"https:\/\/www.bobooaza.pl\/index.php\/wp-json\/wp\/v2\/product\/10753","targetHints":{"allow":["GET"]}}],"collection":[{"href":"https:\/\/www.bobooaza.pl\/index.php\/wp-json\/wp\/v2\/product"}],"about":[{"href":"https:\/\/www.bobooaza.pl\/index.php\/wp-json\/wp\/v2\/types\/product"}],"replies":[{"embeddable":true,"href":"https:\/\/www.bobooaza.pl\/index.php\/wp-json\/wp\/v2\/comments?post=10753"}],"wp:featuredmedia":[{"embeddable":true,"href":"https:\/\/www.bobooaza.pl\/index.php\/wp-json\/wp\/v2\/media\/10752"}],"wp:attachment":[{"href":"https:\/\/www.bobooaza.pl\/index.php\/wp-json\/wp\/v2\/media?parent=10753"}],"wp:term":[{"taxonomy":"product_brand","embeddable":true,"href":"https:\/\/www.bobooaza.pl\/index.php\/wp-json\/wp\/v2\/product_brand?post=10753"},{"taxonomy":"product_cat","embeddable":true,"href":"https:\/\/www.bobooaza.pl\/index.php\/wp-json\/wp\/v2\/product_cat?post=10753"},{"taxonomy":"product_tag","embeddable":true,"href":"https:\/\/www.bobooaza.pl\/index.php\/wp-json\/wp\/v2\/product_tag?post=10753"}],"curies":[{"name":"wp","href":"https:\/\/api.w.org\/{rel}","templated":true}]}}