{"id":10755,"date":"2026-01-06T00:50:17","date_gmt":"2026-01-05T23:50:17","guid":{"rendered":"https:\/\/bobooaza.pl\/index.php\/produkt\/avent-scf091-40-smoczek-ultra-soft-0-6m-bezowy-mietowy\/"},"modified":"2026-01-06T01:00:25","modified_gmt":"2026-01-06T00:00:25","slug":"avent-scf091-40-smoczek-ultra-soft-0-6m-bezowy-mietowy","status":"publish","type":"product","link":"https:\/\/www.bobooaza.pl\/index.php\/produkt\/avent-scf091-40-smoczek-ultra-soft-0-6m-bezowy-mietowy\/","title":{"rendered":"AVENT SCF091\/40 Smoczek Ultra Soft 0-6m be\u017cowy \/ mi\u0119towy"},"content":{"rendered":"<p>Smoczki Philips Avent Ultra Soft 0-6 m w kolorach be\u017cowym i mi\u0119towym s\u0105 ultrami\u0119kkie i wyj\u0105tkowo delikatne dla wra\u017cliwej sk\u00f3ry dziecka. Maj\u0105 elastyczn\u0105 tarczk\u0119, kt\u00f3ra dopasowuje si\u0119 do naturalnych krzywizn twarzy, zmniejszaj\u0105c nacisk na policzki i ograniczaj\u0105c podra\u017cnienia. Smoczki s\u0105 ortodontyczne, wykonane w 100% z silikonu spo\u017cywczego, wspieraj\u0105 naturalny rozw\u00f3j jamy ustnej, u\u0142atwiaj\u0105 prawid\u0142owe u\u0142o\u017cenie j\u0119zyka i zmniejszaj\u0105 ryzyko wad zgryzu. Teksturowana powierzchnia imituje dotyk piersi mamy, co zwi\u0119ksza akceptacj\u0119 smoczka przez niemowl\u0119ta (98%). Produkty powsta\u0142y przy wsp\u00f3\u0142pracy z rodzicami i specjalistami, a 80% materia\u0142\u00f3w u\u017cytych do smoczka i etui pochodzi z surowc\u00f3w ro\u015blinnych. Etui sterylizuj\u0105ce umo\u017cliwia szybkie czyszczenie w kuchence mikrofalowej w 3 minuty przy zmniejszonej emisji CO2. Smoczki nie zawieraj\u0105 BPA, BPS, ftalan\u00f3w, PVC ani wielopier\u015bcieniowych w\u0119glowodor\u00f3w aromatycznych. W zestawie znajduj\u0105 si\u0119 dwa smoczki ultrami\u0119kkie z etui sterylizuj\u0105cym.<\/p>\n","protected":false},"excerpt":{"rendered":"<p>Smoczki Philips Avent Ultra Soft 0-6 m w kolorach be\u017cowym i mi\u0119towym s\u0105 ultrami\u0119kkie i wyj\u0105tkowo delikatne dla wra\u017cliwej sk\u00f3ry dziecka. Maj\u0105 elastyczn\u0105 tarczk\u0119, kt\u00f3ra dopasowuje si\u0119 do naturalnych krzywizn twarzy, zmniejszaj\u0105c nacisk na policzki i ograniczaj\u0105c podra\u017cnienia. Smoczki s\u0105 ortodontyczne, wykonane w 100% z silikonu spo\u017cywczego, wspieraj\u0105 naturalny rozw\u00f3j jamy ustnej, u\u0142atwiaj\u0105 prawid\u0142owe u\u0142o\u017cenie [&hellip;]<\/p>\n","protected":false},"featured_media":10754,"comment_status":"open","ping_status":"closed","template":"","meta":[],"product_brand":[],"product_cat":[76,105,103],"product_tag":[],"class_list":{"0":"post-10755","1":"product","2":"type-product","3":"status-publish","4":"has-post-thumbnail","6":"product_cat-dziecko","7":"product_cat-smoczki","8":"product_cat-smoczki-i-zawieszki","10":"first","11":"instock","12":"taxable","13":"shipping-taxable","14":"purchasable","15":"product-type-simple"},"_links":{"self":[{"href":"https:\/\/www.bobooaza.pl\/index.php\/wp-json\/wp\/v2\/product\/10755","targetHints":{"allow":["GET"]}}],"collection":[{"href":"https:\/\/www.bobooaza.pl\/index.php\/wp-json\/wp\/v2\/product"}],"about":[{"href":"https:\/\/www.bobooaza.pl\/index.php\/wp-json\/wp\/v2\/types\/product"}],"replies":[{"embeddable":true,"href":"https:\/\/www.bobooaza.pl\/index.php\/wp-json\/wp\/v2\/comments?post=10755"}],"wp:featuredmedia":[{"embeddable":true,"href":"https:\/\/www.bobooaza.pl\/index.php\/wp-json\/wp\/v2\/media\/10754"}],"wp:attachment":[{"href":"https:\/\/www.bobooaza.pl\/index.php\/wp-json\/wp\/v2\/media?parent=10755"}],"wp:term":[{"taxonomy":"product_brand","embeddable":true,"href":"https:\/\/www.bobooaza.pl\/index.php\/wp-json\/wp\/v2\/product_brand?post=10755"},{"taxonomy":"product_cat","embeddable":true,"href":"https:\/\/www.bobooaza.pl\/index.php\/wp-json\/wp\/v2\/product_cat?post=10755"},{"taxonomy":"product_tag","embeddable":true,"href":"https:\/\/www.bobooaza.pl\/index.php\/wp-json\/wp\/v2\/product_tag?post=10755"}],"curies":[{"name":"wp","href":"https:\/\/api.w.org\/{rel}","templated":true}]}}