{"id":10757,"date":"2026-01-06T00:50:19","date_gmt":"2026-01-05T23:50:19","guid":{"rendered":"https:\/\/bobooaza.pl\/index.php\/produkt\/avent-scf080-24-smoczek-ultra-air-0-6m-tukan-truskawka\/"},"modified":"2026-01-06T01:00:25","modified_gmt":"2026-01-06T00:00:25","slug":"avent-scf080-24-smoczek-ultra-air-0-6m-tukan-truskawka","status":"publish","type":"product","link":"https:\/\/www.bobooaza.pl\/index.php\/produkt\/avent-scf080-24-smoczek-ultra-air-0-6m-tukan-truskawka\/","title":{"rendered":"AVENT SCF080\/24 Smoczek Ultra Air 0-6m tukan \/ truskawka"},"content":{"rendered":"<p>Smoczki Philips Avent Ultra Air 0-6 m w zestawie z motywem tukana i truskawki zapewniaj\u0105 maksymaln\u0105 przewiewno\u015b\u0107 i komfort dzi\u0119ki du\u017cym otworom wentylacyjnym, kt\u00f3re pozwalaj\u0105 sk\u00f3rze dziecka oddycha\u0107 i utrzymuj\u0105 j\u0105 such\u0105. S\u0105 ortodontyczne, wykonane w 100% z silikonu spo\u017cywczego, wspieraj\u0105 naturalny rozw\u00f3j jamy ustnej, zmniejszaj\u0105 nacisk mi\u0119dzy j\u0119zykiem a podniebieniem i redukuj\u0105 ryzyko wad zgryzu. Teksturowana powierzchnia imituje dotyk piersi mamy, co zwi\u0119ksza akceptacj\u0119 smoczka przez dzieci (98%). Produkty powsta\u0142y przy wsp\u00f3\u0142pracy z rodzicami i specjalistami, a 80% materia\u0142\u00f3w u\u017cytych do smoczka i etui pochodzi z surowc\u00f3w ro\u015blinnych. Etui pe\u0142ni funkcj\u0119 sterylizatora \u2013 wystarczy doda\u0107 wod\u0119 i podgrza\u0107 w mikrofal\u00f3wce przez 3 minuty, co pozwala \u0142atwo i higienicznie przygotowa\u0107 smoczki, przy mniejszym wp\u0142ywie na \u015brodowisko. Zestaw zawiera dwa smoczki Ultra Air oraz etui sterylizuj\u0105ce.<\/p>\n","protected":false},"excerpt":{"rendered":"<p>Smoczki Philips Avent Ultra Air 0-6 m w zestawie z motywem tukana i truskawki zapewniaj\u0105 maksymaln\u0105 przewiewno\u015b\u0107 i komfort dzi\u0119ki du\u017cym otworom wentylacyjnym, kt\u00f3re pozwalaj\u0105 sk\u00f3rze dziecka oddycha\u0107 i utrzymuj\u0105 j\u0105 such\u0105. S\u0105 ortodontyczne, wykonane w 100% z silikonu spo\u017cywczego, wspieraj\u0105 naturalny rozw\u00f3j jamy ustnej, zmniejszaj\u0105 nacisk mi\u0119dzy j\u0119zykiem a podniebieniem i redukuj\u0105 ryzyko wad [&hellip;]<\/p>\n","protected":false},"featured_media":10756,"comment_status":"open","ping_status":"closed","template":"","meta":[],"product_brand":[],"product_cat":[76,105,103],"product_tag":[],"class_list":{"0":"post-10757","1":"product","2":"type-product","3":"status-publish","4":"has-post-thumbnail","6":"product_cat-dziecko","7":"product_cat-smoczki","8":"product_cat-smoczki-i-zawieszki","10":"first","11":"instock","12":"taxable","13":"shipping-taxable","14":"purchasable","15":"product-type-simple"},"_links":{"self":[{"href":"https:\/\/www.bobooaza.pl\/index.php\/wp-json\/wp\/v2\/product\/10757","targetHints":{"allow":["GET"]}}],"collection":[{"href":"https:\/\/www.bobooaza.pl\/index.php\/wp-json\/wp\/v2\/product"}],"about":[{"href":"https:\/\/www.bobooaza.pl\/index.php\/wp-json\/wp\/v2\/types\/product"}],"replies":[{"embeddable":true,"href":"https:\/\/www.bobooaza.pl\/index.php\/wp-json\/wp\/v2\/comments?post=10757"}],"wp:featuredmedia":[{"embeddable":true,"href":"https:\/\/www.bobooaza.pl\/index.php\/wp-json\/wp\/v2\/media\/10756"}],"wp:attachment":[{"href":"https:\/\/www.bobooaza.pl\/index.php\/wp-json\/wp\/v2\/media?parent=10757"}],"wp:term":[{"taxonomy":"product_brand","embeddable":true,"href":"https:\/\/www.bobooaza.pl\/index.php\/wp-json\/wp\/v2\/product_brand?post=10757"},{"taxonomy":"product_cat","embeddable":true,"href":"https:\/\/www.bobooaza.pl\/index.php\/wp-json\/wp\/v2\/product_cat?post=10757"},{"taxonomy":"product_tag","embeddable":true,"href":"https:\/\/www.bobooaza.pl\/index.php\/wp-json\/wp\/v2\/product_tag?post=10757"}],"curies":[{"name":"wp","href":"https:\/\/api.w.org\/{rel}","templated":true}]}}