{"id":10759,"date":"2026-01-06T00:50:20","date_gmt":"2026-01-05T23:50:20","guid":{"rendered":"https:\/\/bobooaza.pl\/index.php\/produkt\/avent-scf080-23-smoczek-ultra-air-0-6m-mis-pomarancza\/"},"modified":"2026-01-06T01:00:26","modified_gmt":"2026-01-06T00:00:26","slug":"avent-scf080-23-smoczek-ultra-air-0-6m-mis-pomarancza","status":"publish","type":"product","link":"https:\/\/www.bobooaza.pl\/index.php\/produkt\/avent-scf080-23-smoczek-ultra-air-0-6m-mis-pomarancza\/","title":{"rendered":"AVENT SCF080\/23 Smoczek Ultra Air 0-6m mi\u015b \/ pomara\u0144cza"},"content":{"rendered":"<p>Smoczki Philips Avent Ultra Air 0-6 m z motywem misia i pomara\u0144czy to przewiewne i komfortowe smoczki, kt\u00f3re pozwalaj\u0105 sk\u00f3rze dziecka oddycha\u0107 dzi\u0119ki du\u017cym otworom wentylacyjnym w tarczce. Smoczki s\u0105 ortodontyczne \u2013 wykonane w 100% z silikonu spo\u017cywczego, wspieraj\u0105 naturalny rozw\u00f3j jamy ustnej, redukuj\u0105 nacisk mi\u0119dzy j\u0119zykiem a podniebieniem i zmniejszaj\u0105 ryzyko wad zgryzu. Teksturowana powierzchnia na\u015bladuje dotyk piersi mamy, co zwi\u0119ksza akceptacj\u0119 przez dzieci (98%).<\/p>\n<p>Zestaw jest przyjazny \u015brodowisku \u2013 80% materia\u0142\u00f3w u\u017cytych do smoczka i etui pochodzi z surowc\u00f3w ro\u015blinnych. Etui pe\u0142ni funkcj\u0119 sterylizatora \u2013 wystarczy doda\u0107 wod\u0119 i podgrza\u0107 w mikrofal\u00f3wce przez 3 minuty, co pozwala \u0142atwo i higienicznie przygotowa\u0107 smoczki przy mniejszym wp\u0142ywie na \u015brodowisko.<\/p>\n<p>Zestaw zawiera 2 smoczki Ultra Air oraz etui sterylizuj\u0105ce.<\/p>\n","protected":false},"excerpt":{"rendered":"<p>Smoczki Philips Avent Ultra Air 0-6 m z motywem misia i pomara\u0144czy to przewiewne i komfortowe smoczki, kt\u00f3re pozwalaj\u0105 sk\u00f3rze dziecka oddycha\u0107 dzi\u0119ki du\u017cym otworom wentylacyjnym w tarczce. Smoczki s\u0105 ortodontyczne \u2013 wykonane w 100% z silikonu spo\u017cywczego, wspieraj\u0105 naturalny rozw\u00f3j jamy ustnej, redukuj\u0105 nacisk mi\u0119dzy j\u0119zykiem a podniebieniem i zmniejszaj\u0105 ryzyko wad zgryzu. Teksturowana [&hellip;]<\/p>\n","protected":false},"featured_media":10758,"comment_status":"open","ping_status":"closed","template":"","meta":[],"product_brand":[],"product_cat":[76,105,103],"product_tag":[],"class_list":{"0":"post-10759","1":"product","2":"type-product","3":"status-publish","4":"has-post-thumbnail","6":"product_cat-dziecko","7":"product_cat-smoczki","8":"product_cat-smoczki-i-zawieszki","10":"first","11":"instock","12":"taxable","13":"shipping-taxable","14":"purchasable","15":"product-type-simple"},"_links":{"self":[{"href":"https:\/\/www.bobooaza.pl\/index.php\/wp-json\/wp\/v2\/product\/10759","targetHints":{"allow":["GET"]}}],"collection":[{"href":"https:\/\/www.bobooaza.pl\/index.php\/wp-json\/wp\/v2\/product"}],"about":[{"href":"https:\/\/www.bobooaza.pl\/index.php\/wp-json\/wp\/v2\/types\/product"}],"replies":[{"embeddable":true,"href":"https:\/\/www.bobooaza.pl\/index.php\/wp-json\/wp\/v2\/comments?post=10759"}],"wp:featuredmedia":[{"embeddable":true,"href":"https:\/\/www.bobooaza.pl\/index.php\/wp-json\/wp\/v2\/media\/10758"}],"wp:attachment":[{"href":"https:\/\/www.bobooaza.pl\/index.php\/wp-json\/wp\/v2\/media?parent=10759"}],"wp:term":[{"taxonomy":"product_brand","embeddable":true,"href":"https:\/\/www.bobooaza.pl\/index.php\/wp-json\/wp\/v2\/product_brand?post=10759"},{"taxonomy":"product_cat","embeddable":true,"href":"https:\/\/www.bobooaza.pl\/index.php\/wp-json\/wp\/v2\/product_cat?post=10759"},{"taxonomy":"product_tag","embeddable":true,"href":"https:\/\/www.bobooaza.pl\/index.php\/wp-json\/wp\/v2\/product_tag?post=10759"}],"curies":[{"name":"wp","href":"https:\/\/api.w.org\/{rel}","templated":true}]}}