{"id":10763,"date":"2026-01-06T00:50:22","date_gmt":"2026-01-05T23:50:22","guid":{"rendered":"https:\/\/bobooaza.pl\/index.php\/produkt\/nuk-730898-smoczek-uspokajajacy-0-6m-space-frog-2-szt-541375\/"},"modified":"2026-01-19T21:53:47","modified_gmt":"2026-01-19T20:53:47","slug":"nuk-730898-smoczek-uspokajajacy-0-6m-space-frog-2-szt-541375","status":"publish","type":"product","link":"https:\/\/www.bobooaza.pl\/index.php\/produkt\/nuk-730898-smoczek-uspokajajacy-0-6m-space-frog-2-szt-541375\/","title":{"rendered":"NUK 730898 Smoczek uspokajaj\u0105cy 0-6m SPACE FROG 2 szt. 541375"},"content":{"rendered":"<p>Smoczki NUK 730898 Space Frog 0-6 miesi\u0119cy (2 sztuki) to silikonowe smoczki uspokajaj\u0105ce, zaprojektowane tak, aby jak najlepiej na\u015bladowa\u0107 kszta\u0142t brodawki matki podczas karmienia piersi\u0105 i zapewnia\u0107 komfort dziecku. Sp\u0142aszczona i g\u0142adka gumka od spodu daje przyjemne uczucie w buzi i wi\u0119cej miejsca na naturalne ruchy ss\u0105ce. Du\u017ce otwory wentylacyjne poprawiaj\u0105 cyrkulacj\u0119 powietrza i pozwalaj\u0105 sk\u00f3rze dziecka oddycha\u0107, co jest szczeg\u00f3lnie korzystne dla wra\u017cliwej sk\u00f3ry. Cie\u0144sza i w\u0119\u017csza szyjka smoczka zmniejsza nacisk na szcz\u0119k\u0119 i z\u0119by. Smoczki pakowane s\u0105 w praktyczne, wytrzyma\u0142e pude\u0142ko wielokrotnego u\u017cytku do bezpiecznego przechowywania. W zestawie znajduj\u0105 si\u0119 dwa silikonowe smoczki z motywem \u017baby i T\u0119czy, przeznaczone dla dzieci w wieku 0-6 miesi\u0119cy. Wymiary opakowania to 6 \u00d7 14 \u00d7 5 cm, waga 0,03 kg. Produkt wyprodukowano w Niemczech.<\/p>\n","protected":false},"excerpt":{"rendered":"<p>Smoczki NUK 730898 Space Frog 0-6 miesi\u0119cy (2 sztuki) to silikonowe smoczki uspokajaj\u0105ce, zaprojektowane tak, aby jak najlepiej na\u015bladowa\u0107 kszta\u0142t brodawki matki podczas karmienia piersi\u0105 i zapewnia\u0107 komfort dziecku. Sp\u0142aszczona i g\u0142adka gumka od spodu daje przyjemne uczucie w buzi i wi\u0119cej miejsca na naturalne ruchy ss\u0105ce. Du\u017ce otwory wentylacyjne poprawiaj\u0105 cyrkulacj\u0119 powietrza i pozwalaj\u0105 [&hellip;]<\/p>\n","protected":false},"featured_media":10762,"comment_status":"open","ping_status":"closed","template":"","meta":[],"product_brand":[],"product_cat":[76,105,103],"product_tag":[],"class_list":{"0":"post-10763","1":"product","2":"type-product","3":"status-publish","4":"has-post-thumbnail","6":"product_cat-dziecko","7":"product_cat-smoczki","8":"product_cat-smoczki-i-zawieszki","10":"first","11":"instock","12":"taxable","13":"shipping-taxable","14":"purchasable","15":"product-type-simple"},"_links":{"self":[{"href":"https:\/\/www.bobooaza.pl\/index.php\/wp-json\/wp\/v2\/product\/10763","targetHints":{"allow":["GET"]}}],"collection":[{"href":"https:\/\/www.bobooaza.pl\/index.php\/wp-json\/wp\/v2\/product"}],"about":[{"href":"https:\/\/www.bobooaza.pl\/index.php\/wp-json\/wp\/v2\/types\/product"}],"replies":[{"embeddable":true,"href":"https:\/\/www.bobooaza.pl\/index.php\/wp-json\/wp\/v2\/comments?post=10763"}],"wp:featuredmedia":[{"embeddable":true,"href":"https:\/\/www.bobooaza.pl\/index.php\/wp-json\/wp\/v2\/media\/10762"}],"wp:attachment":[{"href":"https:\/\/www.bobooaza.pl\/index.php\/wp-json\/wp\/v2\/media?parent=10763"}],"wp:term":[{"taxonomy":"product_brand","embeddable":true,"href":"https:\/\/www.bobooaza.pl\/index.php\/wp-json\/wp\/v2\/product_brand?post=10763"},{"taxonomy":"product_cat","embeddable":true,"href":"https:\/\/www.bobooaza.pl\/index.php\/wp-json\/wp\/v2\/product_cat?post=10763"},{"taxonomy":"product_tag","embeddable":true,"href":"https:\/\/www.bobooaza.pl\/index.php\/wp-json\/wp\/v2\/product_tag?post=10763"}],"curies":[{"name":"wp","href":"https:\/\/api.w.org\/{rel}","templated":true}]}}