{"id":10793,"date":"2026-01-06T14:01:27","date_gmt":"2026-01-06T13:01:27","guid":{"rendered":"https:\/\/bobooaza.pl\/index.php\/produkt\/avent-scf349-58-smoczek-ultra-air-18-malpka-zabka\/"},"modified":"2026-01-06T14:46:57","modified_gmt":"2026-01-06T13:46:57","slug":"avent-scf349-58-smoczek-ultra-air-18-malpka-zabka","status":"publish","type":"product","link":"https:\/\/www.bobooaza.pl\/index.php\/produkt\/avent-scf349-58-smoczek-ultra-air-18-malpka-zabka\/","title":{"rendered":"AVENT SCF349\/58 Smoczek Ultra Air 18+ ma\u0142pka \/ \u017cabka"},"content":{"rendered":"<p>AVENT SCF349\/58 Smoczek Ultra Air 18+ to zestaw dw\u00f3ch smoczk\u00f3w Philips Avent w atrakcyjnych wzorach ma\u0142pki i \u017cabki, zaprojektowanych z my\u015bl\u0105 o komforcie i zdrowym rozwoju dziecka powy\u017cej 18. miesi\u0105ca \u017cycia. Model Ultra Air wyr\u00f3\u017cnia si\u0119 wyj\u0105tkowo du\u017cymi otworami wentylacyjnymi, kt\u00f3re pozwalaj\u0105 sk\u00f3rze oddycha\u0107, pomagaj\u0105c utrzyma\u0107 j\u0105 such\u0105 i zmniejszaj\u0105c ryzyko podra\u017cnie\u0144. Dzi\u0119ki temu smoczek zapewnia dziecku ukojenie nawet podczas d\u0142u\u017cszego u\u017cytkowania.<\/p>\n<p>Ortodontyczny kszta\u0142t smoczka, wykonany w 100% z mi\u0119kkiego silikonu spo\u017cywczego, wspiera naturalny rozw\u00f3j jamy ustnej i prawid\u0142owe ruchy mi\u0119\u015bni, jednocze\u015bnie ograniczaj\u0105c nacisk mi\u0119dzy j\u0119zykiem a podniebieniem. Smoczki Philips Avent Ultra Air posiadaj\u0105 niezale\u017cn\u0105 akredytacj\u0119 Oral Health Foundation i s\u0105 wolne od BPA, BPS, ftalan\u00f3w oraz PVC, co potwierdza ich bezpiecze\u0144stwo i wysok\u0105 jako\u015b\u0107. Teksturowana ko\u0144c\u00f3wka zosta\u0142a zaprojektowana tak, aby przypomina\u0107 dotyk piersi mamy, co przek\u0142ada si\u0119 na bardzo wysok\u0105 akceptacj\u0119 w\u015br\u00f3d dzieci.<\/p>\n<p>Produkt jest r\u00f3wnie\u017c przyjazny dla \u015brodowiska \u2013 twarde elementy smoczka oraz do\u0142\u0105czone etui do sterylizacji i przechowywania wykonano w 80% z materia\u0142\u00f3w pochodzenia ro\u015blinnego. Etui umo\u017cliwia szybkie i wygodne sterylizowanie smoczk\u00f3w w kuchence mikrofalowej, co u\u0142atwia codzienn\u0105 higien\u0119 i przygotowanie do u\u017cycia. Zestaw Philips Avent Ultra Air to praktyczny i bezpieczny wyb\u00f3r dla rodzic\u00f3w poszukuj\u0105cych wysokiej jako\u015bci smoczk\u00f3w dla starszych niemowl\u0105t.<\/p>\n","protected":false},"excerpt":{"rendered":"<p>AVENT SCF349\/58 Smoczek Ultra Air 18+ to zestaw dw\u00f3ch smoczk\u00f3w Philips Avent w atrakcyjnych wzorach ma\u0142pki i \u017cabki, zaprojektowanych z my\u015bl\u0105 o komforcie i zdrowym rozwoju dziecka powy\u017cej 18. miesi\u0105ca \u017cycia. Model Ultra Air wyr\u00f3\u017cnia si\u0119 wyj\u0105tkowo du\u017cymi otworami wentylacyjnymi, kt\u00f3re pozwalaj\u0105 sk\u00f3rze oddycha\u0107, pomagaj\u0105c utrzyma\u0107 j\u0105 such\u0105 i zmniejszaj\u0105c ryzyko podra\u017cnie\u0144. Dzi\u0119ki temu smoczek [&hellip;]<\/p>\n","protected":false},"featured_media":10792,"comment_status":"open","ping_status":"closed","template":"","meta":[],"product_brand":[],"product_cat":[76,105,103],"product_tag":[],"class_list":{"0":"post-10793","1":"product","2":"type-product","3":"status-publish","4":"has-post-thumbnail","6":"product_cat-dziecko","7":"product_cat-smoczki","8":"product_cat-smoczki-i-zawieszki","10":"first","11":"instock","12":"taxable","13":"shipping-taxable","14":"purchasable","15":"product-type-simple"},"_links":{"self":[{"href":"https:\/\/www.bobooaza.pl\/index.php\/wp-json\/wp\/v2\/product\/10793","targetHints":{"allow":["GET"]}}],"collection":[{"href":"https:\/\/www.bobooaza.pl\/index.php\/wp-json\/wp\/v2\/product"}],"about":[{"href":"https:\/\/www.bobooaza.pl\/index.php\/wp-json\/wp\/v2\/types\/product"}],"replies":[{"embeddable":true,"href":"https:\/\/www.bobooaza.pl\/index.php\/wp-json\/wp\/v2\/comments?post=10793"}],"wp:featuredmedia":[{"embeddable":true,"href":"https:\/\/www.bobooaza.pl\/index.php\/wp-json\/wp\/v2\/media\/10792"}],"wp:attachment":[{"href":"https:\/\/www.bobooaza.pl\/index.php\/wp-json\/wp\/v2\/media?parent=10793"}],"wp:term":[{"taxonomy":"product_brand","embeddable":true,"href":"https:\/\/www.bobooaza.pl\/index.php\/wp-json\/wp\/v2\/product_brand?post=10793"},{"taxonomy":"product_cat","embeddable":true,"href":"https:\/\/www.bobooaza.pl\/index.php\/wp-json\/wp\/v2\/product_cat?post=10793"},{"taxonomy":"product_tag","embeddable":true,"href":"https:\/\/www.bobooaza.pl\/index.php\/wp-json\/wp\/v2\/product_tag?post=10793"}],"curies":[{"name":"wp","href":"https:\/\/api.w.org\/{rel}","templated":true}]}}