{"id":10795,"date":"2026-01-06T14:32:40","date_gmt":"2026-01-06T13:32:40","guid":{"rendered":"https:\/\/bobooaza.pl\/index.php\/produkt\/lovi-34-400-smoczek-silikonowy-dynamiczny-prime-0-6m-1-szt-coconut\/"},"modified":"2026-01-19T21:53:50","modified_gmt":"2026-01-19T20:53:50","slug":"lovi-34-400-smoczek-silikonowy-dynamiczny-prime-0-6m-1-szt-coconut","status":"publish","type":"product","link":"https:\/\/www.bobooaza.pl\/index.php\/produkt\/lovi-34-400-smoczek-silikonowy-dynamiczny-prime-0-6m-1-szt-coconut\/","title":{"rendered":"LOVI 34\/400 Smoczek silikonowy dynamiczny Prime 0-6m 1 szt Coconut"},"content":{"rendered":"<p>LOVI 34\/400 Smoczek silikonowy dynamiczny Prime 0-6m Coconut to pojedynczy smoczek przeznaczony dla dzieci od urodzenia do 6 miesi\u0105ca \u017cycia. Smoczek ma dynamiczn\u0105 gumk\u0119 wykonan\u0105 z silikonu o r\u00f3\u017cnej grubo\u015bci, kt\u00f3ra rozci\u0105ga si\u0119 i kurczy zgodnie z rytmem ssania dziecka, chroni\u0105c jego odruch ssania i nie zaburzaj\u0105c karmienia piersi\u0105. Gumka jest symetryczna i inspirowana kszta\u0142tem brodawki sutkowej, co zapewnia dziecku znajome odczucia. Wyprofilowana tarczka umo\u017cliwia swobodne oddychanie przez nos i prze\u0142ykanie \u015bliny, minimalizuj\u0105c ryzyko podra\u017cnie\u0144 sk\u00f3ry. Smoczek jest lekki, a gumka silikonowa nie odkszta\u0142ca si\u0119 w buzi, sp\u0142aszczona gumka i cienka szyjka daj\u0105 dziecku odpowiedni\u0105 przestrze\u0144 w buzi na prawid\u0142ow\u0105 prac\u0119 j\u0119zyka i domykanie ust, wspieraj\u0105c rozw\u00f3j mowy i zgryzu przy przestrzeganiu zalece\u0144 ortodontycznych i neurologopedycznych. Smoczek sprzedawany jest w praktycznym opakowaniu, kt\u00f3re mo\u017ce s\u0142u\u017cy\u0107 jako etui do sterylizacji, a jego kolor Coconut nadaje mu elegancki, modny wygl\u0105d.<\/p>\n","protected":false},"excerpt":{"rendered":"<p>LOVI 34\/400 Smoczek silikonowy dynamiczny Prime 0-6m Coconut to pojedynczy smoczek przeznaczony dla dzieci od urodzenia do 6 miesi\u0105ca \u017cycia. Smoczek ma dynamiczn\u0105 gumk\u0119 wykonan\u0105 z silikonu o r\u00f3\u017cnej grubo\u015bci, kt\u00f3ra rozci\u0105ga si\u0119 i kurczy zgodnie z rytmem ssania dziecka, chroni\u0105c jego odruch ssania i nie zaburzaj\u0105c karmienia piersi\u0105. Gumka jest symetryczna i inspirowana kszta\u0142tem [&hellip;]<\/p>\n","protected":false},"featured_media":10794,"comment_status":"open","ping_status":"closed","template":"","meta":[],"product_brand":[],"product_cat":[76,105,103],"product_tag":[],"class_list":{"0":"post-10795","1":"product","2":"type-product","3":"status-publish","4":"has-post-thumbnail","6":"product_cat-dziecko","7":"product_cat-smoczki","8":"product_cat-smoczki-i-zawieszki","10":"first","11":"instock","12":"taxable","13":"shipping-taxable","14":"purchasable","15":"product-type-simple"},"_links":{"self":[{"href":"https:\/\/www.bobooaza.pl\/index.php\/wp-json\/wp\/v2\/product\/10795","targetHints":{"allow":["GET"]}}],"collection":[{"href":"https:\/\/www.bobooaza.pl\/index.php\/wp-json\/wp\/v2\/product"}],"about":[{"href":"https:\/\/www.bobooaza.pl\/index.php\/wp-json\/wp\/v2\/types\/product"}],"replies":[{"embeddable":true,"href":"https:\/\/www.bobooaza.pl\/index.php\/wp-json\/wp\/v2\/comments?post=10795"}],"wp:featuredmedia":[{"embeddable":true,"href":"https:\/\/www.bobooaza.pl\/index.php\/wp-json\/wp\/v2\/media\/10794"}],"wp:attachment":[{"href":"https:\/\/www.bobooaza.pl\/index.php\/wp-json\/wp\/v2\/media?parent=10795"}],"wp:term":[{"taxonomy":"product_brand","embeddable":true,"href":"https:\/\/www.bobooaza.pl\/index.php\/wp-json\/wp\/v2\/product_brand?post=10795"},{"taxonomy":"product_cat","embeddable":true,"href":"https:\/\/www.bobooaza.pl\/index.php\/wp-json\/wp\/v2\/product_cat?post=10795"},{"taxonomy":"product_tag","embeddable":true,"href":"https:\/\/www.bobooaza.pl\/index.php\/wp-json\/wp\/v2\/product_tag?post=10795"}],"curies":[{"name":"wp","href":"https:\/\/api.w.org\/{rel}","templated":true}]}}