{"id":10797,"date":"2026-01-06T14:32:41","date_gmt":"2026-01-06T13:32:41","guid":{"rendered":"https:\/\/bobooaza.pl\/index.php\/produkt\/lovi-34-402-smoczek-silikonowy-dynamiczny-prime-6-18m-2-szt-coconut-ivory\/"},"modified":"2026-01-19T21:53:51","modified_gmt":"2026-01-19T20:53:51","slug":"lovi-34-402-smoczek-silikonowy-dynamiczny-prime-6-18m-2-szt-coconut-ivory","status":"publish","type":"product","link":"https:\/\/www.bobooaza.pl\/index.php\/produkt\/lovi-34-402-smoczek-silikonowy-dynamiczny-prime-6-18m-2-szt-coconut-ivory\/","title":{"rendered":"LOVI 34\/402 Smoczek silikonowy dynamiczny Prime 6-18m 2 szt Coconut\/Ivory"},"content":{"rendered":"<p>LOVI 34\/402 Smoczek silikonowy dynamiczny Prime 6-18m Coconut\/Ivory to zestaw dw\u00f3ch smoczk\u00f3w przeznaczonych dla dzieci w wieku od 6 do 18 miesi\u0119cy. Smoczki maj\u0105 dynamiczn\u0105 gumk\u0119 wykonan\u0105 z silikonu o r\u00f3\u017cnej grubo\u015bci, kt\u00f3ra rozci\u0105ga si\u0119 i kurczy zgodnie z rytmem ssania dziecka, chroni\u0105c jego odruch ssania i wspieraj\u0105c karmienie piersi\u0105. Gumka jest symetryczna i inspirowana kszta\u0142tem brodawki sutkowej, co zapewnia dziecku znajome odczucia. Wyprofilowana tarczka u\u0142atwia oddychanie przez nos, prze\u0142ykanie \u015bliny i minimalizuje ryzyko podra\u017cnie\u0144 sk\u00f3ry. Smoczki s\u0105 lekkie, a silikonowa gumka nie odkszta\u0142ca si\u0119 w buzi. Sp\u0142aszczona gumka i cienka szyjka zapewniaj\u0105 dziecku odpowiedni\u0105 przestrze\u0144 w buzi na prawid\u0142ow\u0105 prac\u0119 j\u0119zyka i domykanie ust, co wspiera rozw\u00f3j mowy i zgryzu przy przestrzeganiu zalece\u0144 ortodontycznych i neurologopedycznych. Smoczki sprzedawane s\u0105 w praktycznym opakowaniu, kt\u00f3re mo\u017ce s\u0142u\u017cy\u0107 jako etui do sterylizacji, a ich kolor Coconut\/Ivory nadaje im elegancki, modny wygl\u0105d.<\/p>\n","protected":false},"excerpt":{"rendered":"<p>LOVI 34\/402 Smoczek silikonowy dynamiczny Prime 6-18m Coconut\/Ivory to zestaw dw\u00f3ch smoczk\u00f3w przeznaczonych dla dzieci w wieku od 6 do 18 miesi\u0119cy. Smoczki maj\u0105 dynamiczn\u0105 gumk\u0119 wykonan\u0105 z silikonu o r\u00f3\u017cnej grubo\u015bci, kt\u00f3ra rozci\u0105ga si\u0119 i kurczy zgodnie z rytmem ssania dziecka, chroni\u0105c jego odruch ssania i wspieraj\u0105c karmienie piersi\u0105. Gumka jest symetryczna i inspirowana [&hellip;]<\/p>\n","protected":false},"featured_media":10796,"comment_status":"open","ping_status":"closed","template":"","meta":[],"product_brand":[],"product_cat":[76,105,103],"product_tag":[],"class_list":{"0":"post-10797","1":"product","2":"type-product","3":"status-publish","4":"has-post-thumbnail","6":"product_cat-dziecko","7":"product_cat-smoczki","8":"product_cat-smoczki-i-zawieszki","10":"first","11":"instock","12":"taxable","13":"shipping-taxable","14":"purchasable","15":"product-type-simple"},"_links":{"self":[{"href":"https:\/\/www.bobooaza.pl\/index.php\/wp-json\/wp\/v2\/product\/10797","targetHints":{"allow":["GET"]}}],"collection":[{"href":"https:\/\/www.bobooaza.pl\/index.php\/wp-json\/wp\/v2\/product"}],"about":[{"href":"https:\/\/www.bobooaza.pl\/index.php\/wp-json\/wp\/v2\/types\/product"}],"replies":[{"embeddable":true,"href":"https:\/\/www.bobooaza.pl\/index.php\/wp-json\/wp\/v2\/comments?post=10797"}],"wp:featuredmedia":[{"embeddable":true,"href":"https:\/\/www.bobooaza.pl\/index.php\/wp-json\/wp\/v2\/media\/10796"}],"wp:attachment":[{"href":"https:\/\/www.bobooaza.pl\/index.php\/wp-json\/wp\/v2\/media?parent=10797"}],"wp:term":[{"taxonomy":"product_brand","embeddable":true,"href":"https:\/\/www.bobooaza.pl\/index.php\/wp-json\/wp\/v2\/product_brand?post=10797"},{"taxonomy":"product_cat","embeddable":true,"href":"https:\/\/www.bobooaza.pl\/index.php\/wp-json\/wp\/v2\/product_cat?post=10797"},{"taxonomy":"product_tag","embeddable":true,"href":"https:\/\/www.bobooaza.pl\/index.php\/wp-json\/wp\/v2\/product_tag?post=10797"}],"curies":[{"name":"wp","href":"https:\/\/api.w.org\/{rel}","templated":true}]}}