{"id":10803,"date":"2026-01-06T14:32:48","date_gmt":"2026-01-06T13:32:48","guid":{"rendered":"https:\/\/bobooaza.pl\/index.php\/produkt\/lovi-34-405-smoczek-silikonowy-dynamiczny-prime-0-6m-1-szt-blusz\/"},"modified":"2026-01-19T21:53:52","modified_gmt":"2026-01-19T20:53:52","slug":"lovi-34-405-smoczek-silikonowy-dynamiczny-prime-0-6m-1-szt-blusz","status":"publish","type":"product","link":"https:\/\/www.bobooaza.pl\/index.php\/produkt\/lovi-34-405-smoczek-silikonowy-dynamiczny-prime-0-6m-1-szt-blusz\/","title":{"rendered":"LOVI 34\/405 Smoczek silikonowy dynamiczny Prime 0-6m 1 szt Blusz"},"content":{"rendered":"<p>LOVI 34\/405 Smoczek silikonowy dynamiczny Prime 0-6m Blusz to pojedynczy smoczek przeznaczony dla niemowl\u0105t w wieku od 0 do 6 miesi\u0119cy. Smoczek ma dynamiczn\u0105 gumk\u0119 wykonan\u0105 z silikonu o r\u00f3\u017cnej grubo\u015bci, kt\u00f3ra rozci\u0105ga si\u0119 i kurczy zgodnie z rytmem ssania dziecka, chroni\u0105c jego naturalny odruch ssania i nie zaburzaj\u0105c karmienia piersi\u0105. Gumka jest symetryczna, inspirowana kszta\u0142tem brodawki sutkowej, co daje dziecku znajome odczucia. Wyprofilowana tarczka umo\u017cliwia swobodne oddychanie przez nos, u\u0142atwia prze\u0142ykanie \u015bliny i minimalizuje podra\u017cnienia sk\u00f3ry. Smoczek jest lekki, a silikonowa gumka nie odkszta\u0142ca si\u0119 w buzi, a sp\u0142aszczona gumka i cienka szyjka zapewniaj\u0105 odpowiedni\u0105 przestrze\u0144 w buzi na prawid\u0142ow\u0105 prac\u0119 j\u0119zyka i domykanie ust, wspieraj\u0105c rozw\u00f3j mowy i zgryzu przy przestrzeganiu zalece\u0144 ortodontycznych i neurologopedycznych. Smoczek sprzedawany jest w praktycznym opakowaniu, kt\u00f3re mo\u017ce s\u0142u\u017cy\u0107 jako etui do sterylizacji, a jego kolor Blusz sprawia, \u017ce stanowi modny dodatek do stroju dziecka.<\/p>\n","protected":false},"excerpt":{"rendered":"<p>LOVI 34\/405 Smoczek silikonowy dynamiczny Prime 0-6m Blusz to pojedynczy smoczek przeznaczony dla niemowl\u0105t w wieku od 0 do 6 miesi\u0119cy. Smoczek ma dynamiczn\u0105 gumk\u0119 wykonan\u0105 z silikonu o r\u00f3\u017cnej grubo\u015bci, kt\u00f3ra rozci\u0105ga si\u0119 i kurczy zgodnie z rytmem ssania dziecka, chroni\u0105c jego naturalny odruch ssania i nie zaburzaj\u0105c karmienia piersi\u0105. Gumka jest symetryczna, inspirowana [&hellip;]<\/p>\n","protected":false},"featured_media":10802,"comment_status":"open","ping_status":"closed","template":"","meta":[],"product_brand":[],"product_cat":[76,105,103],"product_tag":[],"class_list":{"0":"post-10803","1":"product","2":"type-product","3":"status-publish","4":"has-post-thumbnail","6":"product_cat-dziecko","7":"product_cat-smoczki","8":"product_cat-smoczki-i-zawieszki","10":"first","11":"instock","12":"taxable","13":"shipping-taxable","14":"purchasable","15":"product-type-simple"},"_links":{"self":[{"href":"https:\/\/www.bobooaza.pl\/index.php\/wp-json\/wp\/v2\/product\/10803","targetHints":{"allow":["GET"]}}],"collection":[{"href":"https:\/\/www.bobooaza.pl\/index.php\/wp-json\/wp\/v2\/product"}],"about":[{"href":"https:\/\/www.bobooaza.pl\/index.php\/wp-json\/wp\/v2\/types\/product"}],"replies":[{"embeddable":true,"href":"https:\/\/www.bobooaza.pl\/index.php\/wp-json\/wp\/v2\/comments?post=10803"}],"wp:featuredmedia":[{"embeddable":true,"href":"https:\/\/www.bobooaza.pl\/index.php\/wp-json\/wp\/v2\/media\/10802"}],"wp:attachment":[{"href":"https:\/\/www.bobooaza.pl\/index.php\/wp-json\/wp\/v2\/media?parent=10803"}],"wp:term":[{"taxonomy":"product_brand","embeddable":true,"href":"https:\/\/www.bobooaza.pl\/index.php\/wp-json\/wp\/v2\/product_brand?post=10803"},{"taxonomy":"product_cat","embeddable":true,"href":"https:\/\/www.bobooaza.pl\/index.php\/wp-json\/wp\/v2\/product_cat?post=10803"},{"taxonomy":"product_tag","embeddable":true,"href":"https:\/\/www.bobooaza.pl\/index.php\/wp-json\/wp\/v2\/product_tag?post=10803"}],"curies":[{"name":"wp","href":"https:\/\/api.w.org\/{rel}","templated":true}]}}