{"id":10805,"date":"2026-01-06T14:32:52","date_gmt":"2026-01-06T13:32:52","guid":{"rendered":"https:\/\/bobooaza.pl\/index.php\/produkt\/lovi-34-406-smoczek-silikonowy-dynamiczny-prime-6-18m-2-szt-nude-blush\/"},"modified":"2026-01-19T21:53:53","modified_gmt":"2026-01-19T20:53:53","slug":"lovi-34-406-smoczek-silikonowy-dynamiczny-prime-6-18m-2-szt-nude-blush","status":"publish","type":"product","link":"https:\/\/www.bobooaza.pl\/index.php\/produkt\/lovi-34-406-smoczek-silikonowy-dynamiczny-prime-6-18m-2-szt-nude-blush\/","title":{"rendered":"LOVI 34\/406 Smoczek silikonowy dynamiczny Prime 6-18m 2 szt Nude\/Blush"},"content":{"rendered":"<p>LOVI 34\/406 Smoczek silikonowy dynamiczny Prime 6-18m Nude\/Blush to zestaw dw\u00f3ch smoczk\u00f3w przeznaczonych dla dzieci w wieku od 6 do 18 miesi\u0119cy. Smoczek ma dynamiczn\u0105 gumk\u0119 wykonan\u0105 z silikonu o r\u00f3\u017cnej grubo\u015bci, kt\u00f3ra rozci\u0105ga si\u0119 i kurczy zgodnie z rytmem ssania dziecka, chroni\u0105c jego naturalny odruch ssania i nie zaburzaj\u0105c karmienia piersi\u0105. Gumka ma symetryczny kszta\u0142t inspirowany brodawk\u0105 sutkow\u0105, co daje dziecku znajome odczucia. Wyprofilowana tarczka smoczka umo\u017cliwia swobodne oddychanie przez nos, u\u0142atwia prze\u0142ykanie \u015bliny i minimalizuje podra\u017cnienia sk\u00f3ry. Smoczek jest lekki, a silikonowa gumka nie odkszta\u0142ca si\u0119 w buzi podczas u\u017cytkowania. Sp\u0142aszczona gumka i cienka szyjka zapewniaj\u0105 dziecku odpowiedni\u0105 ilo\u015b\u0107 miejsca w buzi na prawid\u0142ow\u0105 prac\u0119 j\u0119zyka i domykanie ust, wspieraj\u0105c rozw\u00f3j mowy i zgryzu przy przestrzeganiu zalece\u0144 ortodontycznych i neurologopedycznych. Smoczki sprzedawane s\u0105 w praktycznym opakowaniu, kt\u00f3re mo\u017ce s\u0142u\u017cy\u0107 jako etui do sterylizacji, a ich modne kolory Nude\/Blush sprawiaj\u0105, \u017ce stanowi\u0105 atrakcyjny dodatek do stroju dziecka.<\/p>\n","protected":false},"excerpt":{"rendered":"<p>LOVI 34\/406 Smoczek silikonowy dynamiczny Prime 6-18m Nude\/Blush to zestaw dw\u00f3ch smoczk\u00f3w przeznaczonych dla dzieci w wieku od 6 do 18 miesi\u0119cy. Smoczek ma dynamiczn\u0105 gumk\u0119 wykonan\u0105 z silikonu o r\u00f3\u017cnej grubo\u015bci, kt\u00f3ra rozci\u0105ga si\u0119 i kurczy zgodnie z rytmem ssania dziecka, chroni\u0105c jego naturalny odruch ssania i nie zaburzaj\u0105c karmienia piersi\u0105. Gumka ma symetryczny [&hellip;]<\/p>\n","protected":false},"featured_media":10804,"comment_status":"open","ping_status":"closed","template":"","meta":[],"product_brand":[],"product_cat":[76,105,103],"product_tag":[],"class_list":{"0":"post-10805","1":"product","2":"type-product","3":"status-publish","4":"has-post-thumbnail","6":"product_cat-dziecko","7":"product_cat-smoczki","8":"product_cat-smoczki-i-zawieszki","10":"first","11":"instock","12":"taxable","13":"shipping-taxable","14":"purchasable","15":"product-type-simple"},"_links":{"self":[{"href":"https:\/\/www.bobooaza.pl\/index.php\/wp-json\/wp\/v2\/product\/10805","targetHints":{"allow":["GET"]}}],"collection":[{"href":"https:\/\/www.bobooaza.pl\/index.php\/wp-json\/wp\/v2\/product"}],"about":[{"href":"https:\/\/www.bobooaza.pl\/index.php\/wp-json\/wp\/v2\/types\/product"}],"replies":[{"embeddable":true,"href":"https:\/\/www.bobooaza.pl\/index.php\/wp-json\/wp\/v2\/comments?post=10805"}],"wp:featuredmedia":[{"embeddable":true,"href":"https:\/\/www.bobooaza.pl\/index.php\/wp-json\/wp\/v2\/media\/10804"}],"wp:attachment":[{"href":"https:\/\/www.bobooaza.pl\/index.php\/wp-json\/wp\/v2\/media?parent=10805"}],"wp:term":[{"taxonomy":"product_brand","embeddable":true,"href":"https:\/\/www.bobooaza.pl\/index.php\/wp-json\/wp\/v2\/product_brand?post=10805"},{"taxonomy":"product_cat","embeddable":true,"href":"https:\/\/www.bobooaza.pl\/index.php\/wp-json\/wp\/v2\/product_cat?post=10805"},{"taxonomy":"product_tag","embeddable":true,"href":"https:\/\/www.bobooaza.pl\/index.php\/wp-json\/wp\/v2\/product_tag?post=10805"}],"curies":[{"name":"wp","href":"https:\/\/api.w.org\/{rel}","templated":true}]}}