{"id":10809,"date":"2026-01-06T14:33:00","date_gmt":"2026-01-06T13:33:00","guid":{"rendered":"https:\/\/bobooaza.pl\/index.php\/produkt\/lovi-34-410-smoczek-silikonowy-dynamiczny-prime-6-18m-2-szt-granola-orange\/"},"modified":"2026-01-06T14:46:25","modified_gmt":"2026-01-06T13:46:25","slug":"lovi-34-410-smoczek-silikonowy-dynamiczny-prime-6-18m-2-szt-granola-orange","status":"publish","type":"product","link":"https:\/\/www.bobooaza.pl\/index.php\/produkt\/lovi-34-410-smoczek-silikonowy-dynamiczny-prime-6-18m-2-szt-granola-orange\/","title":{"rendered":"LOVI 34\/410 Smoczek silikonowy dynamiczny Prime 6-18m 2 szt Granola\/Orange"},"content":{"rendered":"<p>LOVI 34\/410 Smoczek silikonowy dynamiczny Prime 6-18m Granola\/Orange to zestaw dw\u00f3ch smoczk\u00f3w przeznaczonych dla dzieci w wieku od 6 do 18 miesi\u0119cy. Dynamiczna gumka wykonana z silikonu o r\u00f3\u017cnej grubo\u015bci rozci\u0105ga si\u0119 i kurczy zgodnie z rytmem ssania dziecka, chroni\u0105c naturalny odruch ssania i nie zaburzaj\u0105c karmienia piersi\u0105. Smoczek ma symetryczny kszta\u0142t gumki inspirowany brodawk\u0105 sutkow\u0105, co zapewnia dziecku znajome odczucia. Profilowana tarczka umo\u017cliwia swobodne oddychanie przez nos, u\u0142atwia prze\u0142ykanie \u015bliny i minimalizuje podra\u017cnienia sk\u00f3ry. Smoczek jest lekki, dzi\u0119ki czemu nie obci\u0105\u017ca zgryzu dziecka, a silikonowa gumka nie odkszta\u0142ca si\u0119 w buzi podczas u\u017cytkowania. Dodatkowo, sp\u0142aszczona gumka i cienka szyjka zapewniaj\u0105 dziecku odpowiedni\u0105 ilo\u015b\u0107 miejsca w buzi na prawid\u0142ow\u0105 prac\u0119 j\u0119zyka i domykanie ust, co wspiera rozw\u00f3j mowy i zgryzu przy przestrzeganiu zalece\u0144 ortodontycznych i neurologopedycznych. Smoczek sprzedawany jest w praktycznym opakowaniu, kt\u00f3re mo\u017ce s\u0142u\u017cy\u0107 jako etui do sterylizacji, a jego modne kolory Granola\/Orange czyni\u0105 go atrakcyjnym dodatkiem do stroju dziecka.<\/p>\n","protected":false},"excerpt":{"rendered":"<p>LOVI 34\/410 Smoczek silikonowy dynamiczny Prime 6-18m Granola\/Orange to zestaw dw\u00f3ch smoczk\u00f3w przeznaczonych dla dzieci w wieku od 6 do 18 miesi\u0119cy. Dynamiczna gumka wykonana z silikonu o r\u00f3\u017cnej grubo\u015bci rozci\u0105ga si\u0119 i kurczy zgodnie z rytmem ssania dziecka, chroni\u0105c naturalny odruch ssania i nie zaburzaj\u0105c karmienia piersi\u0105. Smoczek ma symetryczny kszta\u0142t gumki inspirowany brodawk\u0105 [&hellip;]<\/p>\n","protected":false},"featured_media":10808,"comment_status":"open","ping_status":"closed","template":"","meta":[],"product_brand":[],"product_cat":[76,105,103],"product_tag":[],"class_list":{"0":"post-10809","1":"product","2":"type-product","3":"status-publish","4":"has-post-thumbnail","6":"product_cat-dziecko","7":"product_cat-smoczki","8":"product_cat-smoczki-i-zawieszki","10":"first","11":"instock","12":"taxable","13":"shipping-taxable","14":"purchasable","15":"product-type-simple"},"_links":{"self":[{"href":"https:\/\/www.bobooaza.pl\/index.php\/wp-json\/wp\/v2\/product\/10809","targetHints":{"allow":["GET"]}}],"collection":[{"href":"https:\/\/www.bobooaza.pl\/index.php\/wp-json\/wp\/v2\/product"}],"about":[{"href":"https:\/\/www.bobooaza.pl\/index.php\/wp-json\/wp\/v2\/types\/product"}],"replies":[{"embeddable":true,"href":"https:\/\/www.bobooaza.pl\/index.php\/wp-json\/wp\/v2\/comments?post=10809"}],"wp:featuredmedia":[{"embeddable":true,"href":"https:\/\/www.bobooaza.pl\/index.php\/wp-json\/wp\/v2\/media\/10808"}],"wp:attachment":[{"href":"https:\/\/www.bobooaza.pl\/index.php\/wp-json\/wp\/v2\/media?parent=10809"}],"wp:term":[{"taxonomy":"product_brand","embeddable":true,"href":"https:\/\/www.bobooaza.pl\/index.php\/wp-json\/wp\/v2\/product_brand?post=10809"},{"taxonomy":"product_cat","embeddable":true,"href":"https:\/\/www.bobooaza.pl\/index.php\/wp-json\/wp\/v2\/product_cat?post=10809"},{"taxonomy":"product_tag","embeddable":true,"href":"https:\/\/www.bobooaza.pl\/index.php\/wp-json\/wp\/v2\/product_tag?post=10809"}],"curies":[{"name":"wp","href":"https:\/\/api.w.org\/{rel}","templated":true}]}}