{"id":10811,"date":"2026-01-06T14:33:03","date_gmt":"2026-01-06T13:33:03","guid":{"rendered":"https:\/\/bobooaza.pl\/index.php\/produkt\/lovi-34-411-smoczek-silikonowy-dynamiczny-prime-18m-2-szt-granola-orange\/"},"modified":"2026-01-19T21:53:53","modified_gmt":"2026-01-19T20:53:53","slug":"lovi-34-411-smoczek-silikonowy-dynamiczny-prime-18m-2-szt-granola-orange","status":"publish","type":"product","link":"https:\/\/www.bobooaza.pl\/index.php\/produkt\/lovi-34-411-smoczek-silikonowy-dynamiczny-prime-18m-2-szt-granola-orange\/","title":{"rendered":"LOVI 34\/411 Smoczek silikonowy dynamiczny Prime 18+m 2 szt Granola\/Orange"},"content":{"rendered":"<p>LOVI 34\/411 Smoczek silikonowy dynamiczny Prime 18m+ Granola\/Orange to zestaw dw\u00f3ch smoczk\u00f3w przeznaczonych dla starszych dzieci powy\u017cej 18 miesi\u0105ca \u017cycia. Produkt \u0142\u0105czy bezpiecze\u0144stwo, komfort i nowoczesny design, przy zachowaniu odpowiednich standard\u00f3w ortodontycznych.<\/p>\n<p>Najwa\u017cniejsze cechy:<\/p>\n<p>Dynamiczna gumka \u2013 silikon o r\u00f3\u017cnej grubo\u015bci rozci\u0105ga si\u0119 i kurczy zgodnie z rytmem ssania dziecka, chroni\u0105c naturalny odruch ssania.<br \/>\nBezpieczny dla karmienia piersi\u0105 \u2013 smoczek nie zaburza naturalnego ssania i przyzwyczaje\u0144 dziecka.<br \/>\nRozw\u00f3j mowy i zgryzu \u2013 sp\u0142aszczona gumka i cienka szyjka zapewniaj\u0105 dziecku miejsce w buzi na prawid\u0142ow\u0105 prac\u0119 j\u0119zyka i domykanie ust, przy zachowaniu zalece\u0144 ortodontycznych i neurologopedycznych.<br \/>\nSymetryczny kszta\u0142t gumki\u2013 inspirowany brodawk\u0105 sutkow\u0105, zapewnia znajome odczucia ssania.<br \/>\nProfilowana tarczka \u2013 umo\u017cliwia swobodne oddychanie przez nos, u\u0142atwia prze\u0142ykanie \u015bliny i minimalizuje podra\u017cnienia sk\u00f3ry.<br \/>\nLekki smoczek\u2013 nie obci\u0105\u017ca zgryzu dziecka.<br \/>\nOdporno\u015b\u0107 gumki \u2013 silikon nie odkszta\u0142ca si\u0119 w buzi dziecka podczas u\u017cytkowania.<br \/>\nPraktyczne opakowanie \u2013 s\u0142u\u017cy r\u00f3wnie\u017c do przechowywania i sterylizacji smoczka.<br \/>\nDesign \u2013 modne kolory Granola\/Orange idealnie pasuj\u0105 do stroju dziecka.<\/p>\n<p>Dla kogo:<\/p>\n<p>* Dzieci powy\u017cej 18 miesi\u0119cy, kt\u00f3re potrzebuj\u0105 smoczka wspieraj\u0105cego naturalny odruch ssania, komfort w jamie ustnej i atrakcyjny wygl\u0105d.<\/p>\n<p>Jest to smoczek, kt\u00f3ry \u0142\u0105czy funkcjonalno\u015b\u0107 z bezpiecze\u0144stwem, a przy tym atrakcyjny design zach\u0119ca dziecko do jego u\u017cywania.<\/p>\n","protected":false},"excerpt":{"rendered":"<p>LOVI 34\/411 Smoczek silikonowy dynamiczny Prime 18m+ Granola\/Orange to zestaw dw\u00f3ch smoczk\u00f3w przeznaczonych dla starszych dzieci powy\u017cej 18 miesi\u0105ca \u017cycia. Produkt \u0142\u0105czy bezpiecze\u0144stwo, komfort i nowoczesny design, przy zachowaniu odpowiednich standard\u00f3w ortodontycznych. Najwa\u017cniejsze cechy: Dynamiczna gumka \u2013 silikon o r\u00f3\u017cnej grubo\u015bci rozci\u0105ga si\u0119 i kurczy zgodnie z rytmem ssania dziecka, chroni\u0105c naturalny odruch ssania. Bezpieczny [&hellip;]<\/p>\n","protected":false},"featured_media":10810,"comment_status":"open","ping_status":"closed","template":"","meta":[],"product_brand":[],"product_cat":[76,105,103],"product_tag":[],"class_list":{"0":"post-10811","1":"product","2":"type-product","3":"status-publish","4":"has-post-thumbnail","6":"product_cat-dziecko","7":"product_cat-smoczki","8":"product_cat-smoczki-i-zawieszki","10":"first","11":"instock","12":"taxable","13":"shipping-taxable","14":"purchasable","15":"product-type-simple"},"_links":{"self":[{"href":"https:\/\/www.bobooaza.pl\/index.php\/wp-json\/wp\/v2\/product\/10811","targetHints":{"allow":["GET"]}}],"collection":[{"href":"https:\/\/www.bobooaza.pl\/index.php\/wp-json\/wp\/v2\/product"}],"about":[{"href":"https:\/\/www.bobooaza.pl\/index.php\/wp-json\/wp\/v2\/types\/product"}],"replies":[{"embeddable":true,"href":"https:\/\/www.bobooaza.pl\/index.php\/wp-json\/wp\/v2\/comments?post=10811"}],"wp:featuredmedia":[{"embeddable":true,"href":"https:\/\/www.bobooaza.pl\/index.php\/wp-json\/wp\/v2\/media\/10810"}],"wp:attachment":[{"href":"https:\/\/www.bobooaza.pl\/index.php\/wp-json\/wp\/v2\/media?parent=10811"}],"wp:term":[{"taxonomy":"product_brand","embeddable":true,"href":"https:\/\/www.bobooaza.pl\/index.php\/wp-json\/wp\/v2\/product_brand?post=10811"},{"taxonomy":"product_cat","embeddable":true,"href":"https:\/\/www.bobooaza.pl\/index.php\/wp-json\/wp\/v2\/product_cat?post=10811"},{"taxonomy":"product_tag","embeddable":true,"href":"https:\/\/www.bobooaza.pl\/index.php\/wp-json\/wp\/v2\/product_tag?post=10811"}],"curies":[{"name":"wp","href":"https:\/\/api.w.org\/{rel}","templated":true}]}}