{"id":10813,"date":"2026-01-06T14:33:05","date_gmt":"2026-01-06T13:33:05","guid":{"rendered":"https:\/\/bobooaza.pl\/index.php\/produkt\/lovi-34-412-smoczek-silikonowy-dynamiczny-prime-0-6m-1-szt-pistachio\/"},"modified":"2026-01-19T21:53:54","modified_gmt":"2026-01-19T20:53:54","slug":"lovi-34-412-smoczek-silikonowy-dynamiczny-prime-0-6m-1-szt-pistachio","status":"publish","type":"product","link":"https:\/\/www.bobooaza.pl\/index.php\/produkt\/lovi-34-412-smoczek-silikonowy-dynamiczny-prime-0-6m-1-szt-pistachio\/","title":{"rendered":"LOVI 34\/412 Smoczek silikonowy dynamiczny Prime 0-6m 1 szt Pistachio"},"content":{"rendered":"<p>LOVI 34\/412 Smoczek silikonowy dynamiczny Prime 0-6m Pistachio to pojedynczy smoczek dla niemowl\u0105t od narodzin do 6. miesi\u0105ca \u017cycia, kt\u00f3ry \u0142\u0105czy bezpiecze\u0144stwo, komfort i nowoczesny design.<\/p>\n<p>Najwa\u017cniejsze cechy:<\/p>\n<p>Dynamiczna gumka \u2013 silikon o r\u00f3\u017cnej grubo\u015bci rozci\u0105ga si\u0119 i kurczy zgodnie z rytmem ssania dziecka, chroni\u0105c naturalny odruch ssania.<br \/>\nBezpieczny dla karmienia piersi\u0105 \u2013 nie zak\u0142\u00f3ca naturalnego ssania.<br \/>\nRozw\u00f3j mowy i zgryzu \u2013 sp\u0142aszczona gumka i cienka szyjka zapewniaj\u0105 dziecku miejsce w buzi do pracy j\u0119zyka i prawid\u0142owego domykania ust, przy zachowaniu zalece\u0144 ortodontycznych i neurologopedycznych.<br \/>\nSymetryczny kszta\u0142t gumki inspirowany brodawk\u0105 sutkow\u0105 zapewnia dziecku znajome odczucia ssania.<br \/>\nProfilowana tarczka umo\u017cliwia swobodne oddychanie przez nos, u\u0142atwia prze\u0142ykanie \u015bliny i minimalizuje podra\u017cnienia sk\u00f3ry.<br \/>\nLekki smoczek \u2013 nie obci\u0105\u017ca zgryzu dziecka.<br \/>\nOdporno\u015b\u0107 gumki\u2013 silikonowa cz\u0119\u015b\u0107 smoczka nie odkszta\u0142ca si\u0119 w buzi dziecka.<br \/>\nPraktyczne opakowanie \u2013 s\u0142u\u017cy do przechowywania i sterylizacji smoczka.<br \/>\nDesign \u2013 modny kolor Pistachio pasuj\u0105cy do dzieci\u0119cego stroju.<\/p>\n<p>Dla kogo:<\/p>\n<p>* Dzieci w wieku 0\u20136 miesi\u0119cy, kt\u00f3re potrzebuj\u0105 smoczka wspieraj\u0105cego naturalny odruch ssania i bezpieczny rozw\u00f3j jamy ustnej.<\/p>\n<p>Jest to smoczek, kt\u00f3ry \u201edopasowuje si\u0119\u201d do rytmu ssania dziecka i zapewnia komfort zar\u00f3wno przy karmieniu piersi\u0105, jak i w chwilach uspokajania malucha.<\/p>\n","protected":false},"excerpt":{"rendered":"<p>LOVI 34\/412 Smoczek silikonowy dynamiczny Prime 0-6m Pistachio to pojedynczy smoczek dla niemowl\u0105t od narodzin do 6. miesi\u0105ca \u017cycia, kt\u00f3ry \u0142\u0105czy bezpiecze\u0144stwo, komfort i nowoczesny design. Najwa\u017cniejsze cechy: Dynamiczna gumka \u2013 silikon o r\u00f3\u017cnej grubo\u015bci rozci\u0105ga si\u0119 i kurczy zgodnie z rytmem ssania dziecka, chroni\u0105c naturalny odruch ssania. Bezpieczny dla karmienia piersi\u0105 \u2013 nie zak\u0142\u00f3ca [&hellip;]<\/p>\n","protected":false},"featured_media":10812,"comment_status":"open","ping_status":"closed","template":"","meta":[],"product_brand":[],"product_cat":[76,105,103],"product_tag":[],"class_list":{"0":"post-10813","1":"product","2":"type-product","3":"status-publish","4":"has-post-thumbnail","6":"product_cat-dziecko","7":"product_cat-smoczki","8":"product_cat-smoczki-i-zawieszki","10":"first","11":"instock","12":"taxable","13":"shipping-taxable","14":"purchasable","15":"product-type-simple"},"_links":{"self":[{"href":"https:\/\/www.bobooaza.pl\/index.php\/wp-json\/wp\/v2\/product\/10813","targetHints":{"allow":["GET"]}}],"collection":[{"href":"https:\/\/www.bobooaza.pl\/index.php\/wp-json\/wp\/v2\/product"}],"about":[{"href":"https:\/\/www.bobooaza.pl\/index.php\/wp-json\/wp\/v2\/types\/product"}],"replies":[{"embeddable":true,"href":"https:\/\/www.bobooaza.pl\/index.php\/wp-json\/wp\/v2\/comments?post=10813"}],"wp:featuredmedia":[{"embeddable":true,"href":"https:\/\/www.bobooaza.pl\/index.php\/wp-json\/wp\/v2\/media\/10812"}],"wp:attachment":[{"href":"https:\/\/www.bobooaza.pl\/index.php\/wp-json\/wp\/v2\/media?parent=10813"}],"wp:term":[{"taxonomy":"product_brand","embeddable":true,"href":"https:\/\/www.bobooaza.pl\/index.php\/wp-json\/wp\/v2\/product_brand?post=10813"},{"taxonomy":"product_cat","embeddable":true,"href":"https:\/\/www.bobooaza.pl\/index.php\/wp-json\/wp\/v2\/product_cat?post=10813"},{"taxonomy":"product_tag","embeddable":true,"href":"https:\/\/www.bobooaza.pl\/index.php\/wp-json\/wp\/v2\/product_tag?post=10813"}],"curies":[{"name":"wp","href":"https:\/\/api.w.org\/{rel}","templated":true}]}}