{"id":10815,"date":"2026-01-06T14:33:06","date_gmt":"2026-01-06T13:33:06","guid":{"rendered":"https:\/\/bobooaza.pl\/index.php\/produkt\/lovi-34-414-smoczek-silikonowy-dynamiczny-prime-6-18m-2-szt-pistachio-green\/"},"modified":"2026-01-06T14:46:29","modified_gmt":"2026-01-06T13:46:29","slug":"lovi-34-414-smoczek-silikonowy-dynamiczny-prime-6-18m-2-szt-pistachio-green","status":"publish","type":"product","link":"https:\/\/www.bobooaza.pl\/index.php\/produkt\/lovi-34-414-smoczek-silikonowy-dynamiczny-prime-6-18m-2-szt-pistachio-green\/","title":{"rendered":"LOVI 34\/414 Smoczek silikonowy dynamiczny Prime 6-18m 2 szt Pistachio\/Green"},"content":{"rendered":"<p>LOVI 34\/414 Smoczek silikonowy dynamiczny Prime 6-18m Pistachio\/Green to zestaw dw\u00f3ch smoczk\u00f3w dla dzieci w wieku od 6 do 18 miesi\u0119cy, \u0142\u0105cz\u0105cy bezpiecze\u0144stwo, komfort i nowoczesny design.<\/p>\n<p>Najwa\u017cniejsze cechy:<\/p>\n<p>Dynamiczna gumka \u2013 silikon o r\u00f3\u017cnej grubo\u015bci rozci\u0105ga si\u0119 i kurczy zgodnie z rytmem ssania dziecka, chroni\u0105c naturalny odruch ssania.<br \/>\nBezpieczny dla karmienia piersi\u0105 \u2013 nie zak\u0142\u00f3ca naturalnego ssania.<br \/>\nRozw\u00f3j mowy i zgryzu \u2013 sp\u0142aszczona gumka i cienka szyjka daj\u0105 j\u0119zykowi miejsce do pracy, co wspiera prawid\u0142owy rozw\u00f3j jamy ustnej, przy zachowaniu zalece\u0144 ortodontycznych i neurologopedycznych.<br \/>\nSymetryczny kszta\u0142t gumki inspirowany brodawk\u0105 sutkow\u0105 zapewnia dziecku znajome odczucia ssania.<br \/>\nProfilowana tarczka umo\u017cliwia swobodne oddychanie przez nos, u\u0142atwia prze\u0142ykanie \u015bliny i minimalizuje podra\u017cnienia sk\u00f3ry.<br \/>\nLekki smoczek \u2013 nie obci\u0105\u017ca zgryzu dziecka.<br \/>\nOdporno\u015b\u0107 gumki \u2013 silikonowa cz\u0119\u015b\u0107 smoczka nie odkszta\u0142ca si\u0119 w buzi dziecka.<br \/>\nPraktyczne opakowanie** \u2013 s\u0142u\u017cy do przechowywania i sterylizacji smoczka.<br \/>\nDesign \u2013 modny kolor Pistachio\/Green pasuj\u0105cy do dzieci\u0119cego stroju.<\/p>\n<p>Dla kogo:<\/p>\n<p>* Dzieci w wieku 6\u201318 miesi\u0119cy, kt\u00f3re potrzebuj\u0105 smoczka zapewniaj\u0105cego komfort ssania i bezpiecze\u0144stwo rozwoju jamy ustnej.<\/p>\n<p>To smoczek, kt\u00f3ry \u201ero\u015bnie\u201d z dzieckiem i jest zaprojektowany tak, by nie przeszkadza\u0107 w nauce jedzenia, m\u00f3wienia ani swobodnego oddychania.<\/p>\n","protected":false},"excerpt":{"rendered":"<p>LOVI 34\/414 Smoczek silikonowy dynamiczny Prime 6-18m Pistachio\/Green to zestaw dw\u00f3ch smoczk\u00f3w dla dzieci w wieku od 6 do 18 miesi\u0119cy, \u0142\u0105cz\u0105cy bezpiecze\u0144stwo, komfort i nowoczesny design. Najwa\u017cniejsze cechy: Dynamiczna gumka \u2013 silikon o r\u00f3\u017cnej grubo\u015bci rozci\u0105ga si\u0119 i kurczy zgodnie z rytmem ssania dziecka, chroni\u0105c naturalny odruch ssania. Bezpieczny dla karmienia piersi\u0105 \u2013 nie [&hellip;]<\/p>\n","protected":false},"featured_media":10814,"comment_status":"open","ping_status":"closed","template":"","meta":[],"product_brand":[],"product_cat":[76,105,103],"product_tag":[],"class_list":{"0":"post-10815","1":"product","2":"type-product","3":"status-publish","4":"has-post-thumbnail","6":"product_cat-dziecko","7":"product_cat-smoczki","8":"product_cat-smoczki-i-zawieszki","10":"first","11":"instock","12":"taxable","13":"shipping-taxable","14":"purchasable","15":"product-type-simple"},"_links":{"self":[{"href":"https:\/\/www.bobooaza.pl\/index.php\/wp-json\/wp\/v2\/product\/10815","targetHints":{"allow":["GET"]}}],"collection":[{"href":"https:\/\/www.bobooaza.pl\/index.php\/wp-json\/wp\/v2\/product"}],"about":[{"href":"https:\/\/www.bobooaza.pl\/index.php\/wp-json\/wp\/v2\/types\/product"}],"replies":[{"embeddable":true,"href":"https:\/\/www.bobooaza.pl\/index.php\/wp-json\/wp\/v2\/comments?post=10815"}],"wp:featuredmedia":[{"embeddable":true,"href":"https:\/\/www.bobooaza.pl\/index.php\/wp-json\/wp\/v2\/media\/10814"}],"wp:attachment":[{"href":"https:\/\/www.bobooaza.pl\/index.php\/wp-json\/wp\/v2\/media?parent=10815"}],"wp:term":[{"taxonomy":"product_brand","embeddable":true,"href":"https:\/\/www.bobooaza.pl\/index.php\/wp-json\/wp\/v2\/product_brand?post=10815"},{"taxonomy":"product_cat","embeddable":true,"href":"https:\/\/www.bobooaza.pl\/index.php\/wp-json\/wp\/v2\/product_cat?post=10815"},{"taxonomy":"product_tag","embeddable":true,"href":"https:\/\/www.bobooaza.pl\/index.php\/wp-json\/wp\/v2\/product_tag?post=10815"}],"curies":[{"name":"wp","href":"https:\/\/api.w.org\/{rel}","templated":true}]}}