{"id":10817,"date":"2026-01-06T14:33:08","date_gmt":"2026-01-06T13:33:08","guid":{"rendered":"https:\/\/bobooaza.pl\/index.php\/produkt\/lovi-34-415-smoczek-silikonowy-dynamiczny-prime-18m-2-szt-pistachio-green\/"},"modified":"2026-01-19T21:53:54","modified_gmt":"2026-01-19T20:53:54","slug":"lovi-34-415-smoczek-silikonowy-dynamiczny-prime-18m-2-szt-pistachio-green","status":"publish","type":"product","link":"https:\/\/www.bobooaza.pl\/index.php\/produkt\/lovi-34-415-smoczek-silikonowy-dynamiczny-prime-18m-2-szt-pistachio-green\/","title":{"rendered":"LOVI 34\/415 Smoczek silikonowy dynamiczny Prime 18m+ 2 szt Pistachio\/Green"},"content":{"rendered":"<p>LOVI 34\/415 Smoczek silikonowy dynamiczny Prime 18m+ Pistachio\/Green to zestaw dw\u00f3ch smoczk\u00f3w dla dzieci powy\u017cej 18 miesi\u0119cy, \u0142\u0105cz\u0105cy bezpiecze\u0144stwo, komfort i modny wygl\u0105d.<\/p>\n<p>Najwa\u017cniejsze cechy:<\/p>\n<p>Dynamiczna gumka \u2013 silikon o r\u00f3\u017cnej grubo\u015bci rozci\u0105ga si\u0119 i kurczy zgodnie z rytmem ssania dziecka, chroni\u0105c naturalny odruch ssania.<br \/>\nBezpieczny dla karmienia piersi\u0105\u2013 nie zak\u0142\u00f3ca naturalnego ssania.<br \/>\nRozw\u00f3j mowy i zgryzu \u2013 sp\u0142aszczona gumka i cienka szyjka daj\u0105 j\u0119zykowi miejsce do pracy, nie zaburzaj\u0105c rozwoju jamy ustnej przy przestrzeganiu zalece\u0144 ortodontycznych i neurologopedycznych.<br \/>\nSymetryczny kszta\u0142t gumki inspirowany brodawk\u0105 sutkow\u0105 zapewnia dziecku komfort i znajome odczucia ssania.<br \/>\nProfilowana tarczka umo\u017cliwia swobodne oddychanie przez nos, u\u0142atwia prze\u0142ykanie \u015bliny i minimalizuje podra\u017cnienia sk\u00f3ry.<br \/>\nLekki smoczek \u2013 nie obci\u0105\u017ca zgryzu dziecka.<br \/>\nOdporno\u015b\u0107 gumki \u2013 silikonowa cz\u0119\u015b\u0107 smoczka nie odkszta\u0142ca si\u0119 w buzi dziecka.<br \/>\nPraktyczne opakowanie \u2013 mo\u017ce s\u0142u\u017cy\u0107 do przechowywania i sterylizacji smoczka.<br \/>\nDesign \u2013 nowoczesny, modny kolor Pistachio\/Green pasuj\u0105cy do dzieci\u0119cego stroju.<\/p>\n<p>Dla kogo:<\/p>\n<p>* Dzieci powy\u017cej 18 miesi\u0119cy, kt\u00f3re potrzebuj\u0105 smoczka bez obci\u0105\u017cania zgryzu, a jednocze\u015bnie zachowuj\u0105 komfort ssania.<\/p>\n<p>To zestaw stworzony z my\u015bl\u0105 o starszych maluchach, kt\u00f3re nadal korzystaj\u0105 ze smoczka, \u0142\u0105cz\u0105cy ergonomi\u0119, bezpiecze\u0144stwo i atrakcyjny wygl\u0105d.<\/p>\n","protected":false},"excerpt":{"rendered":"<p>LOVI 34\/415 Smoczek silikonowy dynamiczny Prime 18m+ Pistachio\/Green to zestaw dw\u00f3ch smoczk\u00f3w dla dzieci powy\u017cej 18 miesi\u0119cy, \u0142\u0105cz\u0105cy bezpiecze\u0144stwo, komfort i modny wygl\u0105d. Najwa\u017cniejsze cechy: Dynamiczna gumka \u2013 silikon o r\u00f3\u017cnej grubo\u015bci rozci\u0105ga si\u0119 i kurczy zgodnie z rytmem ssania dziecka, chroni\u0105c naturalny odruch ssania. Bezpieczny dla karmienia piersi\u0105\u2013 nie zak\u0142\u00f3ca naturalnego ssania. Rozw\u00f3j mowy [&hellip;]<\/p>\n","protected":false},"featured_media":10816,"comment_status":"open","ping_status":"closed","template":"","meta":[],"product_brand":[],"product_cat":[76,105,103],"product_tag":[],"class_list":{"0":"post-10817","1":"product","2":"type-product","3":"status-publish","4":"has-post-thumbnail","6":"product_cat-dziecko","7":"product_cat-smoczki","8":"product_cat-smoczki-i-zawieszki","10":"first","11":"instock","12":"taxable","13":"shipping-taxable","14":"purchasable","15":"product-type-simple"},"_links":{"self":[{"href":"https:\/\/www.bobooaza.pl\/index.php\/wp-json\/wp\/v2\/product\/10817","targetHints":{"allow":["GET"]}}],"collection":[{"href":"https:\/\/www.bobooaza.pl\/index.php\/wp-json\/wp\/v2\/product"}],"about":[{"href":"https:\/\/www.bobooaza.pl\/index.php\/wp-json\/wp\/v2\/types\/product"}],"replies":[{"embeddable":true,"href":"https:\/\/www.bobooaza.pl\/index.php\/wp-json\/wp\/v2\/comments?post=10817"}],"wp:featuredmedia":[{"embeddable":true,"href":"https:\/\/www.bobooaza.pl\/index.php\/wp-json\/wp\/v2\/media\/10816"}],"wp:attachment":[{"href":"https:\/\/www.bobooaza.pl\/index.php\/wp-json\/wp\/v2\/media?parent=10817"}],"wp:term":[{"taxonomy":"product_brand","embeddable":true,"href":"https:\/\/www.bobooaza.pl\/index.php\/wp-json\/wp\/v2\/product_brand?post=10817"},{"taxonomy":"product_cat","embeddable":true,"href":"https:\/\/www.bobooaza.pl\/index.php\/wp-json\/wp\/v2\/product_cat?post=10817"},{"taxonomy":"product_tag","embeddable":true,"href":"https:\/\/www.bobooaza.pl\/index.php\/wp-json\/wp\/v2\/product_tag?post=10817"}],"curies":[{"name":"wp","href":"https:\/\/api.w.org\/{rel}","templated":true}]}}