{"id":10819,"date":"2026-01-06T14:33:09","date_gmt":"2026-01-06T13:33:09","guid":{"rendered":"https:\/\/bobooaza.pl\/index.php\/produkt\/lovi-34-416-smoczek-silikonowy-dynamiczny-prime-0-6m-1-szt-baby-blue\/"},"modified":"2026-01-06T14:46:32","modified_gmt":"2026-01-06T13:46:32","slug":"lovi-34-416-smoczek-silikonowy-dynamiczny-prime-0-6m-1-szt-baby-blue","status":"publish","type":"product","link":"https:\/\/www.bobooaza.pl\/index.php\/produkt\/lovi-34-416-smoczek-silikonowy-dynamiczny-prime-0-6m-1-szt-baby-blue\/","title":{"rendered":"LOVI 34\/416 Smoczek silikonowy dynamiczny Prime 0-6m 1 szt Baby Blue"},"content":{"rendered":"<p>LOVI 34\/416 Smoczek silikonowy dynamiczny Prime 0-6m Baby Blue to pojedynczy smoczek dla niemowl\u0105t w wieku 0\u20136 miesi\u0119cy, kt\u00f3ry \u0142\u0105czy bezpiecze\u0144stwo, funkcjonalno\u015b\u0107 i estetyk\u0119.<\/p>\n<p>**G\u0142\u00f3wne cechy:**<\/p>\n<p>Dynamiczna gumka \u2013 silikon o r\u00f3\u017cnej grubo\u015bci rozci\u0105ga si\u0119 i kurczy zgodnie z rytmem ssania dziecka, chroni\u0105c naturalny odruch ssania.<br \/>\nBezpieczny dla karmienia piersi\u0105 \u2013 nie zak\u0142\u00f3ca ssania ani karmienia.<br \/>\nRozw\u00f3j mowy i zgryzu \u2013 sp\u0142aszczona gumka i cienka szyjka daj\u0105 j\u0119zykowi przestrze\u0144 do pracy, nie zaburzaj\u0105c rozwoju jamy ustnej przy przestrzeganiu zalece\u0144 ortodontycznych i neurologopedycznych.<br \/>\nSymetryczny kszta\u0142t gumki inspirowany brodawk\u0105 sutkow\u0105 zapewnia dziecku znajome uczucie ssania.<br \/>\nProfilowana tarczka umo\u017cliwia swobodne oddychanie przez nos, u\u0142atwia prze\u0142ykanie \u015bliny i minimalizuje podra\u017cnienia sk\u00f3ry.<br \/>\nLekki smoczek \u2013 nie obci\u0105\u017ca zgryzu dziecka.<br \/>\nOdporno\u015b\u0107 gumki \u2013 silikonowa cz\u0119\u015b\u0107 smoczka nie odkszta\u0142ca si\u0119 w buzi dziecka.<br \/>\nPraktyczne opakowanie \u2013 mo\u017ce s\u0142u\u017cy\u0107 do przechowywania i sterylizacji smoczka.<br \/>\nDesign \u2013 nowoczesny, modny kolor Baby Blue pasuj\u0105cy do stroju dziecka.<\/p>\n<p>Dla kogo:<\/p>\n<p>* Dzieci 0\u20133 miesi\u0105ce korzystaj\u0105ce wcze\u015bniej ze smoczka standardowego LOVI 0-3 \u2192 najlepiej LOVI Prime 0-6.<br \/>\n* Dzieci 3\u20136 miesi\u0119cy korzystaj\u0105ce wcze\u015bniej ze smoczka standardowego LOVI 3-6 \u2192 mo\u017cna przej\u015b\u0107 na LOVI Prime 6-18 (ten sam rozmiar gumki).<\/p>\n<p>To smoczek, kt\u00f3ry \u201cro\u015bnie\u201d z dzieckiem w pierwszych miesi\u0105cach \u017cycia, zapewniaj\u0105c komfort i bezpiecze\u0144stwo.<\/p>\n","protected":false},"excerpt":{"rendered":"<p>LOVI 34\/416 Smoczek silikonowy dynamiczny Prime 0-6m Baby Blue to pojedynczy smoczek dla niemowl\u0105t w wieku 0\u20136 miesi\u0119cy, kt\u00f3ry \u0142\u0105czy bezpiecze\u0144stwo, funkcjonalno\u015b\u0107 i estetyk\u0119. **G\u0142\u00f3wne cechy:** Dynamiczna gumka \u2013 silikon o r\u00f3\u017cnej grubo\u015bci rozci\u0105ga si\u0119 i kurczy zgodnie z rytmem ssania dziecka, chroni\u0105c naturalny odruch ssania. Bezpieczny dla karmienia piersi\u0105 \u2013 nie zak\u0142\u00f3ca ssania ani [&hellip;]<\/p>\n","protected":false},"featured_media":10818,"comment_status":"open","ping_status":"closed","template":"","meta":[],"product_brand":[],"product_cat":[76,105,103],"product_tag":[],"class_list":{"0":"post-10819","1":"product","2":"type-product","3":"status-publish","4":"has-post-thumbnail","6":"product_cat-dziecko","7":"product_cat-smoczki","8":"product_cat-smoczki-i-zawieszki","10":"first","11":"instock","12":"taxable","13":"shipping-taxable","14":"purchasable","15":"product-type-simple"},"_links":{"self":[{"href":"https:\/\/www.bobooaza.pl\/index.php\/wp-json\/wp\/v2\/product\/10819","targetHints":{"allow":["GET"]}}],"collection":[{"href":"https:\/\/www.bobooaza.pl\/index.php\/wp-json\/wp\/v2\/product"}],"about":[{"href":"https:\/\/www.bobooaza.pl\/index.php\/wp-json\/wp\/v2\/types\/product"}],"replies":[{"embeddable":true,"href":"https:\/\/www.bobooaza.pl\/index.php\/wp-json\/wp\/v2\/comments?post=10819"}],"wp:featuredmedia":[{"embeddable":true,"href":"https:\/\/www.bobooaza.pl\/index.php\/wp-json\/wp\/v2\/media\/10818"}],"wp:attachment":[{"href":"https:\/\/www.bobooaza.pl\/index.php\/wp-json\/wp\/v2\/media?parent=10819"}],"wp:term":[{"taxonomy":"product_brand","embeddable":true,"href":"https:\/\/www.bobooaza.pl\/index.php\/wp-json\/wp\/v2\/product_brand?post=10819"},{"taxonomy":"product_cat","embeddable":true,"href":"https:\/\/www.bobooaza.pl\/index.php\/wp-json\/wp\/v2\/product_cat?post=10819"},{"taxonomy":"product_tag","embeddable":true,"href":"https:\/\/www.bobooaza.pl\/index.php\/wp-json\/wp\/v2\/product_tag?post=10819"}],"curies":[{"name":"wp","href":"https:\/\/api.w.org\/{rel}","templated":true}]}}