{"id":10825,"date":"2026-01-06T14:33:15","date_gmt":"2026-01-06T13:33:15","guid":{"rendered":"https:\/\/bobooaza.pl\/index.php\/produkt\/lovi-34-419-smoczek-silikonowy-dynamiczny-prime-18m-2szt-baby-blue-blue\/"},"modified":"2026-01-19T21:53:56","modified_gmt":"2026-01-19T20:53:56","slug":"lovi-34-419-smoczek-silikonowy-dynamiczny-prime-18m-2szt-baby-blue-blue","status":"publish","type":"product","link":"https:\/\/www.bobooaza.pl\/index.php\/produkt\/lovi-34-419-smoczek-silikonowy-dynamiczny-prime-18m-2szt-baby-blue-blue\/","title":{"rendered":"LOVI 34\/419 Smoczek silikonowy dynamiczny Prime 18m+ 2szt Baby Blue\/Blue"},"content":{"rendered":"<p>LOVI 34\/419 Smoczek silikonowy dynamiczny Prime 18m+ Baby Blue\/Blue to zestaw dw\u00f3ch smoczk\u00f3w przeznaczonych dla dzieci powy\u017cej 18 miesi\u0105ca \u017cycia. Podobnie jak inne smoczki LOVI Prime, jego gumka jest dynamiczna \u2013 wykonana z silikonu o r\u00f3\u017cnej grubo\u015bci, dzi\u0119ki czemu rozci\u0105ga si\u0119 i kurczy zgodnie z rytmem ssania dziecka, chroni\u0105c odruch ssania i nie zaburzaj\u0105c karmienia piersi\u0105.<\/p>\n<p>Smoczek ma symetryczny kszta\u0142t inspirowany brodawk\u0105 sutkow\u0105, co zapewnia dziecku znajome i komfortowe odczucia. Profilowana tarczka minimalnie przylega do sk\u00f3ry, umo\u017cliwia swobodne oddychanie przez nos i u\u0142atwia prze\u0142ykanie \u015bliny, jednocze\u015bnie zmniejszaj\u0105c ryzyko podra\u017cnie\u0144 sk\u00f3ry. Smoczek jest lekki, nie obci\u0105\u017ca zgryzu, a silikonowa gumka nie odkszta\u0142ca si\u0119 w buzi dziecka, wspieraj\u0105c prawid\u0142owy rozw\u00f3j mowy i zgryzu (przy zachowaniu zalece\u0144 ortodontycznych i neurologopedycznych).<\/p>\n<p>Dodatkowo praktyczne opakowanie pe\u0142ni funkcj\u0119 etui do sterylizacji, a atrakcyjny design w kolorach Baby Blue\/Blue czyni smoczek modnym dodatkiem dla malucha.<\/p>\n","protected":false},"excerpt":{"rendered":"<p>LOVI 34\/419 Smoczek silikonowy dynamiczny Prime 18m+ Baby Blue\/Blue to zestaw dw\u00f3ch smoczk\u00f3w przeznaczonych dla dzieci powy\u017cej 18 miesi\u0105ca \u017cycia. Podobnie jak inne smoczki LOVI Prime, jego gumka jest dynamiczna \u2013 wykonana z silikonu o r\u00f3\u017cnej grubo\u015bci, dzi\u0119ki czemu rozci\u0105ga si\u0119 i kurczy zgodnie z rytmem ssania dziecka, chroni\u0105c odruch ssania i nie zaburzaj\u0105c karmienia [&hellip;]<\/p>\n","protected":false},"featured_media":10824,"comment_status":"open","ping_status":"closed","template":"","meta":[],"product_brand":[],"product_cat":[76,105,103],"product_tag":[],"class_list":{"0":"post-10825","1":"product","2":"type-product","3":"status-publish","4":"has-post-thumbnail","6":"product_cat-dziecko","7":"product_cat-smoczki","8":"product_cat-smoczki-i-zawieszki","10":"first","11":"instock","12":"taxable","13":"shipping-taxable","14":"purchasable","15":"product-type-simple"},"_links":{"self":[{"href":"https:\/\/www.bobooaza.pl\/index.php\/wp-json\/wp\/v2\/product\/10825","targetHints":{"allow":["GET"]}}],"collection":[{"href":"https:\/\/www.bobooaza.pl\/index.php\/wp-json\/wp\/v2\/product"}],"about":[{"href":"https:\/\/www.bobooaza.pl\/index.php\/wp-json\/wp\/v2\/types\/product"}],"replies":[{"embeddable":true,"href":"https:\/\/www.bobooaza.pl\/index.php\/wp-json\/wp\/v2\/comments?post=10825"}],"wp:featuredmedia":[{"embeddable":true,"href":"https:\/\/www.bobooaza.pl\/index.php\/wp-json\/wp\/v2\/media\/10824"}],"wp:attachment":[{"href":"https:\/\/www.bobooaza.pl\/index.php\/wp-json\/wp\/v2\/media?parent=10825"}],"wp:term":[{"taxonomy":"product_brand","embeddable":true,"href":"https:\/\/www.bobooaza.pl\/index.php\/wp-json\/wp\/v2\/product_brand?post=10825"},{"taxonomy":"product_cat","embeddable":true,"href":"https:\/\/www.bobooaza.pl\/index.php\/wp-json\/wp\/v2\/product_cat?post=10825"},{"taxonomy":"product_tag","embeddable":true,"href":"https:\/\/www.bobooaza.pl\/index.php\/wp-json\/wp\/v2\/product_tag?post=10825"}],"curies":[{"name":"wp","href":"https:\/\/api.w.org\/{rel}","templated":true}]}}