{"id":10829,"date":"2026-01-06T14:33:17","date_gmt":"2026-01-06T13:33:17","guid":{"rendered":"https:\/\/bobooaza.pl\/index.php\/produkt\/lovi-34-421-smoczek-silokonowy-dynamiczny-prime-0-6m-1-szt-violet\/"},"modified":"2026-01-19T21:53:57","modified_gmt":"2026-01-19T20:53:57","slug":"lovi-34-421-smoczek-silokonowy-dynamiczny-prime-0-6m-1-szt-violet","status":"publish","type":"product","link":"https:\/\/www.bobooaza.pl\/index.php\/produkt\/lovi-34-421-smoczek-silokonowy-dynamiczny-prime-0-6m-1-szt-violet\/","title":{"rendered":"LOVI 34\/421 Smoczek silokonowy dynamiczny Prime 0-6m 1 szt Violet"},"content":{"rendered":"<p>LOVI 34\/421 Smoczek silikonowy dynamiczny Prime 0-6m Violet to pojedynczy smoczek uspokajaj\u0105cy stworzony dla niemowl\u0105t od urodzenia do 6 miesi\u0105ca \u017cycia. Jego konstrukcja jest dostosowana do najmniejszych dzieci, a dynamiczna gumka z silikonu o r\u00f3\u017cnej grubo\u015bci rozci\u0105ga si\u0119 i kurczy zgodnie z rytmem ssania dziecka. Dzi\u0119ki temu chroni naturalny odruch ssania i nie zaburza karmienia piersi\u0105.<\/p>\n<p>Symetryczny kszta\u0142t gumki, inspirowany brodawk\u0105 sutkow\u0105, zapewnia maluchowi komfort i znajome odczucia. Wyprofilowana tarczka minimalnie przylega do sk\u00f3ry, umo\u017cliwia swobodne oddychanie przez nos i u\u0142atwia prze\u0142ykanie \u015bliny, jednocze\u015bnie zmniejszaj\u0105c ryzyko podra\u017cnie\u0144. Smoczek jest lekki, nie obci\u0105\u017ca zgryzu i wspiera prawid\u0142owy rozw\u00f3j jamy ustnej oraz mowy, pod warunkiem przestrzegania zalece\u0144 ortodontycznych i neurologopedycznych.<\/p>\n<p>Silikonowa gumka nie odkszta\u0142ca si\u0119 w buzi, a praktyczne opakowanie pe\u0142ni funkcj\u0119 etui do sterylizacji, co u\u0142atwia utrzymanie smoczka w czysto\u015bci. Smoczek LOVI Prime 0-6m wyr\u00f3\u017cnia si\u0119 r\u00f3wnie\u017c nowoczesnym, modnym designem w kolorze Violet, stanowi\u0105c atrakcyjny dodatek do codziennego stroju dziecka.<\/p>\n","protected":false},"excerpt":{"rendered":"<p>LOVI 34\/421 Smoczek silikonowy dynamiczny Prime 0-6m Violet to pojedynczy smoczek uspokajaj\u0105cy stworzony dla niemowl\u0105t od urodzenia do 6 miesi\u0105ca \u017cycia. Jego konstrukcja jest dostosowana do najmniejszych dzieci, a dynamiczna gumka z silikonu o r\u00f3\u017cnej grubo\u015bci rozci\u0105ga si\u0119 i kurczy zgodnie z rytmem ssania dziecka. Dzi\u0119ki temu chroni naturalny odruch ssania i nie zaburza karmienia [&hellip;]<\/p>\n","protected":false},"featured_media":10828,"comment_status":"open","ping_status":"closed","template":"","meta":[],"product_brand":[],"product_cat":[76,105,103],"product_tag":[],"class_list":{"0":"post-10829","1":"product","2":"type-product","3":"status-publish","4":"has-post-thumbnail","6":"product_cat-dziecko","7":"product_cat-smoczki","8":"product_cat-smoczki-i-zawieszki","10":"first","11":"instock","12":"taxable","13":"shipping-taxable","14":"purchasable","15":"product-type-simple"},"_links":{"self":[{"href":"https:\/\/www.bobooaza.pl\/index.php\/wp-json\/wp\/v2\/product\/10829","targetHints":{"allow":["GET"]}}],"collection":[{"href":"https:\/\/www.bobooaza.pl\/index.php\/wp-json\/wp\/v2\/product"}],"about":[{"href":"https:\/\/www.bobooaza.pl\/index.php\/wp-json\/wp\/v2\/types\/product"}],"replies":[{"embeddable":true,"href":"https:\/\/www.bobooaza.pl\/index.php\/wp-json\/wp\/v2\/comments?post=10829"}],"wp:featuredmedia":[{"embeddable":true,"href":"https:\/\/www.bobooaza.pl\/index.php\/wp-json\/wp\/v2\/media\/10828"}],"wp:attachment":[{"href":"https:\/\/www.bobooaza.pl\/index.php\/wp-json\/wp\/v2\/media?parent=10829"}],"wp:term":[{"taxonomy":"product_brand","embeddable":true,"href":"https:\/\/www.bobooaza.pl\/index.php\/wp-json\/wp\/v2\/product_brand?post=10829"},{"taxonomy":"product_cat","embeddable":true,"href":"https:\/\/www.bobooaza.pl\/index.php\/wp-json\/wp\/v2\/product_cat?post=10829"},{"taxonomy":"product_tag","embeddable":true,"href":"https:\/\/www.bobooaza.pl\/index.php\/wp-json\/wp\/v2\/product_tag?post=10829"}],"curies":[{"name":"wp","href":"https:\/\/api.w.org\/{rel}","templated":true}]}}