{"id":10831,"date":"2026-01-06T14:33:18","date_gmt":"2026-01-06T13:33:18","guid":{"rendered":"https:\/\/bobooaza.pl\/index.php\/produkt\/lovi-34-422-smoczek-silikonowy-dynamiczny-prime-6-18m-2-szt-lilac-violet\/"},"modified":"2026-01-19T21:53:57","modified_gmt":"2026-01-19T20:53:57","slug":"lovi-34-422-smoczek-silikonowy-dynamiczny-prime-6-18m-2-szt-lilac-violet","status":"publish","type":"product","link":"https:\/\/www.bobooaza.pl\/index.php\/produkt\/lovi-34-422-smoczek-silikonowy-dynamiczny-prime-6-18m-2-szt-lilac-violet\/","title":{"rendered":"LOVI 34\/422 Smoczek silikonowy dynamiczny Prime 6-18m 2 szt Lilac\/Violet"},"content":{"rendered":"<p>LOVI 34\/422 Smoczek silikonowy dynamiczny Prime 6-18m Lilac\/Violet to zestaw dw\u00f3ch smoczk\u00f3w uspokajaj\u0105cych stworzonych z my\u015bl\u0105 o dzieciach w wieku od 6 do 18 miesi\u0119cy. Dynamiczna konstrukcja gumki z silikonu o r\u00f3\u017cnej grubo\u015bci umo\u017cliwia jej rozci\u0105ganie i kurczenie zgodnie z rytmem ssania dziecka, co chroni naturalny odruch ssania i nie zak\u0142\u00f3ca karmienia piersi\u0105. Symetryczny kszta\u0142t gumki inspirowany jest brodawk\u0105 sutkow\u0105, co zapewnia maluchowi komfort i znajome odczucia.<\/p>\n<p>Wyprofilowana tarczka minimalnie przylega do sk\u00f3ry, u\u0142atwia oddychanie przez nos i prze\u0142ykanie \u015bliny, a silikonowa gumka nie odkszta\u0142ca si\u0119 podczas u\u017cytkowania. Smoczek jest lekki, nie obci\u0105\u017ca zgryzu i wspiera prawid\u0142owy rozw\u00f3j jamy ustnej oraz mowy przy przestrzeganiu zalece\u0144 ortodontycznych i neurologopedycznych. Praktyczne opakowanie pe\u0142ni funkcj\u0119 etui do sterylizacji, co u\u0142atwia utrzymanie smoczka w czysto\u015bci.<\/p>\n<p>LOVI Prime 6-18m wyr\u00f3\u017cnia si\u0119 r\u00f3wnie\u017c nowoczesnym designem i modn\u0105 kolorystyk\u0105, stanowi\u0105c estetyczny dodatek do codziennego stroju dziecka. Smoczki s\u0105 kompatybilne z wcze\u015bniejszymi rozmiarami LOVI, dzi\u0119ki czemu rosn\u0105 razem z dzieckiem, zapewniaj\u0105c komfort na kolejnych etapach rozwoju.<\/p>\n","protected":false},"excerpt":{"rendered":"<p>LOVI 34\/422 Smoczek silikonowy dynamiczny Prime 6-18m Lilac\/Violet to zestaw dw\u00f3ch smoczk\u00f3w uspokajaj\u0105cych stworzonych z my\u015bl\u0105 o dzieciach w wieku od 6 do 18 miesi\u0119cy. Dynamiczna konstrukcja gumki z silikonu o r\u00f3\u017cnej grubo\u015bci umo\u017cliwia jej rozci\u0105ganie i kurczenie zgodnie z rytmem ssania dziecka, co chroni naturalny odruch ssania i nie zak\u0142\u00f3ca karmienia piersi\u0105. Symetryczny kszta\u0142t [&hellip;]<\/p>\n","protected":false},"featured_media":10830,"comment_status":"open","ping_status":"closed","template":"","meta":[],"product_brand":[],"product_cat":[76,105,103],"product_tag":[],"class_list":{"0":"post-10831","1":"product","2":"type-product","3":"status-publish","4":"has-post-thumbnail","6":"product_cat-dziecko","7":"product_cat-smoczki","8":"product_cat-smoczki-i-zawieszki","10":"first","11":"instock","12":"taxable","13":"shipping-taxable","14":"purchasable","15":"product-type-simple"},"_links":{"self":[{"href":"https:\/\/www.bobooaza.pl\/index.php\/wp-json\/wp\/v2\/product\/10831","targetHints":{"allow":["GET"]}}],"collection":[{"href":"https:\/\/www.bobooaza.pl\/index.php\/wp-json\/wp\/v2\/product"}],"about":[{"href":"https:\/\/www.bobooaza.pl\/index.php\/wp-json\/wp\/v2\/types\/product"}],"replies":[{"embeddable":true,"href":"https:\/\/www.bobooaza.pl\/index.php\/wp-json\/wp\/v2\/comments?post=10831"}],"wp:featuredmedia":[{"embeddable":true,"href":"https:\/\/www.bobooaza.pl\/index.php\/wp-json\/wp\/v2\/media\/10830"}],"wp:attachment":[{"href":"https:\/\/www.bobooaza.pl\/index.php\/wp-json\/wp\/v2\/media?parent=10831"}],"wp:term":[{"taxonomy":"product_brand","embeddable":true,"href":"https:\/\/www.bobooaza.pl\/index.php\/wp-json\/wp\/v2\/product_brand?post=10831"},{"taxonomy":"product_cat","embeddable":true,"href":"https:\/\/www.bobooaza.pl\/index.php\/wp-json\/wp\/v2\/product_cat?post=10831"},{"taxonomy":"product_tag","embeddable":true,"href":"https:\/\/www.bobooaza.pl\/index.php\/wp-json\/wp\/v2\/product_tag?post=10831"}],"curies":[{"name":"wp","href":"https:\/\/api.w.org\/{rel}","templated":true}]}}