{"id":10833,"date":"2026-01-06T14:33:20","date_gmt":"2026-01-06T13:33:20","guid":{"rendered":"https:\/\/bobooaza.pl\/index.php\/produkt\/lovi-34-423-smoczek-silikonowy-dynamiczny-prime-18m-2-szt-lilac-violet\/"},"modified":"2026-01-19T21:53:58","modified_gmt":"2026-01-19T20:53:58","slug":"lovi-34-423-smoczek-silikonowy-dynamiczny-prime-18m-2-szt-lilac-violet","status":"publish","type":"product","link":"https:\/\/www.bobooaza.pl\/index.php\/produkt\/lovi-34-423-smoczek-silikonowy-dynamiczny-prime-18m-2-szt-lilac-violet\/","title":{"rendered":"LOVI 34\/423 Smoczek silikonowy dynamiczny Prime 18+m 2 szt Lilac\/Violet"},"content":{"rendered":"<p>LOVI 34\/423 Smoczek silikonowy dynamiczny Prime 18+m Lilac\/Violet to zestaw dw\u00f3ch smoczk\u00f3w uspokajaj\u0105cych stworzonych dla starszych dzieci, \u0142\u0105cz\u0105cych bezpiecze\u0144stwo, komfort i atrakcyjny design. Dynamiczna konstrukcja gumki wykonanej z silikonu o r\u00f3\u017cnej grubo\u015bci pozwala smoczkowi rozci\u0105ga\u0107 si\u0119 i kurczy\u0107 zgodnie z rytmem ssania dziecka, chroni\u0105c odruch ssania i niezak\u0142\u00f3caj\u0105c karmienia piersi\u0105. Symetryczny kszta\u0142t gumki inspirowany jest naturaln\u0105 brodawk\u0105 sutkow\u0105, co zapewnia dziecku znajome i komfortowe odczucia.<\/p>\n<p>Wyprofilowana tarczka minimalnie przylega do sk\u00f3ry, umo\u017cliwia swobodne oddychanie przez nos i prze\u0142ykanie \u015bliny, a silikonowa gumka nie odkszta\u0142ca si\u0119 podczas u\u017cytkowania. Smoczek Prime jest lekki, nie obci\u0105\u017ca zgryzu i wspiera prawid\u0142owy rozw\u00f3j jamy ustnej oraz mowy przy przestrzeganiu zalece\u0144 ortodontycznych i neurologopedycznych. Praktyczne opakowanie pe\u0142ni funkcj\u0119 etui do sterylizacji, co u\u0142atwia utrzymanie smoczka w czysto\u015bci.<\/p>\n<p>LOVI Prime 18+m wyr\u00f3\u017cnia si\u0119 tak\u017ce nowoczesnym designem i modn\u0105 kolorystyk\u0105, co czyni go estetycznym dodatkiem do codziennego stroju dziecka. Smoczki s\u0105 kompatybilne z wcze\u015bniejszymi rozmiarami LOVI, dzi\u0119ki czemu rosn\u0105 wraz z dzieckiem, zapewniaj\u0105c komfort na kolejnych etapach rozwoju.<\/p>\n","protected":false},"excerpt":{"rendered":"<p>LOVI 34\/423 Smoczek silikonowy dynamiczny Prime 18+m Lilac\/Violet to zestaw dw\u00f3ch smoczk\u00f3w uspokajaj\u0105cych stworzonych dla starszych dzieci, \u0142\u0105cz\u0105cych bezpiecze\u0144stwo, komfort i atrakcyjny design. Dynamiczna konstrukcja gumki wykonanej z silikonu o r\u00f3\u017cnej grubo\u015bci pozwala smoczkowi rozci\u0105ga\u0107 si\u0119 i kurczy\u0107 zgodnie z rytmem ssania dziecka, chroni\u0105c odruch ssania i niezak\u0142\u00f3caj\u0105c karmienia piersi\u0105. Symetryczny kszta\u0142t gumki inspirowany jest [&hellip;]<\/p>\n","protected":false},"featured_media":10832,"comment_status":"open","ping_status":"closed","template":"","meta":[],"product_brand":[],"product_cat":[76,105,103],"product_tag":[],"class_list":{"0":"post-10833","1":"product","2":"type-product","3":"status-publish","4":"has-post-thumbnail","6":"product_cat-dziecko","7":"product_cat-smoczki","8":"product_cat-smoczki-i-zawieszki","10":"first","11":"instock","12":"taxable","13":"shipping-taxable","14":"purchasable","15":"product-type-simple"},"_links":{"self":[{"href":"https:\/\/www.bobooaza.pl\/index.php\/wp-json\/wp\/v2\/product\/10833","targetHints":{"allow":["GET"]}}],"collection":[{"href":"https:\/\/www.bobooaza.pl\/index.php\/wp-json\/wp\/v2\/product"}],"about":[{"href":"https:\/\/www.bobooaza.pl\/index.php\/wp-json\/wp\/v2\/types\/product"}],"replies":[{"embeddable":true,"href":"https:\/\/www.bobooaza.pl\/index.php\/wp-json\/wp\/v2\/comments?post=10833"}],"wp:featuredmedia":[{"embeddable":true,"href":"https:\/\/www.bobooaza.pl\/index.php\/wp-json\/wp\/v2\/media\/10832"}],"wp:attachment":[{"href":"https:\/\/www.bobooaza.pl\/index.php\/wp-json\/wp\/v2\/media?parent=10833"}],"wp:term":[{"taxonomy":"product_brand","embeddable":true,"href":"https:\/\/www.bobooaza.pl\/index.php\/wp-json\/wp\/v2\/product_brand?post=10833"},{"taxonomy":"product_cat","embeddable":true,"href":"https:\/\/www.bobooaza.pl\/index.php\/wp-json\/wp\/v2\/product_cat?post=10833"},{"taxonomy":"product_tag","embeddable":true,"href":"https:\/\/www.bobooaza.pl\/index.php\/wp-json\/wp\/v2\/product_tag?post=10833"}],"curies":[{"name":"wp","href":"https:\/\/api.w.org\/{rel}","templated":true}]}}