{"id":10835,"date":"2026-01-06T14:39:01","date_gmt":"2026-01-06T13:39:01","guid":{"rendered":"https:\/\/bobooaza.pl\/index.php\/produkt\/mam-850622-smoczek-uspokajajacy-original-2-6-planet-love-boy\/"},"modified":"2026-01-06T14:46:12","modified_gmt":"2026-01-06T13:46:12","slug":"mam-850622-smoczek-uspokajajacy-original-2-6-planet-love-boy","status":"publish","type":"product","link":"https:\/\/www.bobooaza.pl\/index.php\/produkt\/mam-850622-smoczek-uspokajajacy-original-2-6-planet-love-boy\/","title":{"rendered":"MAM 850622 Smoczek uspokajaj\u0105cy Original 2-6 Planet Love boy"},"content":{"rendered":"<p>Smoczek uspokajaj\u0105cy MAM 850622 Original 2-6 Planet Love boy jest ortodontyczny i dopasowany do jamy ustnej dziecka, wspieraj\u0105c prawid\u0142owy rozw\u00f3j z\u0119b\u00f3w i zgryzu. Wykonany jest z mi\u0119kkiego, jedwabi\u015bcie g\u0142adkiego silikonu MAM SkinSoft, kt\u00f3ry zapewnia dziecku komfort i znajome odczucia podczas ssania, co u\u0142atwia jego akceptacj\u0119. Smoczek posiada zaokr\u0105glon\u0105 tarczk\u0119 z otworami dla przep\u0142ywu powietrza, co zmniejsza ryzyko podra\u017cnie\u0144 sk\u00f3ry, a jego symetryczny kszta\u0142t idealnie dopasowuje si\u0119 do ust dziecka. G\u0142\u00f3wka smoczka jest \u0142atwa do chwytania i umo\u017cliwia proste mocowanie klipsa. Produkt powsta\u0142 we wsp\u00f3\u0142pracy z ekspertami medycznymi i stomatologami oraz wykonano go z materia\u0142\u00f3w wolnych od BPA i BPS, przyjaznych \u015brodowisku. Smoczek sprzedawany jest w praktycznym pude\u0142ku do sterylizacji i przechowywania, umo\u017cliwiaj\u0105cym szybk\u0105 sterylizacj\u0119 w kuchence mikrofalowej. Badania rynkowe wykaza\u0142y, \u017ce 94% niemowl\u0105t \u0142atwo akceptuje ten smoczek.<\/p>\n","protected":false},"excerpt":{"rendered":"<p>Smoczek uspokajaj\u0105cy MAM 850622 Original 2-6 Planet Love boy jest ortodontyczny i dopasowany do jamy ustnej dziecka, wspieraj\u0105c prawid\u0142owy rozw\u00f3j z\u0119b\u00f3w i zgryzu. Wykonany jest z mi\u0119kkiego, jedwabi\u015bcie g\u0142adkiego silikonu MAM SkinSoft, kt\u00f3ry zapewnia dziecku komfort i znajome odczucia podczas ssania, co u\u0142atwia jego akceptacj\u0119. Smoczek posiada zaokr\u0105glon\u0105 tarczk\u0119 z otworami dla przep\u0142ywu powietrza, co [&hellip;]<\/p>\n","protected":false},"featured_media":10834,"comment_status":"open","ping_status":"closed","template":"","meta":[],"product_brand":[],"product_cat":[76,105,103],"product_tag":[],"class_list":{"0":"post-10835","1":"product","2":"type-product","3":"status-publish","4":"has-post-thumbnail","6":"product_cat-dziecko","7":"product_cat-smoczki","8":"product_cat-smoczki-i-zawieszki","10":"first","11":"instock","12":"taxable","13":"shipping-taxable","14":"purchasable","15":"product-type-simple"},"_links":{"self":[{"href":"https:\/\/www.bobooaza.pl\/index.php\/wp-json\/wp\/v2\/product\/10835","targetHints":{"allow":["GET"]}}],"collection":[{"href":"https:\/\/www.bobooaza.pl\/index.php\/wp-json\/wp\/v2\/product"}],"about":[{"href":"https:\/\/www.bobooaza.pl\/index.php\/wp-json\/wp\/v2\/types\/product"}],"replies":[{"embeddable":true,"href":"https:\/\/www.bobooaza.pl\/index.php\/wp-json\/wp\/v2\/comments?post=10835"}],"wp:featuredmedia":[{"embeddable":true,"href":"https:\/\/www.bobooaza.pl\/index.php\/wp-json\/wp\/v2\/media\/10834"}],"wp:attachment":[{"href":"https:\/\/www.bobooaza.pl\/index.php\/wp-json\/wp\/v2\/media?parent=10835"}],"wp:term":[{"taxonomy":"product_brand","embeddable":true,"href":"https:\/\/www.bobooaza.pl\/index.php\/wp-json\/wp\/v2\/product_brand?post=10835"},{"taxonomy":"product_cat","embeddable":true,"href":"https:\/\/www.bobooaza.pl\/index.php\/wp-json\/wp\/v2\/product_cat?post=10835"},{"taxonomy":"product_tag","embeddable":true,"href":"https:\/\/www.bobooaza.pl\/index.php\/wp-json\/wp\/v2\/product_tag?post=10835"}],"curies":[{"name":"wp","href":"https:\/\/api.w.org\/{rel}","templated":true}]}}