{"id":10839,"date":"2026-01-06T14:39:07","date_gmt":"2026-01-06T13:39:07","guid":{"rendered":"https:\/\/bobooaza.pl\/index.php\/produkt\/mam-850646-smoczek-uspokajajacy-original-2-6-mat-boy\/"},"modified":"2026-01-06T14:46:14","modified_gmt":"2026-01-06T13:46:14","slug":"mam-850646-smoczek-uspokajajacy-original-2-6-mat-boy","status":"publish","type":"product","link":"https:\/\/www.bobooaza.pl\/index.php\/produkt\/mam-850646-smoczek-uspokajajacy-original-2-6-mat-boy\/","title":{"rendered":"MAM 850646 Smoczek uspokajaj\u0105cy Original 2-6 mat boy"},"content":{"rendered":"<p>Smoczek uspokajaj\u0105cy MAM 850646 Original 2-6 mat boy jest ortodontyczny i dopasowany do jamy ustnej dziecka, wspieraj\u0105c zdrowy rozw\u00f3j z\u0119b\u00f3w i zgryzu. Wykonany jest z jedwabi\u015bcie mi\u0119kkiego silikonu MAM SkinSoft, kt\u00f3ry \u0142atwo akceptuj\u0105 niemowl\u0119ta, zapewniaj\u0105c im poczucie komfortu i znajome doznania podczas ssania. Smoczek posiada zaokr\u0105glon\u0105 tarczk\u0119 z otworami dla przep\u0142ywu powietrza, co minimalizuje ryzyko podra\u017cnie\u0144 sk\u00f3ry, a jego symetryczny kszta\u0142t idealnie dopasowuje si\u0119 do ust dziecka. G\u0142\u00f3wka smoczka jest \u0142atwa do chwytania, umo\u017cliwia proste mocowanie klipsa i zapewnia wygod\u0119 u\u017cytkowania. Produkt powsta\u0142 we wsp\u00f3\u0142pracy z ekspertami medycznymi i stomatologami oraz wykonany jest z materia\u0142\u00f3w wolnych od BPA i BPS, przyjaznych dla \u015brodowiska. Smoczek sprzedawany jest w praktycznym pude\u0142ku do sterylizacji i przechowywania, pozwalaj\u0105cym szybko i wygodnie sterylizowa\u0107 go w kuchence mikrofalowej. Badania rynkowe wykaza\u0142y, \u017ce 94% niemowl\u0105t akceptuje ten smoczek.<\/p>\n","protected":false},"excerpt":{"rendered":"<p>Smoczek uspokajaj\u0105cy MAM 850646 Original 2-6 mat boy jest ortodontyczny i dopasowany do jamy ustnej dziecka, wspieraj\u0105c zdrowy rozw\u00f3j z\u0119b\u00f3w i zgryzu. Wykonany jest z jedwabi\u015bcie mi\u0119kkiego silikonu MAM SkinSoft, kt\u00f3ry \u0142atwo akceptuj\u0105 niemowl\u0119ta, zapewniaj\u0105c im poczucie komfortu i znajome doznania podczas ssania. Smoczek posiada zaokr\u0105glon\u0105 tarczk\u0119 z otworami dla przep\u0142ywu powietrza, co minimalizuje ryzyko [&hellip;]<\/p>\n","protected":false},"featured_media":10838,"comment_status":"open","ping_status":"closed","template":"","meta":[],"product_brand":[],"product_cat":[76,105,103],"product_tag":[],"class_list":{"0":"post-10839","1":"product","2":"type-product","3":"status-publish","4":"has-post-thumbnail","6":"product_cat-dziecko","7":"product_cat-smoczki","8":"product_cat-smoczki-i-zawieszki","10":"first","11":"instock","12":"taxable","13":"shipping-taxable","14":"purchasable","15":"product-type-simple"},"_links":{"self":[{"href":"https:\/\/www.bobooaza.pl\/index.php\/wp-json\/wp\/v2\/product\/10839","targetHints":{"allow":["GET"]}}],"collection":[{"href":"https:\/\/www.bobooaza.pl\/index.php\/wp-json\/wp\/v2\/product"}],"about":[{"href":"https:\/\/www.bobooaza.pl\/index.php\/wp-json\/wp\/v2\/types\/product"}],"replies":[{"embeddable":true,"href":"https:\/\/www.bobooaza.pl\/index.php\/wp-json\/wp\/v2\/comments?post=10839"}],"wp:featuredmedia":[{"embeddable":true,"href":"https:\/\/www.bobooaza.pl\/index.php\/wp-json\/wp\/v2\/media\/10838"}],"wp:attachment":[{"href":"https:\/\/www.bobooaza.pl\/index.php\/wp-json\/wp\/v2\/media?parent=10839"}],"wp:term":[{"taxonomy":"product_brand","embeddable":true,"href":"https:\/\/www.bobooaza.pl\/index.php\/wp-json\/wp\/v2\/product_brand?post=10839"},{"taxonomy":"product_cat","embeddable":true,"href":"https:\/\/www.bobooaza.pl\/index.php\/wp-json\/wp\/v2\/product_cat?post=10839"},{"taxonomy":"product_tag","embeddable":true,"href":"https:\/\/www.bobooaza.pl\/index.php\/wp-json\/wp\/v2\/product_tag?post=10839"}],"curies":[{"name":"wp","href":"https:\/\/api.w.org\/{rel}","templated":true}]}}