{"id":10843,"date":"2026-01-06T14:46:02","date_gmt":"2026-01-06T13:46:02","guid":{"rendered":"https:\/\/bobooaza.pl\/index.php\/produkt\/avent-scf091-17-smoczek-ultra-soft-6-18m-niebieski-szary\/"},"modified":"2026-01-06T14:55:20","modified_gmt":"2026-01-06T13:55:20","slug":"avent-scf091-17-smoczek-ultra-soft-6-18m-niebieski-szary","status":"publish","type":"product","link":"https:\/\/www.bobooaza.pl\/index.php\/produkt\/avent-scf091-17-smoczek-ultra-soft-6-18m-niebieski-szary\/","title":{"rendered":"AVENT SCF091\/17 Smoczek Ultra Soft 6-18m niebieski\/szary"},"content":{"rendered":"<p>Smoczek AVENT SCF091\/17 Ultra Soft 6-18m w kolorze niebiesko-szarym jest ortodontycznym smoczkiem przeznaczonym dla dzieci w wieku od 6 do 18 miesi\u0119cy. Jest zaprojektowany z my\u015bl\u0105 o wra\u017cliwej sk\u00f3rze \u2013 jego mi\u0119kka i elastyczna tarczka wygodnie dopasowuje si\u0119 do naturalnych krzywizn twarzy dziecka, ograniczaj\u0105c podra\u017cnienia i \u015blady na sk\u00f3rze.<\/p>\n<p>Smoczek jest bardzo mi\u0119kki, wykonany w 100% z silikonu jako\u015bci spo\u017cywczej, wolnego od BPA i innych szkodliwych substancji. Kszta\u0142t smoczka jest symetryczny i ortodontyczny, wspieraj\u0105c naturalny rozw\u00f3j jamy ustnej, a teksturowany silikon imituje pier\u015b matki, co zapewnia dziecku znajome doznania podczas ssania.<\/p>\n<p>Zestaw zawiera 2 smoczki oraz praktyczne etui, kt\u00f3re mo\u017ce s\u0142u\u017cy\u0107 jako pojemnik do sterylizacji w kuchence mikrofalowej w 3 minuty. Produkt zosta\u0142 zaprojektowany i wyprodukowany w Holandii.<\/p>\n","protected":false},"excerpt":{"rendered":"<p>Smoczek AVENT SCF091\/17 Ultra Soft 6-18m w kolorze niebiesko-szarym jest ortodontycznym smoczkiem przeznaczonym dla dzieci w wieku od 6 do 18 miesi\u0119cy. Jest zaprojektowany z my\u015bl\u0105 o wra\u017cliwej sk\u00f3rze \u2013 jego mi\u0119kka i elastyczna tarczka wygodnie dopasowuje si\u0119 do naturalnych krzywizn twarzy dziecka, ograniczaj\u0105c podra\u017cnienia i \u015blady na sk\u00f3rze. Smoczek jest bardzo mi\u0119kki, wykonany w [&hellip;]<\/p>\n","protected":false},"featured_media":10842,"comment_status":"open","ping_status":"closed","template":"","meta":[],"product_brand":[],"product_cat":[76,105,103],"product_tag":[],"class_list":{"0":"post-10843","1":"product","2":"type-product","3":"status-publish","4":"has-post-thumbnail","6":"product_cat-dziecko","7":"product_cat-smoczki","8":"product_cat-smoczki-i-zawieszki","10":"first","11":"instock","12":"taxable","13":"shipping-taxable","14":"purchasable","15":"product-type-simple"},"_links":{"self":[{"href":"https:\/\/www.bobooaza.pl\/index.php\/wp-json\/wp\/v2\/product\/10843","targetHints":{"allow":["GET"]}}],"collection":[{"href":"https:\/\/www.bobooaza.pl\/index.php\/wp-json\/wp\/v2\/product"}],"about":[{"href":"https:\/\/www.bobooaza.pl\/index.php\/wp-json\/wp\/v2\/types\/product"}],"replies":[{"embeddable":true,"href":"https:\/\/www.bobooaza.pl\/index.php\/wp-json\/wp\/v2\/comments?post=10843"}],"wp:featuredmedia":[{"embeddable":true,"href":"https:\/\/www.bobooaza.pl\/index.php\/wp-json\/wp\/v2\/media\/10842"}],"wp:attachment":[{"href":"https:\/\/www.bobooaza.pl\/index.php\/wp-json\/wp\/v2\/media?parent=10843"}],"wp:term":[{"taxonomy":"product_brand","embeddable":true,"href":"https:\/\/www.bobooaza.pl\/index.php\/wp-json\/wp\/v2\/product_brand?post=10843"},{"taxonomy":"product_cat","embeddable":true,"href":"https:\/\/www.bobooaza.pl\/index.php\/wp-json\/wp\/v2\/product_cat?post=10843"},{"taxonomy":"product_tag","embeddable":true,"href":"https:\/\/www.bobooaza.pl\/index.php\/wp-json\/wp\/v2\/product_tag?post=10843"}],"curies":[{"name":"wp","href":"https:\/\/api.w.org\/{rel}","templated":true}]}}