{"id":10845,"date":"2026-01-06T14:46:04","date_gmt":"2026-01-06T13:46:04","guid":{"rendered":"https:\/\/bobooaza.pl\/index.php\/produkt\/avent-scf091-31-smoczek-ultra-soft-0-6m-rozowy-fioletowy\/"},"modified":"2026-01-19T21:53:58","modified_gmt":"2026-01-19T20:53:58","slug":"avent-scf091-31-smoczek-ultra-soft-0-6m-rozowy-fioletowy","status":"publish","type":"product","link":"https:\/\/www.bobooaza.pl\/index.php\/produkt\/avent-scf091-31-smoczek-ultra-soft-0-6m-rozowy-fioletowy\/","title":{"rendered":"AVENT SCF091\/31 Smoczek Ultra Soft 0-6m r\u00f3\u017cowy\/fioletowy"},"content":{"rendered":"<p>Smoczek AVENT SCF091\/31 Ultra Soft 0-6m w kolorze r\u00f3\u017cowo-fioletowym jest ortodontycznym smoczkiem przeznaczonym dla noworodk\u00f3w i niemowl\u0105t do 6. miesi\u0105ca \u017cycia. Jest zaprojektowany z my\u015bl\u0105 o wra\u017cliwej sk\u00f3rze dziecka \u2013 jego mi\u0119kka, elastyczna i zaokr\u0105glona tarczka minimalizuje nacisk i ogranicza podra\u017cnienia oraz \u015blady na twarzy malucha.<\/p>\n<p>Smoczek wykonano w 100% z bezpiecznego silikonu jako\u015bci spo\u017cywczej, wolnego od BPA i innych szkodliwych substancji. Kszta\u0142t smoczka jest symetryczny i ortodontyczny, wspieraj\u0105c naturalny rozw\u00f3j jamy ustnej, a teksturowany silikon imituje pier\u015b matki, zapewniaj\u0105c dziecku znajome doznania ssania.<\/p>\n<p>Zestaw zawiera 2 smoczki oraz praktyczne etui, kt\u00f3re mo\u017ce by\u0107 u\u017cywane jako pojemnik do sterylizacji w kuchence mikrofalowej w 3 minuty. Produkt zosta\u0142 zaprojektowany i wyprodukowany w Holandii.<\/p>\n","protected":false},"excerpt":{"rendered":"<p>Smoczek AVENT SCF091\/31 Ultra Soft 0-6m w kolorze r\u00f3\u017cowo-fioletowym jest ortodontycznym smoczkiem przeznaczonym dla noworodk\u00f3w i niemowl\u0105t do 6. miesi\u0105ca \u017cycia. Jest zaprojektowany z my\u015bl\u0105 o wra\u017cliwej sk\u00f3rze dziecka \u2013 jego mi\u0119kka, elastyczna i zaokr\u0105glona tarczka minimalizuje nacisk i ogranicza podra\u017cnienia oraz \u015blady na twarzy malucha. Smoczek wykonano w 100% z bezpiecznego silikonu jako\u015bci spo\u017cywczej, [&hellip;]<\/p>\n","protected":false},"featured_media":10844,"comment_status":"open","ping_status":"closed","template":"","meta":[],"product_brand":[],"product_cat":[76,105,103],"product_tag":[],"class_list":{"0":"post-10845","1":"product","2":"type-product","3":"status-publish","4":"has-post-thumbnail","6":"product_cat-dziecko","7":"product_cat-smoczki","8":"product_cat-smoczki-i-zawieszki","10":"first","11":"instock","12":"taxable","13":"shipping-taxable","14":"purchasable","15":"product-type-simple"},"_links":{"self":[{"href":"https:\/\/www.bobooaza.pl\/index.php\/wp-json\/wp\/v2\/product\/10845","targetHints":{"allow":["GET"]}}],"collection":[{"href":"https:\/\/www.bobooaza.pl\/index.php\/wp-json\/wp\/v2\/product"}],"about":[{"href":"https:\/\/www.bobooaza.pl\/index.php\/wp-json\/wp\/v2\/types\/product"}],"replies":[{"embeddable":true,"href":"https:\/\/www.bobooaza.pl\/index.php\/wp-json\/wp\/v2\/comments?post=10845"}],"wp:featuredmedia":[{"embeddable":true,"href":"https:\/\/www.bobooaza.pl\/index.php\/wp-json\/wp\/v2\/media\/10844"}],"wp:attachment":[{"href":"https:\/\/www.bobooaza.pl\/index.php\/wp-json\/wp\/v2\/media?parent=10845"}],"wp:term":[{"taxonomy":"product_brand","embeddable":true,"href":"https:\/\/www.bobooaza.pl\/index.php\/wp-json\/wp\/v2\/product_brand?post=10845"},{"taxonomy":"product_cat","embeddable":true,"href":"https:\/\/www.bobooaza.pl\/index.php\/wp-json\/wp\/v2\/product_cat?post=10845"},{"taxonomy":"product_tag","embeddable":true,"href":"https:\/\/www.bobooaza.pl\/index.php\/wp-json\/wp\/v2\/product_tag?post=10845"}],"curies":[{"name":"wp","href":"https:\/\/api.w.org\/{rel}","templated":true}]}}