{"id":10847,"date":"2026-01-06T14:46:05","date_gmt":"2026-01-06T13:46:05","guid":{"rendered":"https:\/\/bobooaza.pl\/index.php\/produkt\/avent-scf091-33-smoczek-ultra-soft-6-18m-pomarancz-fiolet\/"},"modified":"2026-01-06T14:55:21","modified_gmt":"2026-01-06T13:55:21","slug":"avent-scf091-33-smoczek-ultra-soft-6-18m-pomarancz-fiolet","status":"publish","type":"product","link":"https:\/\/www.bobooaza.pl\/index.php\/produkt\/avent-scf091-33-smoczek-ultra-soft-6-18m-pomarancz-fiolet\/","title":{"rendered":"AVENT SCF091\/33 Smoczek Ultra Soft 6-18m pomara\u0144cz\/fiolet"},"content":{"rendered":"<p>Smoczek AVENT SCF091\/33 Ultra Soft 6-18m w kolorach pomara\u0144cz\/fiolet jest ortodontycznym smoczkiem dla dzieci w wieku 6\u201318 miesi\u0119cy, zaprojektowanym z my\u015bl\u0105 o wra\u017cliwej sk\u00f3rze malucha. Tarczka smoczka jest mi\u0119kka, elastyczna i zaokr\u0105glona, co ogranicza podra\u017cnienia i \u015blady na twarzy dziecka. Smoczek wykonano w 100% z silikonu jako\u015bci spo\u017cywczej, wolnego od BPA i innych szkodliwych substancji, a jego symetryczny, ortodontyczny kszta\u0142t wspiera naturalny rozw\u00f3j jamy ustnej. Teksturowany silikon imituj\u0105cy pier\u015b matki zapewnia dziecku znajome odczucia ssania. Zestaw zawiera 2 smoczki i etui, kt\u00f3re pe\u0142ni r\u00f3wnie\u017c funkcj\u0119 pojemnika do sterylizacji w kuchence mikrofalowej w 3 minuty. Produkt zaprojektowano i wyprodukowano w Holandii.<\/p>\n","protected":false},"excerpt":{"rendered":"<p>Smoczek AVENT SCF091\/33 Ultra Soft 6-18m w kolorach pomara\u0144cz\/fiolet jest ortodontycznym smoczkiem dla dzieci w wieku 6\u201318 miesi\u0119cy, zaprojektowanym z my\u015bl\u0105 o wra\u017cliwej sk\u00f3rze malucha. Tarczka smoczka jest mi\u0119kka, elastyczna i zaokr\u0105glona, co ogranicza podra\u017cnienia i \u015blady na twarzy dziecka. Smoczek wykonano w 100% z silikonu jako\u015bci spo\u017cywczej, wolnego od BPA i innych szkodliwych substancji, [&hellip;]<\/p>\n","protected":false},"featured_media":10846,"comment_status":"open","ping_status":"closed","template":"","meta":[],"product_brand":[],"product_cat":[76,105,103],"product_tag":[],"class_list":{"0":"post-10847","1":"product","2":"type-product","3":"status-publish","4":"has-post-thumbnail","6":"product_cat-dziecko","7":"product_cat-smoczki","8":"product_cat-smoczki-i-zawieszki","10":"first","11":"instock","12":"taxable","13":"shipping-taxable","14":"purchasable","15":"product-type-simple"},"_links":{"self":[{"href":"https:\/\/www.bobooaza.pl\/index.php\/wp-json\/wp\/v2\/product\/10847","targetHints":{"allow":["GET"]}}],"collection":[{"href":"https:\/\/www.bobooaza.pl\/index.php\/wp-json\/wp\/v2\/product"}],"about":[{"href":"https:\/\/www.bobooaza.pl\/index.php\/wp-json\/wp\/v2\/types\/product"}],"replies":[{"embeddable":true,"href":"https:\/\/www.bobooaza.pl\/index.php\/wp-json\/wp\/v2\/comments?post=10847"}],"wp:featuredmedia":[{"embeddable":true,"href":"https:\/\/www.bobooaza.pl\/index.php\/wp-json\/wp\/v2\/media\/10846"}],"wp:attachment":[{"href":"https:\/\/www.bobooaza.pl\/index.php\/wp-json\/wp\/v2\/media?parent=10847"}],"wp:term":[{"taxonomy":"product_brand","embeddable":true,"href":"https:\/\/www.bobooaza.pl\/index.php\/wp-json\/wp\/v2\/product_brand?post=10847"},{"taxonomy":"product_cat","embeddable":true,"href":"https:\/\/www.bobooaza.pl\/index.php\/wp-json\/wp\/v2\/product_cat?post=10847"},{"taxonomy":"product_tag","embeddable":true,"href":"https:\/\/www.bobooaza.pl\/index.php\/wp-json\/wp\/v2\/product_tag?post=10847"}],"curies":[{"name":"wp","href":"https:\/\/api.w.org\/{rel}","templated":true}]}}