{"id":10853,"date":"2026-01-06T19:09:36","date_gmt":"2026-01-06T18:09:36","guid":{"rendered":"https:\/\/bobooaza.pl\/index.php\/produkt\/ceba-309-000-730-foto-mata-92x72-basic-friends\/"},"modified":"2026-01-06T19:12:34","modified_gmt":"2026-01-06T18:12:34","slug":"ceba-309-000-730-foto-mata-92x72-basic-friends","status":"publish","type":"product","link":"https:\/\/www.bobooaza.pl\/index.php\/produkt\/ceba-309-000-730-foto-mata-92x72-basic-friends\/","title":{"rendered":"CEBA 309-000-730 Foto mata 92&#215;72 Basic Friends"},"content":{"rendered":"<p>Ceba Baby Foto Mata Basic Friends 92&#215;72 cm to praktyczna i estetyczna propozycja dla rodzic\u00f3w, kt\u00f3rzy szukaj\u0105 bezpiecznego i przyst\u0119pnego cenowo produktu o wysokiej jako\u015bci. Linia Basic zosta\u0142a stworzona jako odpowied\u017a na potrzeby rynku, oferuj\u0105c sprawdzone standardy wykonania i bezpiecze\u0144stwa przy jednoczesnej optymalizacji koszt\u00f3w pakowania i logistyki.<\/p>\n<p>Mata fotograficzna Milestone pozwala w wyj\u0105tkowy spos\u00f3b uchwyci\u0107 kolejne etapy rozwoju dziecka \u2013 dni, tygodnie i miesi\u0105ce, tworz\u0105c pi\u0119kn\u0105 pami\u0105tk\u0119 na lata. Wymiary 92&#215;72 cm zapewniaj\u0105 komfortow\u0105 przestrze\u0144 do codziennych aktywno\u015bci, takich jak zabawa, le\u017cenie na brzuszku czy pierwsze \u0107wiczenia ruchowe. Wype\u0142nienie z grubej i mi\u0119kkiej g\u0105bki gwarantuje wygod\u0119 oraz odpowiednie podparcie dla malucha.<\/p>\n<p>Produkt zosta\u0142 wykonany z atestowanych, bezpiecznych dla dziecka materia\u0142\u00f3w. Wodoodporna powierzchnia sprawia, \u017ce mata jest \u0142atwa w czyszczeniu i doskonale sprawdza si\u0119 w codziennym u\u017cytkowaniu. To funkcjonalny wyb\u00f3r, kt\u00f3ry \u0142\u0105czy walory u\u017cytkowe, estetyk\u0119 i atrakcyjn\u0105 cen\u0119.<\/p>\n","protected":false},"excerpt":{"rendered":"<p>Ceba Baby Foto Mata Basic Friends 92&#215;72 cm to praktyczna i estetyczna propozycja dla rodzic\u00f3w, kt\u00f3rzy szukaj\u0105 bezpiecznego i przyst\u0119pnego cenowo produktu o wysokiej jako\u015bci. Linia Basic zosta\u0142a stworzona jako odpowied\u017a na potrzeby rynku, oferuj\u0105c sprawdzone standardy wykonania i bezpiecze\u0144stwa przy jednoczesnej optymalizacji koszt\u00f3w pakowania i logistyki. Mata fotograficzna Milestone pozwala w wyj\u0105tkowy spos\u00f3b uchwyci\u0107 [&hellip;]<\/p>\n","protected":false},"featured_media":10852,"comment_status":"open","ping_status":"closed","template":"","meta":[],"product_brand":[],"product_cat":[76,154],"product_tag":[],"class_list":{"0":"post-10853","1":"product","2":"type-product","3":"status-publish","4":"has-post-thumbnail","6":"product_cat-dziecko","7":"product_cat-maty-do-zdjec","9":"first","10":"instock","11":"taxable","12":"shipping-taxable","13":"purchasable","14":"product-type-simple"},"_links":{"self":[{"href":"https:\/\/www.bobooaza.pl\/index.php\/wp-json\/wp\/v2\/product\/10853","targetHints":{"allow":["GET"]}}],"collection":[{"href":"https:\/\/www.bobooaza.pl\/index.php\/wp-json\/wp\/v2\/product"}],"about":[{"href":"https:\/\/www.bobooaza.pl\/index.php\/wp-json\/wp\/v2\/types\/product"}],"replies":[{"embeddable":true,"href":"https:\/\/www.bobooaza.pl\/index.php\/wp-json\/wp\/v2\/comments?post=10853"}],"wp:featuredmedia":[{"embeddable":true,"href":"https:\/\/www.bobooaza.pl\/index.php\/wp-json\/wp\/v2\/media\/10852"}],"wp:attachment":[{"href":"https:\/\/www.bobooaza.pl\/index.php\/wp-json\/wp\/v2\/media?parent=10853"}],"wp:term":[{"taxonomy":"product_brand","embeddable":true,"href":"https:\/\/www.bobooaza.pl\/index.php\/wp-json\/wp\/v2\/product_brand?post=10853"},{"taxonomy":"product_cat","embeddable":true,"href":"https:\/\/www.bobooaza.pl\/index.php\/wp-json\/wp\/v2\/product_cat?post=10853"},{"taxonomy":"product_tag","embeddable":true,"href":"https:\/\/www.bobooaza.pl\/index.php\/wp-json\/wp\/v2\/product_tag?post=10853"}],"curies":[{"name":"wp","href":"https:\/\/api.w.org\/{rel}","templated":true}]}}