{"id":10855,"date":"2026-01-06T19:09:38","date_gmt":"2026-01-06T18:09:38","guid":{"rendered":"https:\/\/bobooaza.pl\/index.php\/produkt\/ceba-309-000-729-foto-mata-92x72-basic-koala\/"},"modified":"2026-01-06T19:12:34","modified_gmt":"2026-01-06T18:12:34","slug":"ceba-309-000-729-foto-mata-92x72-basic-koala","status":"publish","type":"product","link":"https:\/\/www.bobooaza.pl\/index.php\/produkt\/ceba-309-000-729-foto-mata-92x72-basic-koala\/","title":{"rendered":"CEBA 309-000-729 Foto mata 92&#215;72 Basic Koala"},"content":{"rendered":"<p>Ceba Baby Foto Mata Basic Koala 92&#215;72 cm to funkcjonalny i estetyczny produkt zaprojektowany z my\u015bl\u0105 o rodzicach poszukuj\u0105cych bezpiecznych rozwi\u0105za\u0144 w atrakcyjnej cenie. Linia Basic \u0142\u0105czy sprawdzon\u0105 jako\u015b\u0107 i wysoki poziom bezpiecze\u0144stwa charakterystyczny dla marki Ceba Baby z optymalizacj\u0105 koszt\u00f3w pakowania i logistyki, dzi\u0119ki czemu produkt pozostaje przyst\u0119pny cenowo.<\/p>\n<p>Mata fotograficzna Milestone umo\u017cliwia wygodne dokumentowanie rozwoju dziecka, pozwalaj\u0105c zaznacza\u0107 kolejne dni, tygodnie i miesi\u0105ce \u017cycia malucha. Rozmiar 92&#215;72 cm zapewnia odpowiedni\u0105 przestrze\u0144 zar\u00f3wno do wykonywania pami\u0105tkowych zdj\u0119\u0107, jak i do codziennej zabawy, \u0107wicze\u0144 na brzuszku oraz aktywno\u015bci wspieraj\u0105cych rozw\u00f3j ruchowy dziecka. Gruba i mi\u0119kka g\u0105bka gwarantuje komfort oraz bezpiecze\u0144stwo podczas u\u017cytkowania.<\/p>\n<p>Mata zosta\u0142a wykonana z atestowanych, bezpiecznych dla niemowl\u0105t materia\u0142\u00f3w. Wodoodporna powierzchnia u\u0142atwia utrzymanie jej w czysto\u015bci, co czyni j\u0105 praktycznym wyborem do codziennego u\u017cytku. To doskona\u0142e po\u0142\u0105czenie funkcjonalno\u015bci, estetyki i niezawodnej jako\u015bci, kt\u00f3re sprawdzi si\u0119 zar\u00f3wno w domu, jak i jako prezent.<\/p>\n","protected":false},"excerpt":{"rendered":"<p>Ceba Baby Foto Mata Basic Koala 92&#215;72 cm to funkcjonalny i estetyczny produkt zaprojektowany z my\u015bl\u0105 o rodzicach poszukuj\u0105cych bezpiecznych rozwi\u0105za\u0144 w atrakcyjnej cenie. Linia Basic \u0142\u0105czy sprawdzon\u0105 jako\u015b\u0107 i wysoki poziom bezpiecze\u0144stwa charakterystyczny dla marki Ceba Baby z optymalizacj\u0105 koszt\u00f3w pakowania i logistyki, dzi\u0119ki czemu produkt pozostaje przyst\u0119pny cenowo. Mata fotograficzna Milestone umo\u017cliwia wygodne [&hellip;]<\/p>\n","protected":false},"featured_media":10854,"comment_status":"open","ping_status":"closed","template":"","meta":[],"product_brand":[],"product_cat":[76,154],"product_tag":[],"class_list":{"0":"post-10855","1":"product","2":"type-product","3":"status-publish","4":"has-post-thumbnail","6":"product_cat-dziecko","7":"product_cat-maty-do-zdjec","9":"first","10":"instock","11":"taxable","12":"shipping-taxable","13":"purchasable","14":"product-type-simple"},"_links":{"self":[{"href":"https:\/\/www.bobooaza.pl\/index.php\/wp-json\/wp\/v2\/product\/10855","targetHints":{"allow":["GET"]}}],"collection":[{"href":"https:\/\/www.bobooaza.pl\/index.php\/wp-json\/wp\/v2\/product"}],"about":[{"href":"https:\/\/www.bobooaza.pl\/index.php\/wp-json\/wp\/v2\/types\/product"}],"replies":[{"embeddable":true,"href":"https:\/\/www.bobooaza.pl\/index.php\/wp-json\/wp\/v2\/comments?post=10855"}],"wp:featuredmedia":[{"embeddable":true,"href":"https:\/\/www.bobooaza.pl\/index.php\/wp-json\/wp\/v2\/media\/10854"}],"wp:attachment":[{"href":"https:\/\/www.bobooaza.pl\/index.php\/wp-json\/wp\/v2\/media?parent=10855"}],"wp:term":[{"taxonomy":"product_brand","embeddable":true,"href":"https:\/\/www.bobooaza.pl\/index.php\/wp-json\/wp\/v2\/product_brand?post=10855"},{"taxonomy":"product_cat","embeddable":true,"href":"https:\/\/www.bobooaza.pl\/index.php\/wp-json\/wp\/v2\/product_cat?post=10855"},{"taxonomy":"product_tag","embeddable":true,"href":"https:\/\/www.bobooaza.pl\/index.php\/wp-json\/wp\/v2\/product_tag?post=10855"}],"curies":[{"name":"wp","href":"https:\/\/api.w.org\/{rel}","templated":true}]}}