{"id":10857,"date":"2026-01-06T19:09:40","date_gmt":"2026-01-06T18:09:40","guid":{"rendered":"https:\/\/bobooaza.pl\/index.php\/produkt\/ceba-309-000-728-foto-mata-92x72-basic-dreamer\/"},"modified":"2026-01-06T19:12:35","modified_gmt":"2026-01-06T18:12:35","slug":"ceba-309-000-728-foto-mata-92x72-basic-dreamer","status":"publish","type":"product","link":"https:\/\/www.bobooaza.pl\/index.php\/produkt\/ceba-309-000-728-foto-mata-92x72-basic-dreamer\/","title":{"rendered":"CEBA 309-000-728 Foto mata 92&#215;72 Basic Dreamer"},"content":{"rendered":"<p>Ceba Baby Foto Mata Basic Dreamer 92&#215;72 cm to praktyczne i estetyczne rozwi\u0105zanie dla rodzic\u00f3w, kt\u00f3rzy poszukuj\u0105 bezpiecznego produktu w atrakcyjnej cenie, bez kompromis\u00f3w w zakresie jako\u015bci. Linia Basic powsta\u0142a jako odpowied\u017a marki Ceba Baby na potrzeby rynku, oferuj\u0105c sprawdzone standardy wykonania oraz bezpiecze\u0144stwa przy jednoczesnej optymalizacji koszt\u00f3w pakowania i logistyki.<\/p>\n<p>Mata fotograficzna Milestone umo\u017cliwia dokumentowanie najwa\u017cniejszych etap\u00f3w rozwoju dziecka poprzez zaznaczanie kolejnych dni, tygodni i miesi\u0119cy, tworz\u0105c wyj\u0105tkow\u0105 pami\u0105tk\u0119 na lata. Wymiar 92&#215;72 cm zapewnia komfortow\u0105 przestrze\u0144 nie tylko do wykonywania zdj\u0119\u0107, ale r\u00f3wnie\u017c do codziennej zabawy, le\u017cenia na brzuszku oraz aktywno\u015bci wspieraj\u0105cych rozw\u00f3j ruchowy malucha. Wype\u0142nienie z grubej i mi\u0119kkiej g\u0105bki zwi\u0119ksza wygod\u0119 oraz bezpiecze\u0144stwo u\u017cytkowania.<\/p>\n<p>Produkt zosta\u0142 wykonany z atestowanych materia\u0142\u00f3w bezpiecznych dla niemowl\u0105t. Wodoodporna powierzchnia u\u0142atwia utrzymanie maty w czysto\u015bci, co czyni j\u0105 praktycznym elementem codziennej wyprawki. To uniwersalny wyb\u00f3r, kt\u00f3ry \u0142\u0105czy funkcjonalno\u015b\u0107, estetyk\u0119 i korzystny stosunek jako\u015bci do ceny.<\/p>\n","protected":false},"excerpt":{"rendered":"<p>Ceba Baby Foto Mata Basic Dreamer 92&#215;72 cm to praktyczne i estetyczne rozwi\u0105zanie dla rodzic\u00f3w, kt\u00f3rzy poszukuj\u0105 bezpiecznego produktu w atrakcyjnej cenie, bez kompromis\u00f3w w zakresie jako\u015bci. Linia Basic powsta\u0142a jako odpowied\u017a marki Ceba Baby na potrzeby rynku, oferuj\u0105c sprawdzone standardy wykonania oraz bezpiecze\u0144stwa przy jednoczesnej optymalizacji koszt\u00f3w pakowania i logistyki. Mata fotograficzna Milestone umo\u017cliwia [&hellip;]<\/p>\n","protected":false},"featured_media":10856,"comment_status":"open","ping_status":"closed","template":"","meta":[],"product_brand":[],"product_cat":[76,154],"product_tag":[],"class_list":{"0":"post-10857","1":"product","2":"type-product","3":"status-publish","4":"has-post-thumbnail","6":"product_cat-dziecko","7":"product_cat-maty-do-zdjec","9":"first","10":"instock","11":"taxable","12":"shipping-taxable","13":"purchasable","14":"product-type-simple"},"_links":{"self":[{"href":"https:\/\/www.bobooaza.pl\/index.php\/wp-json\/wp\/v2\/product\/10857","targetHints":{"allow":["GET"]}}],"collection":[{"href":"https:\/\/www.bobooaza.pl\/index.php\/wp-json\/wp\/v2\/product"}],"about":[{"href":"https:\/\/www.bobooaza.pl\/index.php\/wp-json\/wp\/v2\/types\/product"}],"replies":[{"embeddable":true,"href":"https:\/\/www.bobooaza.pl\/index.php\/wp-json\/wp\/v2\/comments?post=10857"}],"wp:featuredmedia":[{"embeddable":true,"href":"https:\/\/www.bobooaza.pl\/index.php\/wp-json\/wp\/v2\/media\/10856"}],"wp:attachment":[{"href":"https:\/\/www.bobooaza.pl\/index.php\/wp-json\/wp\/v2\/media?parent=10857"}],"wp:term":[{"taxonomy":"product_brand","embeddable":true,"href":"https:\/\/www.bobooaza.pl\/index.php\/wp-json\/wp\/v2\/product_brand?post=10857"},{"taxonomy":"product_cat","embeddable":true,"href":"https:\/\/www.bobooaza.pl\/index.php\/wp-json\/wp\/v2\/product_cat?post=10857"},{"taxonomy":"product_tag","embeddable":true,"href":"https:\/\/www.bobooaza.pl\/index.php\/wp-json\/wp\/v2\/product_tag?post=10857"}],"curies":[{"name":"wp","href":"https:\/\/api.w.org\/{rel}","templated":true}]}}