{"id":10861,"date":"2026-01-06T19:09:47","date_gmt":"2026-01-06T18:09:47","guid":{"rendered":"https:\/\/bobooaza.pl\/index.php\/produkt\/ceba-309-000-734-foto-mata-92x72-basic-balloons\/"},"modified":"2026-01-06T19:12:36","modified_gmt":"2026-01-06T18:12:36","slug":"ceba-309-000-734-foto-mata-92x72-basic-balloons","status":"publish","type":"product","link":"https:\/\/www.bobooaza.pl\/index.php\/produkt\/ceba-309-000-734-foto-mata-92x72-basic-balloons\/","title":{"rendered":"CEBA 309-000-734 Foto mata 92&#215;72 Basic Balloons"},"content":{"rendered":"<p>Ceba Baby Foto Mata Basic Balloons 92&#215;72 cm to estetyczna i praktyczna propozycja dla rodzic\u00f3w, kt\u00f3rzy poszukuj\u0105 bezpiecznego produktu w atrakcyjnej cenie. Linia Basic powsta\u0142a jako odpowied\u017a marki Ceba Baby na potrzeby rynku, oferuj\u0105c ten sam wysoki standard jako\u015bci i bezpiecze\u0144stwa przy jednoczesnej optymalizacji koszt\u00f3w pakowania i logistyki.<\/p>\n<p>Mata fotograficzna Milestone umo\u017cliwia wygodne dokumentowanie rozwoju dziecka poprzez zaznaczanie kolejnych dni, tygodni i miesi\u0119cy, tworz\u0105c wyj\u0105tkow\u0105 pami\u0105tk\u0119 z pierwszych etap\u00f3w \u017cycia malucha. Rozmiar 92&#215;72 cm zapewnia komfortow\u0105 przestrze\u0144 nie tylko do wykonywania zdj\u0119\u0107, ale r\u00f3wnie\u017c do codziennej zabawy, le\u017cenia na brzuszku oraz aktywno\u015bci wspieraj\u0105cych rozw\u00f3j ruchowy. Gruba i mi\u0119kka g\u0105bka gwarantuje wygod\u0119 i odpowiednie podparcie podczas u\u017cytkowania.<\/p>\n<p>Produkt zosta\u0142 wykonany z atestowanych materia\u0142\u00f3w bezpiecznych dla niemowl\u0105t. Wodoodporna powierzchnia u\u0142atwia utrzymanie maty w czysto\u015bci, dzi\u0119ki czemu doskonale sprawdza si\u0119 w codziennym u\u017cytkowaniu. To funkcjonalny wyb\u00f3r, kt\u00f3ry \u0142\u0105czy walory pami\u0105tkowe z praktycznym zastosowaniem i atrakcyjnym stosunkiem jako\u015bci do ceny.<\/p>\n","protected":false},"excerpt":{"rendered":"<p>Ceba Baby Foto Mata Basic Balloons 92&#215;72 cm to estetyczna i praktyczna propozycja dla rodzic\u00f3w, kt\u00f3rzy poszukuj\u0105 bezpiecznego produktu w atrakcyjnej cenie. Linia Basic powsta\u0142a jako odpowied\u017a marki Ceba Baby na potrzeby rynku, oferuj\u0105c ten sam wysoki standard jako\u015bci i bezpiecze\u0144stwa przy jednoczesnej optymalizacji koszt\u00f3w pakowania i logistyki. Mata fotograficzna Milestone umo\u017cliwia wygodne dokumentowanie rozwoju [&hellip;]<\/p>\n","protected":false},"featured_media":10860,"comment_status":"open","ping_status":"closed","template":"","meta":[],"product_brand":[],"product_cat":[76,154],"product_tag":[],"class_list":{"0":"post-10861","1":"product","2":"type-product","3":"status-publish","4":"has-post-thumbnail","6":"product_cat-dziecko","7":"product_cat-maty-do-zdjec","9":"first","10":"instock","11":"taxable","12":"shipping-taxable","13":"purchasable","14":"product-type-simple"},"_links":{"self":[{"href":"https:\/\/www.bobooaza.pl\/index.php\/wp-json\/wp\/v2\/product\/10861","targetHints":{"allow":["GET"]}}],"collection":[{"href":"https:\/\/www.bobooaza.pl\/index.php\/wp-json\/wp\/v2\/product"}],"about":[{"href":"https:\/\/www.bobooaza.pl\/index.php\/wp-json\/wp\/v2\/types\/product"}],"replies":[{"embeddable":true,"href":"https:\/\/www.bobooaza.pl\/index.php\/wp-json\/wp\/v2\/comments?post=10861"}],"wp:featuredmedia":[{"embeddable":true,"href":"https:\/\/www.bobooaza.pl\/index.php\/wp-json\/wp\/v2\/media\/10860"}],"wp:attachment":[{"href":"https:\/\/www.bobooaza.pl\/index.php\/wp-json\/wp\/v2\/media?parent=10861"}],"wp:term":[{"taxonomy":"product_brand","embeddable":true,"href":"https:\/\/www.bobooaza.pl\/index.php\/wp-json\/wp\/v2\/product_brand?post=10861"},{"taxonomy":"product_cat","embeddable":true,"href":"https:\/\/www.bobooaza.pl\/index.php\/wp-json\/wp\/v2\/product_cat?post=10861"},{"taxonomy":"product_tag","embeddable":true,"href":"https:\/\/www.bobooaza.pl\/index.php\/wp-json\/wp\/v2\/product_tag?post=10861"}],"curies":[{"name":"wp","href":"https:\/\/api.w.org\/{rel}","templated":true}]}}