{"id":10865,"date":"2026-01-06T19:09:51","date_gmt":"2026-01-06T18:09:51","guid":{"rendered":"https:\/\/bobooaza.pl\/index.php\/produkt\/ceba-309-000-640-foto-mata-92x72-basic-retro-cars\/"},"modified":"2026-01-06T19:12:37","modified_gmt":"2026-01-06T18:12:37","slug":"ceba-309-000-640-foto-mata-92x72-basic-retro-cars","status":"publish","type":"product","link":"https:\/\/www.bobooaza.pl\/index.php\/produkt\/ceba-309-000-640-foto-mata-92x72-basic-retro-cars\/","title":{"rendered":"CEBA 309-000-640 Foto mata 92&#215;72 Basic Retro Cars"},"content":{"rendered":"<p>Ceba Baby Foto Mata Basic Retro Cars 92&#215;72 cm to praktyczny i estetyczny wyb\u00f3r dla rodzic\u00f3w poszukuj\u0105cych bezpiecznego produktu w przyst\u0119pnej cenie. Linia Basic zosta\u0142a stworzona przez mark\u0119 Ceba Baby jako odpowied\u017a na potrzeby rynku, oferuj\u0105c sprawdzon\u0105 jako\u015b\u0107 i wysoki poziom bezpiecze\u0144stwa przy jednoczesnej optymalizacji koszt\u00f3w pakowania i logistyki.<\/p>\n<p>Mata fotograficzna Milestone umo\u017cliwia wygodne dokumentowanie rozwoju dziecka poprzez zaznaczanie kolejnych dni, tygodni i miesi\u0119cy, tworz\u0105c wyj\u0105tkow\u0105 pami\u0105tk\u0119 z pierwszych etap\u00f3w \u017cycia malucha. Wymiar 92&#215;72 cm zapewnia komfortow\u0105 przestrze\u0144 zar\u00f3wno do wykonywania pami\u0105tkowych zdj\u0119\u0107, jak i do codziennej zabawy, \u0107wicze\u0144 na brzuszku oraz aktywno\u015bci wspieraj\u0105cych rozw\u00f3j ruchowy dziecka. Gruba i mi\u0119kka g\u0105bka gwarantuje wygod\u0119 i odpowiednie podparcie.<\/p>\n<p>Produkt wykonano z atestowanych materia\u0142\u00f3w bezpiecznych dla niemowl\u0105t. Wodoodporna powierzchnia u\u0142atwia utrzymanie maty w czysto\u015bci, dzi\u0119ki czemu doskonale sprawdza si\u0119 w codziennym u\u017cytkowaniu. To funkcjonalne rozwi\u0105zanie, kt\u00f3re \u0142\u0105czy walory pami\u0105tkowe z praktycznym zastosowaniem i atrakcyjnym stosunkiem jako\u015bci do ceny.<\/p>\n","protected":false},"excerpt":{"rendered":"<p>Ceba Baby Foto Mata Basic Retro Cars 92&#215;72 cm to praktyczny i estetyczny wyb\u00f3r dla rodzic\u00f3w poszukuj\u0105cych bezpiecznego produktu w przyst\u0119pnej cenie. Linia Basic zosta\u0142a stworzona przez mark\u0119 Ceba Baby jako odpowied\u017a na potrzeby rynku, oferuj\u0105c sprawdzon\u0105 jako\u015b\u0107 i wysoki poziom bezpiecze\u0144stwa przy jednoczesnej optymalizacji koszt\u00f3w pakowania i logistyki. Mata fotograficzna Milestone umo\u017cliwia wygodne dokumentowanie [&hellip;]<\/p>\n","protected":false},"featured_media":10864,"comment_status":"open","ping_status":"closed","template":"","meta":[],"product_brand":[],"product_cat":[76,154],"product_tag":[],"class_list":{"0":"post-10865","1":"product","2":"type-product","3":"status-publish","4":"has-post-thumbnail","6":"product_cat-dziecko","7":"product_cat-maty-do-zdjec","9":"first","10":"outofstock","11":"taxable","12":"shipping-taxable","13":"purchasable","14":"product-type-simple"},"_links":{"self":[{"href":"https:\/\/www.bobooaza.pl\/index.php\/wp-json\/wp\/v2\/product\/10865","targetHints":{"allow":["GET"]}}],"collection":[{"href":"https:\/\/www.bobooaza.pl\/index.php\/wp-json\/wp\/v2\/product"}],"about":[{"href":"https:\/\/www.bobooaza.pl\/index.php\/wp-json\/wp\/v2\/types\/product"}],"replies":[{"embeddable":true,"href":"https:\/\/www.bobooaza.pl\/index.php\/wp-json\/wp\/v2\/comments?post=10865"}],"wp:featuredmedia":[{"embeddable":true,"href":"https:\/\/www.bobooaza.pl\/index.php\/wp-json\/wp\/v2\/media\/10864"}],"wp:attachment":[{"href":"https:\/\/www.bobooaza.pl\/index.php\/wp-json\/wp\/v2\/media?parent=10865"}],"wp:term":[{"taxonomy":"product_brand","embeddable":true,"href":"https:\/\/www.bobooaza.pl\/index.php\/wp-json\/wp\/v2\/product_brand?post=10865"},{"taxonomy":"product_cat","embeddable":true,"href":"https:\/\/www.bobooaza.pl\/index.php\/wp-json\/wp\/v2\/product_cat?post=10865"},{"taxonomy":"product_tag","embeddable":true,"href":"https:\/\/www.bobooaza.pl\/index.php\/wp-json\/wp\/v2\/product_tag?post=10865"}],"curies":[{"name":"wp","href":"https:\/\/api.w.org\/{rel}","templated":true}]}}