{"id":10875,"date":"2026-01-06T19:37:37","date_gmt":"2026-01-06T18:37:37","guid":{"rendered":"https:\/\/bobooaza.pl\/index.php\/produkt\/albero-mio-fotelik-velvet-zielen-v114\/"},"modified":"2026-01-06T19:39:58","modified_gmt":"2026-01-06T18:39:58","slug":"albero-mio-fotelik-velvet-zielen-v114","status":"publish","type":"product","link":"https:\/\/www.bobooaza.pl\/index.php\/produkt\/albero-mio-fotelik-velvet-zielen-v114\/","title":{"rendered":"ALBERO MIO Fotelik Velvet ziele\u0144 V114"},"content":{"rendered":"<p>Albero Mio Fotelik Velvet Ziele\u0144 V114 to eleganckie i komfortowe siedzisko dla starszych dzieci, kt\u00f3re potrafi\u0105 samodzielnie siedzie\u0107. Nale\u017cy do kolekcji Velvet Kids, wyr\u00f3\u017cniaj\u0105cej si\u0119 mi\u0119kkim, puszystym pikowanym velvetem, kt\u00f3ry jest przyjemny w dotyku, a jednocze\u015bnie \u0142atwy w piel\u0119gnacji dzi\u0119ki innowacyjnej technologii podw\u00f3jnego splotu cienkich poliestrowych w\u0142\u00f3kien.<\/p>\n<p>Mi\u0119kka piankowa konstrukcja zapewnia wygod\u0119 podczas zabawy, odpoczynku czy czytania, a stabilna forma wspiera prawid\u0142ow\u0105 postaw\u0119 dziecka. Boczn\u0105 kieszonk\u0119 mo\u017cna wykorzysta\u0107 do przechowywania drobnych zabawek, ksi\u0105\u017ceczek lub akcesori\u00f3w, co zwi\u0119ksza funkcjonalno\u015b\u0107 fotelika.<\/p>\n<p>Zdejmowany, pikowany pokrowiec z velvetu u\u0142atwia utrzymanie fotelika w czysto\u015bci i nadaje mu elegancki, nowoczesny wygl\u0105d. Kompaktowe wymiary 50 x 35 x 45 cm czyni\u0105 fotelik wygodnym, stylowym i praktycznym elementem wyposa\u017cenia pokoju dziecka.<\/p>\n","protected":false},"excerpt":{"rendered":"<p>Albero Mio Fotelik Velvet Ziele\u0144 V114 to eleganckie i komfortowe siedzisko dla starszych dzieci, kt\u00f3re potrafi\u0105 samodzielnie siedzie\u0107. Nale\u017cy do kolekcji Velvet Kids, wyr\u00f3\u017cniaj\u0105cej si\u0119 mi\u0119kkim, puszystym pikowanym velvetem, kt\u00f3ry jest przyjemny w dotyku, a jednocze\u015bnie \u0142atwy w piel\u0119gnacji dzi\u0119ki innowacyjnej technologii podw\u00f3jnego splotu cienkich poliestrowych w\u0142\u00f3kien. Mi\u0119kka piankowa konstrukcja zapewnia wygod\u0119 podczas zabawy, odpoczynku [&hellip;]<\/p>\n","protected":false},"featured_media":10874,"comment_status":"open","ping_status":"closed","template":"","meta":[],"product_brand":[],"product_cat":[76,122,121,84],"product_tag":[],"class_list":{"0":"post-10875","1":"product","2":"type-product","3":"status-publish","4":"has-post-thumbnail","6":"product_cat-dziecko","7":"product_cat-fotele","8":"product_cat-meble","9":"product_cat-pokoj-dziecka","11":"first","12":"outofstock","13":"taxable","14":"shipping-taxable","15":"purchasable","16":"product-type-simple"},"_links":{"self":[{"href":"https:\/\/www.bobooaza.pl\/index.php\/wp-json\/wp\/v2\/product\/10875","targetHints":{"allow":["GET"]}}],"collection":[{"href":"https:\/\/www.bobooaza.pl\/index.php\/wp-json\/wp\/v2\/product"}],"about":[{"href":"https:\/\/www.bobooaza.pl\/index.php\/wp-json\/wp\/v2\/types\/product"}],"replies":[{"embeddable":true,"href":"https:\/\/www.bobooaza.pl\/index.php\/wp-json\/wp\/v2\/comments?post=10875"}],"wp:featuredmedia":[{"embeddable":true,"href":"https:\/\/www.bobooaza.pl\/index.php\/wp-json\/wp\/v2\/media\/10874"}],"wp:attachment":[{"href":"https:\/\/www.bobooaza.pl\/index.php\/wp-json\/wp\/v2\/media?parent=10875"}],"wp:term":[{"taxonomy":"product_brand","embeddable":true,"href":"https:\/\/www.bobooaza.pl\/index.php\/wp-json\/wp\/v2\/product_brand?post=10875"},{"taxonomy":"product_cat","embeddable":true,"href":"https:\/\/www.bobooaza.pl\/index.php\/wp-json\/wp\/v2\/product_cat?post=10875"},{"taxonomy":"product_tag","embeddable":true,"href":"https:\/\/www.bobooaza.pl\/index.php\/wp-json\/wp\/v2\/product_tag?post=10875"}],"curies":[{"name":"wp","href":"https:\/\/api.w.org\/{rel}","templated":true}]}}