{"id":10877,"date":"2026-01-06T19:37:44","date_gmt":"2026-01-06T18:37:44","guid":{"rendered":"https:\/\/bobooaza.pl\/index.php\/produkt\/albero-mio-fotelik-velvet-retro-bez-v113\/"},"modified":"2026-01-06T19:39:58","modified_gmt":"2026-01-06T18:39:58","slug":"albero-mio-fotelik-velvet-retro-bez-v113","status":"publish","type":"product","link":"https:\/\/www.bobooaza.pl\/index.php\/produkt\/albero-mio-fotelik-velvet-retro-bez-v113\/","title":{"rendered":"ALBERO MIO Fotelik Velvet retro be\u017c V113"},"content":{"rendered":"<p>Albero Mio Fotelik Velvet Retro Be\u017c V113 to stylowe i komfortowe siedzisko dla starszych dzieci, kt\u00f3re potrafi\u0105 samodzielnie siedzie\u0107. Nale\u017cy do kolekcji Velvet Kids, wyr\u00f3\u017cniaj\u0105cej si\u0119 mi\u0119kkim, puszystym pikowanym velvetem, kt\u00f3ry jest przyjemny w dotyku i \u0142atwy w piel\u0119gnacji dzi\u0119ki innowacyjnej technologii podw\u00f3jnego splotu cienkich poliestrowych w\u0142\u00f3kien.<\/p>\n<p>Mi\u0119kka piankowa konstrukcja zapewnia wygod\u0119 podczas zabawy, odpoczynku czy czytania, a stabilna forma wspiera prawid\u0142ow\u0105 postaw\u0119 dziecka. Boczn\u0105 kieszonk\u0119 mo\u017cna wykorzysta\u0107 do przechowywania drobnych zabawek, ksi\u0105\u017ceczek lub akcesori\u00f3w, co zwi\u0119ksza funkcjonalno\u015b\u0107 fotelika.<\/p>\n<p>Zdejmowany, pikowany pokrowiec z velvetu u\u0142atwia utrzymanie fotelika w czysto\u015bci i nadaje mu elegancki, ponadczasowy wygl\u0105d. Kompaktowe wymiary 50 x 35 x 45 cm sprawiaj\u0105, \u017ce fotelik jest wygodny, praktyczny i doskonale wpisuje si\u0119 w aran\u017cacj\u0119 pokoju dzieci\u0119cego.<\/p>\n","protected":false},"excerpt":{"rendered":"<p>Albero Mio Fotelik Velvet Retro Be\u017c V113 to stylowe i komfortowe siedzisko dla starszych dzieci, kt\u00f3re potrafi\u0105 samodzielnie siedzie\u0107. Nale\u017cy do kolekcji Velvet Kids, wyr\u00f3\u017cniaj\u0105cej si\u0119 mi\u0119kkim, puszystym pikowanym velvetem, kt\u00f3ry jest przyjemny w dotyku i \u0142atwy w piel\u0119gnacji dzi\u0119ki innowacyjnej technologii podw\u00f3jnego splotu cienkich poliestrowych w\u0142\u00f3kien. Mi\u0119kka piankowa konstrukcja zapewnia wygod\u0119 podczas zabawy, odpoczynku [&hellip;]<\/p>\n","protected":false},"featured_media":10876,"comment_status":"open","ping_status":"closed","template":"","meta":[],"product_brand":[],"product_cat":[76,122,121,84],"product_tag":[],"class_list":{"0":"post-10877","1":"product","2":"type-product","3":"status-publish","4":"has-post-thumbnail","6":"product_cat-dziecko","7":"product_cat-fotele","8":"product_cat-meble","9":"product_cat-pokoj-dziecka","11":"first","12":"instock","13":"taxable","14":"shipping-taxable","15":"purchasable","16":"product-type-simple"},"_links":{"self":[{"href":"https:\/\/www.bobooaza.pl\/index.php\/wp-json\/wp\/v2\/product\/10877","targetHints":{"allow":["GET"]}}],"collection":[{"href":"https:\/\/www.bobooaza.pl\/index.php\/wp-json\/wp\/v2\/product"}],"about":[{"href":"https:\/\/www.bobooaza.pl\/index.php\/wp-json\/wp\/v2\/types\/product"}],"replies":[{"embeddable":true,"href":"https:\/\/www.bobooaza.pl\/index.php\/wp-json\/wp\/v2\/comments?post=10877"}],"wp:featuredmedia":[{"embeddable":true,"href":"https:\/\/www.bobooaza.pl\/index.php\/wp-json\/wp\/v2\/media\/10876"}],"wp:attachment":[{"href":"https:\/\/www.bobooaza.pl\/index.php\/wp-json\/wp\/v2\/media?parent=10877"}],"wp:term":[{"taxonomy":"product_brand","embeddable":true,"href":"https:\/\/www.bobooaza.pl\/index.php\/wp-json\/wp\/v2\/product_brand?post=10877"},{"taxonomy":"product_cat","embeddable":true,"href":"https:\/\/www.bobooaza.pl\/index.php\/wp-json\/wp\/v2\/product_cat?post=10877"},{"taxonomy":"product_tag","embeddable":true,"href":"https:\/\/www.bobooaza.pl\/index.php\/wp-json\/wp\/v2\/product_tag?post=10877"}],"curies":[{"name":"wp","href":"https:\/\/api.w.org\/{rel}","templated":true}]}}