{"id":10879,"date":"2026-01-06T19:37:49","date_gmt":"2026-01-06T18:37:49","guid":{"rendered":"https:\/\/bobooaza.pl\/index.php\/produkt\/albero-mio-fotelik-velvet-granatowy-v105\/"},"modified":"2026-01-19T21:54:01","modified_gmt":"2026-01-19T20:54:01","slug":"albero-mio-fotelik-velvet-granatowy-v105","status":"publish","type":"product","link":"https:\/\/www.bobooaza.pl\/index.php\/produkt\/albero-mio-fotelik-velvet-granatowy-v105\/","title":{"rendered":"ALBERO MIO Fotelik Velvet granatowy V105"},"content":{"rendered":"<p>Albero Mio Fotelik Velvet Granatowy V105 to eleganckie i komfortowe siedzisko dla starszych dzieci, kt\u00f3re potrafi\u0105 samodzielnie siedzie\u0107. Wype\u0142nienie z mi\u0119kkiej pianki poliuretanowej zapewnia wygod\u0119 i stabilno\u015b\u0107, a pikowane velvetowe obszycie w formie zdejmowanego pokrowca dodaje fotelikowi stylu i u\u0142atwia utrzymanie w czysto\u015bci.<\/p>\n<p>Boczna kieszonka doskonale sprawdza si\u0119 do przechowywania zabawek, ksi\u0105\u017ceczek lub drobnych akcesori\u00f3w, a praktyczny uchwyt umo\u017cliwia \u0142atwe przenoszenie fotelika w dowolne miejsce. Produkt nie posiada twardych kraw\u0119dzi ani wystaj\u0105cych element\u00f3w, co zwi\u0119ksza bezpiecze\u0144stwo u\u017cytkowania.<\/p>\n<p>Kompaktowe wymiary 50 x 35 x 45 cm sprawiaj\u0105, \u017ce fotelik jest wygodny i funkcjonalny, idealny zar\u00f3wno do zabawy, jak i odpoczynku. Trwa\u0142a pianka nie odkszta\u0142ca si\u0119, co czyni fotelik inwestycj\u0105 na lata, dopasowan\u0105 r\u00f3wnie\u017c do potrzeb starszych dzieci.<\/p>\n","protected":false},"excerpt":{"rendered":"<p>Albero Mio Fotelik Velvet Granatowy V105 to eleganckie i komfortowe siedzisko dla starszych dzieci, kt\u00f3re potrafi\u0105 samodzielnie siedzie\u0107. Wype\u0142nienie z mi\u0119kkiej pianki poliuretanowej zapewnia wygod\u0119 i stabilno\u015b\u0107, a pikowane velvetowe obszycie w formie zdejmowanego pokrowca dodaje fotelikowi stylu i u\u0142atwia utrzymanie w czysto\u015bci. Boczna kieszonka doskonale sprawdza si\u0119 do przechowywania zabawek, ksi\u0105\u017ceczek lub drobnych akcesori\u00f3w, [&hellip;]<\/p>\n","protected":false},"featured_media":10878,"comment_status":"open","ping_status":"closed","template":"","meta":[],"product_brand":[],"product_cat":[76,122,121,84],"product_tag":[],"class_list":{"0":"post-10879","1":"product","2":"type-product","3":"status-publish","4":"has-post-thumbnail","6":"product_cat-dziecko","7":"product_cat-fotele","8":"product_cat-meble","9":"product_cat-pokoj-dziecka","11":"first","12":"outofstock","13":"taxable","14":"shipping-taxable","15":"purchasable","16":"product-type-simple"},"_links":{"self":[{"href":"https:\/\/www.bobooaza.pl\/index.php\/wp-json\/wp\/v2\/product\/10879","targetHints":{"allow":["GET"]}}],"collection":[{"href":"https:\/\/www.bobooaza.pl\/index.php\/wp-json\/wp\/v2\/product"}],"about":[{"href":"https:\/\/www.bobooaza.pl\/index.php\/wp-json\/wp\/v2\/types\/product"}],"replies":[{"embeddable":true,"href":"https:\/\/www.bobooaza.pl\/index.php\/wp-json\/wp\/v2\/comments?post=10879"}],"wp:featuredmedia":[{"embeddable":true,"href":"https:\/\/www.bobooaza.pl\/index.php\/wp-json\/wp\/v2\/media\/10878"}],"wp:attachment":[{"href":"https:\/\/www.bobooaza.pl\/index.php\/wp-json\/wp\/v2\/media?parent=10879"}],"wp:term":[{"taxonomy":"product_brand","embeddable":true,"href":"https:\/\/www.bobooaza.pl\/index.php\/wp-json\/wp\/v2\/product_brand?post=10879"},{"taxonomy":"product_cat","embeddable":true,"href":"https:\/\/www.bobooaza.pl\/index.php\/wp-json\/wp\/v2\/product_cat?post=10879"},{"taxonomy":"product_tag","embeddable":true,"href":"https:\/\/www.bobooaza.pl\/index.php\/wp-json\/wp\/v2\/product_tag?post=10879"}],"curies":[{"name":"wp","href":"https:\/\/api.w.org\/{rel}","templated":true}]}}