{"id":10890,"date":"2026-01-06T19:38:09","date_gmt":"2026-01-06T18:38:09","guid":{"rendered":"https:\/\/bobooaza.pl\/index.php\/produkt\/albero-mio-fotelik-piankowy-animals-a003-koala\/"},"modified":"2026-01-19T21:54:02","modified_gmt":"2026-01-19T20:54:02","slug":"albero-mio-fotelik-piankowy-animals-a003-koala","status":"publish","type":"product","link":"https:\/\/www.bobooaza.pl\/index.php\/produkt\/albero-mio-fotelik-piankowy-animals-a003-koala\/","title":{"rendered":"ALBERO MIO Fotelik piankowy Animals A003 Koala"},"content":{"rendered":"<p>Albero Mio Fotelik Piankowy Animals A003 Koala to mi\u0119kkie i wygodne siedzisko dla starszych dzieci, kt\u00f3re potrafi\u0105 samodzielnie siedzie\u0107. Wype\u0142nienie z pianki poliuretanowej zapewnia komfort i stabilno\u015b\u0107, a pikowany, velvetowy pokrowiec z poliestru nadaje fotelikowi przytulny i nowoczesny wygl\u0105d.<\/p>\n<p>Boczna kieszonka pozwala przechowywa\u0107 drobne zabawki, ksi\u0105\u017ceczki lub akcesoria, a praktyczny uchwyt u\u0142atwia przenoszenie fotelika w dowolne miejsce. Kompaktowe wymiary 50 x 35 x 45 cm sprawiaj\u0105, \u017ce fotelik jest funkcjonalny, wygodny i doskonale sprawdza si\u0119 zar\u00f3wno do zabawy, jak i odpoczynku. To po\u0142\u0105czenie komfortu, bezpiecze\u0144stwa i estetyki w atrakcyjnym, dzieci\u0119cym designie.<\/p>\n","protected":false},"excerpt":{"rendered":"<p>Albero Mio Fotelik Piankowy Animals A003 Koala to mi\u0119kkie i wygodne siedzisko dla starszych dzieci, kt\u00f3re potrafi\u0105 samodzielnie siedzie\u0107. Wype\u0142nienie z pianki poliuretanowej zapewnia komfort i stabilno\u015b\u0107, a pikowany, velvetowy pokrowiec z poliestru nadaje fotelikowi przytulny i nowoczesny wygl\u0105d. Boczna kieszonka pozwala przechowywa\u0107 drobne zabawki, ksi\u0105\u017ceczki lub akcesoria, a praktyczny uchwyt u\u0142atwia przenoszenie fotelika w [&hellip;]<\/p>\n","protected":false},"featured_media":10886,"comment_status":"open","ping_status":"closed","template":"","meta":[],"product_brand":[],"product_cat":[76,122,121,84],"product_tag":[],"class_list":{"0":"post-10890","1":"product","2":"type-product","3":"status-publish","4":"has-post-thumbnail","6":"product_cat-dziecko","7":"product_cat-fotele","8":"product_cat-meble","9":"product_cat-pokoj-dziecka","11":"first","12":"instock","13":"taxable","14":"shipping-taxable","15":"purchasable","16":"product-type-simple"},"_links":{"self":[{"href":"https:\/\/www.bobooaza.pl\/index.php\/wp-json\/wp\/v2\/product\/10890","targetHints":{"allow":["GET"]}}],"collection":[{"href":"https:\/\/www.bobooaza.pl\/index.php\/wp-json\/wp\/v2\/product"}],"about":[{"href":"https:\/\/www.bobooaza.pl\/index.php\/wp-json\/wp\/v2\/types\/product"}],"replies":[{"embeddable":true,"href":"https:\/\/www.bobooaza.pl\/index.php\/wp-json\/wp\/v2\/comments?post=10890"}],"wp:featuredmedia":[{"embeddable":true,"href":"https:\/\/www.bobooaza.pl\/index.php\/wp-json\/wp\/v2\/media\/10886"}],"wp:attachment":[{"href":"https:\/\/www.bobooaza.pl\/index.php\/wp-json\/wp\/v2\/media?parent=10890"}],"wp:term":[{"taxonomy":"product_brand","embeddable":true,"href":"https:\/\/www.bobooaza.pl\/index.php\/wp-json\/wp\/v2\/product_brand?post=10890"},{"taxonomy":"product_cat","embeddable":true,"href":"https:\/\/www.bobooaza.pl\/index.php\/wp-json\/wp\/v2\/product_cat?post=10890"},{"taxonomy":"product_tag","embeddable":true,"href":"https:\/\/www.bobooaza.pl\/index.php\/wp-json\/wp\/v2\/product_tag?post=10890"}],"curies":[{"name":"wp","href":"https:\/\/api.w.org\/{rel}","templated":true}]}}