{"id":10904,"date":"2026-01-06T19:38:28","date_gmt":"2026-01-06T18:38:28","guid":{"rendered":"https:\/\/bobooaza.pl\/index.php\/produkt\/albero-mio-fotelik-basic-print-autka\/"},"modified":"2026-01-06T19:40:03","modified_gmt":"2026-01-06T18:40:03","slug":"albero-mio-fotelik-basic-print-autka","status":"publish","type":"product","link":"https:\/\/www.bobooaza.pl\/index.php\/produkt\/albero-mio-fotelik-basic-print-autka\/","title":{"rendered":"ALBERO MIO Fotelik Basic Print AUTKA"},"content":{"rendered":"<p>Albero Mio Fotelik Basic Print Autka to wygodne i praktyczne siedzisko dla starszych dzieci, kt\u00f3re potrafi\u0105 samodzielnie siedzie\u0107. Wype\u0142nienie z pianki poliuretanowej zapewnia komfort i stabilno\u015b\u0107, a pikowany bawe\u0142niany pokrowiec jest przyjemny w dotyku i \u0142atwy w utrzymaniu w czysto\u015bci.<\/p>\n<p>Kompaktowe wymiary 40 cm wysoko\u015bci, 35 cm g\u0142\u0119boko\u015bci i 41 cm szeroko\u015bci sprawiaj\u0105, \u017ce fotelik jest wygodny i funkcjonalny, idealny do codziennego u\u017cytkowania w pokoju dziecka. Kolorowy nadruk w motyw autek dodaje fotelikowi dzieci\u0119cego charakteru i u\u0142atwia dopasowanie do r\u00f3\u017cnych aran\u017cacji wn\u0119trza.<\/p>\n","protected":false},"excerpt":{"rendered":"<p>Albero Mio Fotelik Basic Print Autka to wygodne i praktyczne siedzisko dla starszych dzieci, kt\u00f3re potrafi\u0105 samodzielnie siedzie\u0107. Wype\u0142nienie z pianki poliuretanowej zapewnia komfort i stabilno\u015b\u0107, a pikowany bawe\u0142niany pokrowiec jest przyjemny w dotyku i \u0142atwy w utrzymaniu w czysto\u015bci. Kompaktowe wymiary 40 cm wysoko\u015bci, 35 cm g\u0142\u0119boko\u015bci i 41 cm szeroko\u015bci sprawiaj\u0105, \u017ce fotelik [&hellip;]<\/p>\n","protected":false},"featured_media":10902,"comment_status":"open","ping_status":"closed","template":"","meta":[],"product_brand":[],"product_cat":[76,122,121,84],"product_tag":[],"class_list":{"0":"post-10904","1":"product","2":"type-product","3":"status-publish","4":"has-post-thumbnail","6":"product_cat-dziecko","7":"product_cat-fotele","8":"product_cat-meble","9":"product_cat-pokoj-dziecka","11":"first","12":"outofstock","13":"taxable","14":"shipping-taxable","15":"purchasable","16":"product-type-simple"},"_links":{"self":[{"href":"https:\/\/www.bobooaza.pl\/index.php\/wp-json\/wp\/v2\/product\/10904","targetHints":{"allow":["GET"]}}],"collection":[{"href":"https:\/\/www.bobooaza.pl\/index.php\/wp-json\/wp\/v2\/product"}],"about":[{"href":"https:\/\/www.bobooaza.pl\/index.php\/wp-json\/wp\/v2\/types\/product"}],"replies":[{"embeddable":true,"href":"https:\/\/www.bobooaza.pl\/index.php\/wp-json\/wp\/v2\/comments?post=10904"}],"wp:featuredmedia":[{"embeddable":true,"href":"https:\/\/www.bobooaza.pl\/index.php\/wp-json\/wp\/v2\/media\/10902"}],"wp:attachment":[{"href":"https:\/\/www.bobooaza.pl\/index.php\/wp-json\/wp\/v2\/media?parent=10904"}],"wp:term":[{"taxonomy":"product_brand","embeddable":true,"href":"https:\/\/www.bobooaza.pl\/index.php\/wp-json\/wp\/v2\/product_brand?post=10904"},{"taxonomy":"product_cat","embeddable":true,"href":"https:\/\/www.bobooaza.pl\/index.php\/wp-json\/wp\/v2\/product_cat?post=10904"},{"taxonomy":"product_tag","embeddable":true,"href":"https:\/\/www.bobooaza.pl\/index.php\/wp-json\/wp\/v2\/product_tag?post=10904"}],"curies":[{"name":"wp","href":"https:\/\/api.w.org\/{rel}","templated":true}]}}