{"id":10911,"date":"2026-01-06T19:52:26","date_gmt":"2026-01-06T18:52:26","guid":{"rendered":"https:\/\/bobooaza.pl\/index.php\/produkt\/albero-mio-baldachim-uniwersalny-z-kokarda-brudny-roz\/"},"modified":"2026-01-19T21:54:04","modified_gmt":"2026-01-19T20:54:04","slug":"albero-mio-baldachim-uniwersalny-z-kokarda-brudny-roz","status":"publish","type":"product","link":"https:\/\/www.bobooaza.pl\/index.php\/produkt\/albero-mio-baldachim-uniwersalny-z-kokarda-brudny-roz\/","title":{"rendered":"ALBERO MIO Baldachim uniwersalny z kokard\u0105 brudny r\u00f3\u017c"},"content":{"rendered":"<p>Albero Mio Baldachim Uniwersalny z Kokard\u0105 w kolorze Brudny R\u00f3\u017c to elegancki i funkcjonalny dodatek do pokoju dziecka. Wymiary 150 x 200 cm zapewniaj\u0105 efektown\u0105 dekoracj\u0119 nad \u0142\u00f3\u017ceczkiem, kojcem lub fotelikiem, tworz\u0105c przytuln\u0105 przestrze\u0144 do odpoczynku i zabawy.<\/p>\n<p>G\u00f3rna cz\u0119\u015b\u0107 wykonana jest z naturalnej bawe\u0142ny w delikatnym odcieniu brudnego r\u00f3\u017cu, a dolna cz\u0119\u015b\u0107 z bia\u0142ego poliestru subtelnie rozprasza \u015bwiat\u0142o i nadaje lekko\u015bci ca\u0142ej konstrukcji. Baldachim \u0142\u0105czy estetyk\u0119 z praktycznym zastosowaniem, wprowadzaj\u0105c do wn\u0119trza dzieci\u0119cego przytulny i stylowy akcent.<\/p>\n","protected":false},"excerpt":{"rendered":"<p>Albero Mio Baldachim Uniwersalny z Kokard\u0105 w kolorze Brudny R\u00f3\u017c to elegancki i funkcjonalny dodatek do pokoju dziecka. Wymiary 150 x 200 cm zapewniaj\u0105 efektown\u0105 dekoracj\u0119 nad \u0142\u00f3\u017ceczkiem, kojcem lub fotelikiem, tworz\u0105c przytuln\u0105 przestrze\u0144 do odpoczynku i zabawy. G\u00f3rna cz\u0119\u015b\u0107 wykonana jest z naturalnej bawe\u0142ny w delikatnym odcieniu brudnego r\u00f3\u017cu, a dolna cz\u0119\u015b\u0107 z bia\u0142ego [&hellip;]<\/p>\n","protected":false},"featured_media":10910,"comment_status":"open","ping_status":"closed","template":"","meta":[],"product_brand":[],"product_cat":[120,76,84],"product_tag":[],"class_list":{"0":"post-10911","1":"product","2":"type-product","3":"status-publish","4":"has-post-thumbnail","6":"product_cat-baldachimy-i-moskitiery","7":"product_cat-dziecko","8":"product_cat-pokoj-dziecka","10":"first","11":"outofstock","12":"taxable","13":"shipping-taxable","14":"purchasable","15":"product-type-simple"},"_links":{"self":[{"href":"https:\/\/www.bobooaza.pl\/index.php\/wp-json\/wp\/v2\/product\/10911","targetHints":{"allow":["GET"]}}],"collection":[{"href":"https:\/\/www.bobooaza.pl\/index.php\/wp-json\/wp\/v2\/product"}],"about":[{"href":"https:\/\/www.bobooaza.pl\/index.php\/wp-json\/wp\/v2\/types\/product"}],"replies":[{"embeddable":true,"href":"https:\/\/www.bobooaza.pl\/index.php\/wp-json\/wp\/v2\/comments?post=10911"}],"wp:featuredmedia":[{"embeddable":true,"href":"https:\/\/www.bobooaza.pl\/index.php\/wp-json\/wp\/v2\/media\/10910"}],"wp:attachment":[{"href":"https:\/\/www.bobooaza.pl\/index.php\/wp-json\/wp\/v2\/media?parent=10911"}],"wp:term":[{"taxonomy":"product_brand","embeddable":true,"href":"https:\/\/www.bobooaza.pl\/index.php\/wp-json\/wp\/v2\/product_brand?post=10911"},{"taxonomy":"product_cat","embeddable":true,"href":"https:\/\/www.bobooaza.pl\/index.php\/wp-json\/wp\/v2\/product_cat?post=10911"},{"taxonomy":"product_tag","embeddable":true,"href":"https:\/\/www.bobooaza.pl\/index.php\/wp-json\/wp\/v2\/product_tag?post=10911"}],"curies":[{"name":"wp","href":"https:\/\/api.w.org\/{rel}","templated":true}]}}