{"id":10915,"date":"2026-01-06T19:52:33","date_gmt":"2026-01-06T18:52:33","guid":{"rendered":"https:\/\/bobooaza.pl\/index.php\/produkt\/albero-mio-baldachim-cotton-color-cc2-bez\/"},"modified":"2026-01-19T21:54:05","modified_gmt":"2026-01-19T20:54:05","slug":"albero-mio-baldachim-cotton-color-cc2-bez","status":"publish","type":"product","link":"https:\/\/www.bobooaza.pl\/index.php\/produkt\/albero-mio-baldachim-cotton-color-cc2-bez\/","title":{"rendered":"ALBERO MIO Baldachim Cotton color CC2 be\u017c"},"content":{"rendered":"<p>Albero Mio Baldachim Cotton Color CC2 w kolorze be\u017cowym to elegancki i funkcjonalny dodatek do pokoju dziecka, kt\u00f3ry tworzy przytuln\u0105 i spokojn\u0105 przestrze\u0144 do snu i zabawy. Wykonany z lekkiego, przewiewnego mu\u015blinu bawe\u0142nianego (double gauze), jest mi\u0119kki, delikatny w dotyku, a jednocze\u015bnie wytrzyma\u0142y i \u0142atwy w utrzymaniu czysto\u015bci.<\/p>\n<p>Stylowe marszczenie w g\u00f3rnej cz\u0119\u015bci nadaje baldachimowi elegancki wygl\u0105d, a praktyczne zastosowanie chroni dziecko przed s\u0142o\u0144cem, owadami i lataj\u0105cymi insektami, zapewniaj\u0105c spokojny i bezpieczny sen. Wymiary 150 x 200 cm i uniwersalny design sprawiaj\u0105, \u017ce baldachim pasuje do wi\u0119kszo\u015bci \u0142\u00f3\u017ceczek i r\u00f3\u017cnorodnych aran\u017cacji wn\u0119trz.<\/p>\n<p>Uszyty w Polsce z certyfikowanej bawe\u0142ny Oeko-Tex, gwarantuje bezpiecze\u0144stwo dla najm\u0142odszych, \u0142\u0105cz\u0105c estetyk\u0119, funkcjonalno\u015b\u0107 i komfort w jednym praktycznym produkcie.<\/p>\n","protected":false},"excerpt":{"rendered":"<p>Albero Mio Baldachim Cotton Color CC2 w kolorze be\u017cowym to elegancki i funkcjonalny dodatek do pokoju dziecka, kt\u00f3ry tworzy przytuln\u0105 i spokojn\u0105 przestrze\u0144 do snu i zabawy. Wykonany z lekkiego, przewiewnego mu\u015blinu bawe\u0142nianego (double gauze), jest mi\u0119kki, delikatny w dotyku, a jednocze\u015bnie wytrzyma\u0142y i \u0142atwy w utrzymaniu czysto\u015bci. Stylowe marszczenie w g\u00f3rnej cz\u0119\u015bci nadaje baldachimowi [&hellip;]<\/p>\n","protected":false},"featured_media":10914,"comment_status":"open","ping_status":"closed","template":"","meta":[],"product_brand":[],"product_cat":[120,76,84],"product_tag":[],"class_list":{"0":"post-10915","1":"product","2":"type-product","3":"status-publish","4":"has-post-thumbnail","6":"product_cat-baldachimy-i-moskitiery","7":"product_cat-dziecko","8":"product_cat-pokoj-dziecka","10":"first","11":"outofstock","12":"taxable","13":"shipping-taxable","14":"purchasable","15":"product-type-simple"},"_links":{"self":[{"href":"https:\/\/www.bobooaza.pl\/index.php\/wp-json\/wp\/v2\/product\/10915","targetHints":{"allow":["GET"]}}],"collection":[{"href":"https:\/\/www.bobooaza.pl\/index.php\/wp-json\/wp\/v2\/product"}],"about":[{"href":"https:\/\/www.bobooaza.pl\/index.php\/wp-json\/wp\/v2\/types\/product"}],"replies":[{"embeddable":true,"href":"https:\/\/www.bobooaza.pl\/index.php\/wp-json\/wp\/v2\/comments?post=10915"}],"wp:featuredmedia":[{"embeddable":true,"href":"https:\/\/www.bobooaza.pl\/index.php\/wp-json\/wp\/v2\/media\/10914"}],"wp:attachment":[{"href":"https:\/\/www.bobooaza.pl\/index.php\/wp-json\/wp\/v2\/media?parent=10915"}],"wp:term":[{"taxonomy":"product_brand","embeddable":true,"href":"https:\/\/www.bobooaza.pl\/index.php\/wp-json\/wp\/v2\/product_brand?post=10915"},{"taxonomy":"product_cat","embeddable":true,"href":"https:\/\/www.bobooaza.pl\/index.php\/wp-json\/wp\/v2\/product_cat?post=10915"},{"taxonomy":"product_tag","embeddable":true,"href":"https:\/\/www.bobooaza.pl\/index.php\/wp-json\/wp\/v2\/product_tag?post=10915"}],"curies":[{"name":"wp","href":"https:\/\/api.w.org\/{rel}","templated":true}]}}