{"id":10927,"date":"2026-01-06T19:52:59","date_gmt":"2026-01-06T18:52:59","guid":{"rendered":"https:\/\/bobooaza.pl\/index.php\/produkt\/albero-mio-baldachim-uniwersalny-z-kokarda-bialy\/"},"modified":"2026-01-19T21:54:07","modified_gmt":"2026-01-19T20:54:07","slug":"albero-mio-baldachim-uniwersalny-z-kokarda-bialy","status":"publish","type":"product","link":"https:\/\/www.bobooaza.pl\/index.php\/produkt\/albero-mio-baldachim-uniwersalny-z-kokarda-bialy\/","title":{"rendered":"ALBERO MIO Baldachim uniwersalny z kokard\u0105 bia\u0142y"},"content":{"rendered":"<p>Albero Mio Baldachim uniwersalny z kokard\u0105 w kolorze bia\u0142ym to elegancki i funkcjonalny dodatek do pokoju dziecka, kt\u00f3ry tworzy przytuln\u0105 i spokojn\u0105 przestrze\u0144 do snu oraz zabawy. Wykonany z wysokiej jako\u015bci bawe\u0142ny (g\u00f3rna cz\u0119\u015b\u0107) i lekkiego, przewiewnego woalu poliestrowego (dolna cz\u0119\u015b\u0107), jest delikatny w dotyku, trwa\u0142y i \u0142atwy w utrzymaniu czysto\u015bci.<\/p>\n<p>Baldachim zdobi praktyczna kokarda, kt\u00f3ra dodaje wn\u0119trzu subtelnego uroku, a jego uniwersalny design sprawia, \u017ce pasuje do wi\u0119kszo\u015bci \u0142\u00f3\u017ceczek dzieci\u0119cych oraz r\u00f3\u017cnych aran\u017cacji pokoju. Wymiary 150 x 200 cm zapewniaj\u0105 komfortowe os\u0142oni\u0119cie i przytuln\u0105 atmosfer\u0119 dla malucha.<\/p>\n","protected":false},"excerpt":{"rendered":"<p>Albero Mio Baldachim uniwersalny z kokard\u0105 w kolorze bia\u0142ym to elegancki i funkcjonalny dodatek do pokoju dziecka, kt\u00f3ry tworzy przytuln\u0105 i spokojn\u0105 przestrze\u0144 do snu oraz zabawy. Wykonany z wysokiej jako\u015bci bawe\u0142ny (g\u00f3rna cz\u0119\u015b\u0107) i lekkiego, przewiewnego woalu poliestrowego (dolna cz\u0119\u015b\u0107), jest delikatny w dotyku, trwa\u0142y i \u0142atwy w utrzymaniu czysto\u015bci. Baldachim zdobi praktyczna kokarda, [&hellip;]<\/p>\n","protected":false},"featured_media":10926,"comment_status":"open","ping_status":"closed","template":"","meta":[],"product_brand":[],"product_cat":[120,76,84],"product_tag":[],"class_list":{"0":"post-10927","1":"product","2":"type-product","3":"status-publish","4":"has-post-thumbnail","6":"product_cat-baldachimy-i-moskitiery","7":"product_cat-dziecko","8":"product_cat-pokoj-dziecka","10":"first","11":"outofstock","12":"taxable","13":"shipping-taxable","14":"purchasable","15":"product-type-simple"},"_links":{"self":[{"href":"https:\/\/www.bobooaza.pl\/index.php\/wp-json\/wp\/v2\/product\/10927","targetHints":{"allow":["GET"]}}],"collection":[{"href":"https:\/\/www.bobooaza.pl\/index.php\/wp-json\/wp\/v2\/product"}],"about":[{"href":"https:\/\/www.bobooaza.pl\/index.php\/wp-json\/wp\/v2\/types\/product"}],"replies":[{"embeddable":true,"href":"https:\/\/www.bobooaza.pl\/index.php\/wp-json\/wp\/v2\/comments?post=10927"}],"wp:featuredmedia":[{"embeddable":true,"href":"https:\/\/www.bobooaza.pl\/index.php\/wp-json\/wp\/v2\/media\/10926"}],"wp:attachment":[{"href":"https:\/\/www.bobooaza.pl\/index.php\/wp-json\/wp\/v2\/media?parent=10927"}],"wp:term":[{"taxonomy":"product_brand","embeddable":true,"href":"https:\/\/www.bobooaza.pl\/index.php\/wp-json\/wp\/v2\/product_brand?post=10927"},{"taxonomy":"product_cat","embeddable":true,"href":"https:\/\/www.bobooaza.pl\/index.php\/wp-json\/wp\/v2\/product_cat?post=10927"},{"taxonomy":"product_tag","embeddable":true,"href":"https:\/\/www.bobooaza.pl\/index.php\/wp-json\/wp\/v2\/product_tag?post=10927"}],"curies":[{"name":"wp","href":"https:\/\/api.w.org\/{rel}","templated":true}]}}