{"id":10929,"date":"2026-01-06T19:56:00","date_gmt":"2026-01-06T18:56:00","guid":{"rendered":"https:\/\/bobooaza.pl\/index.php\/produkt\/b-o-084-moskitiera-uniwersalna-do-lozeczka-take-care\/"},"modified":"2026-01-19T20:20:04","modified_gmt":"2026-01-19T19:20:04","slug":"b-o-084-moskitiera-uniwersalna-do-lozeczka-take-care","status":"publish","type":"product","link":"https:\/\/www.bobooaza.pl\/index.php\/produkt\/b-o-084-moskitiera-uniwersalna-do-lozeczka-take-care\/","title":{"rendered":"B.O.084 Moskitiera uniwersalna do \u0142\u00f3\u017ceczka TAKE CARE"},"content":{"rendered":"<p>B.O.084 Moskitiera uniwersalna Take Care to praktyczny i skuteczny spos\u00f3b na ochron\u0119 dziecka przed uk\u0105szeniami owad\u00f3w podczas snu. Uniwersalny rozmiar sprawia, \u017ce moskitiera pasuje do wi\u0119kszo\u015bci \u0142\u00f3\u017ceczek drewnianych i turystycznych, zapewniaj\u0105c maluchowi bezpieczne i komfortowe otoczenie. Lekka, \u0142atwa w monta\u017cu i estetyczna, stanowi funkcjonalny dodatek do ka\u017cdego pokoju dzieci\u0119cego.<\/p>\n","protected":false},"excerpt":{"rendered":"<p>B.O.084 Moskitiera uniwersalna Take Care to praktyczny i skuteczny spos\u00f3b na ochron\u0119 dziecka przed uk\u0105szeniami owad\u00f3w podczas snu. Uniwersalny rozmiar sprawia, \u017ce moskitiera pasuje do wi\u0119kszo\u015bci \u0142\u00f3\u017ceczek drewnianych i turystycznych, zapewniaj\u0105c maluchowi bezpieczne i komfortowe otoczenie. Lekka, \u0142atwa w monta\u017cu i estetyczna, stanowi funkcjonalny dodatek do ka\u017cdego pokoju dzieci\u0119cego.<\/p>\n","protected":false},"featured_media":10928,"comment_status":"open","ping_status":"closed","template":"","meta":[],"product_brand":[],"product_cat":[120,76,84],"product_tag":[],"class_list":{"0":"post-10929","1":"product","2":"type-product","3":"status-publish","4":"has-post-thumbnail","6":"product_cat-baldachimy-i-moskitiery","7":"product_cat-dziecko","8":"product_cat-pokoj-dziecka","10":"first","11":"instock","12":"taxable","13":"shipping-taxable","14":"purchasable","15":"product-type-simple"},"_links":{"self":[{"href":"https:\/\/www.bobooaza.pl\/index.php\/wp-json\/wp\/v2\/product\/10929","targetHints":{"allow":["GET"]}}],"collection":[{"href":"https:\/\/www.bobooaza.pl\/index.php\/wp-json\/wp\/v2\/product"}],"about":[{"href":"https:\/\/www.bobooaza.pl\/index.php\/wp-json\/wp\/v2\/types\/product"}],"replies":[{"embeddable":true,"href":"https:\/\/www.bobooaza.pl\/index.php\/wp-json\/wp\/v2\/comments?post=10929"}],"wp:featuredmedia":[{"embeddable":true,"href":"https:\/\/www.bobooaza.pl\/index.php\/wp-json\/wp\/v2\/media\/10928"}],"wp:attachment":[{"href":"https:\/\/www.bobooaza.pl\/index.php\/wp-json\/wp\/v2\/media?parent=10929"}],"wp:term":[{"taxonomy":"product_brand","embeddable":true,"href":"https:\/\/www.bobooaza.pl\/index.php\/wp-json\/wp\/v2\/product_brand?post=10929"},{"taxonomy":"product_cat","embeddable":true,"href":"https:\/\/www.bobooaza.pl\/index.php\/wp-json\/wp\/v2\/product_cat?post=10929"},{"taxonomy":"product_tag","embeddable":true,"href":"https:\/\/www.bobooaza.pl\/index.php\/wp-json\/wp\/v2\/product_tag?post=10929"}],"curies":[{"name":"wp","href":"https:\/\/api.w.org\/{rel}","templated":true}]}}