{"id":10931,"date":"2026-01-06T19:56:04","date_gmt":"2026-01-06T18:56:04","guid":{"rendered":"https:\/\/bobooaza.pl\/index.php\/produkt\/kieczmerski-moskitiera-do-lozeczka-170x400\/"},"modified":"2026-01-06T20:03:26","modified_gmt":"2026-01-06T19:03:26","slug":"kieczmerski-moskitiera-do-lozeczka-170x400","status":"publish","type":"product","link":"https:\/\/www.bobooaza.pl\/index.php\/produkt\/kieczmerski-moskitiera-do-lozeczka-170x400\/","title":{"rendered":"KIECZMERSKI Moskitiera do \u0142\u00f3\u017ceczka 170&#215;400"},"content":{"rendered":"<p>KIECZMERSKI Moskitiera do \u0142\u00f3\u017ceczka 170&#215;400 to delikatny tiulowy baldachim, kt\u00f3ry pi\u0119knie ozdobi \u0142\u00f3\u017ceczko lub ko\u0142ysk\u0119, tworz\u0105c przytuln\u0105 i eleganck\u0105 przestrze\u0144 do snu. Moskitiera chroni dziecko przed owadami oraz izoluje od przeci\u0105gu, zapewniaj\u0105c komfortowy i spokojny odpoczynek. Wymiary 170 x 400 cm sprawiaj\u0105, \u017ce doskonale pasuje do wi\u0119kszo\u015bci \u0142\u00f3\u017ceczek dzieci\u0119cych.<\/p>\n","protected":false},"excerpt":{"rendered":"<p>KIECZMERSKI Moskitiera do \u0142\u00f3\u017ceczka 170&#215;400 to delikatny tiulowy baldachim, kt\u00f3ry pi\u0119knie ozdobi \u0142\u00f3\u017ceczko lub ko\u0142ysk\u0119, tworz\u0105c przytuln\u0105 i eleganck\u0105 przestrze\u0144 do snu. Moskitiera chroni dziecko przed owadami oraz izoluje od przeci\u0105gu, zapewniaj\u0105c komfortowy i spokojny odpoczynek. Wymiary 170 x 400 cm sprawiaj\u0105, \u017ce doskonale pasuje do wi\u0119kszo\u015bci \u0142\u00f3\u017ceczek dzieci\u0119cych.<\/p>\n","protected":false},"featured_media":10930,"comment_status":"open","ping_status":"closed","template":"","meta":[],"product_brand":[],"product_cat":[120,76,84],"product_tag":[],"class_list":{"0":"post-10931","1":"product","2":"type-product","3":"status-publish","4":"has-post-thumbnail","6":"product_cat-baldachimy-i-moskitiery","7":"product_cat-dziecko","8":"product_cat-pokoj-dziecka","10":"first","11":"outofstock","12":"taxable","13":"shipping-taxable","14":"purchasable","15":"product-type-simple"},"_links":{"self":[{"href":"https:\/\/www.bobooaza.pl\/index.php\/wp-json\/wp\/v2\/product\/10931","targetHints":{"allow":["GET"]}}],"collection":[{"href":"https:\/\/www.bobooaza.pl\/index.php\/wp-json\/wp\/v2\/product"}],"about":[{"href":"https:\/\/www.bobooaza.pl\/index.php\/wp-json\/wp\/v2\/types\/product"}],"replies":[{"embeddable":true,"href":"https:\/\/www.bobooaza.pl\/index.php\/wp-json\/wp\/v2\/comments?post=10931"}],"wp:featuredmedia":[{"embeddable":true,"href":"https:\/\/www.bobooaza.pl\/index.php\/wp-json\/wp\/v2\/media\/10930"}],"wp:attachment":[{"href":"https:\/\/www.bobooaza.pl\/index.php\/wp-json\/wp\/v2\/media?parent=10931"}],"wp:term":[{"taxonomy":"product_brand","embeddable":true,"href":"https:\/\/www.bobooaza.pl\/index.php\/wp-json\/wp\/v2\/product_brand?post=10931"},{"taxonomy":"product_cat","embeddable":true,"href":"https:\/\/www.bobooaza.pl\/index.php\/wp-json\/wp\/v2\/product_cat?post=10931"},{"taxonomy":"product_tag","embeddable":true,"href":"https:\/\/www.bobooaza.pl\/index.php\/wp-json\/wp\/v2\/product_tag?post=10931"}],"curies":[{"name":"wp","href":"https:\/\/api.w.org\/{rel}","templated":true}]}}