{"id":10937,"date":"2026-01-06T19:56:09","date_gmt":"2026-01-06T18:56:09","guid":{"rendered":"https:\/\/bobooaza.pl\/index.php\/produkt\/topgal-210033-moskitiera-do-lozeczka-czarna\/"},"modified":"2026-01-06T20:03:27","modified_gmt":"2026-01-06T19:03:27","slug":"topgal-210033-moskitiera-do-lozeczka-czarna","status":"publish","type":"product","link":"https:\/\/www.bobooaza.pl\/index.php\/produkt\/topgal-210033-moskitiera-do-lozeczka-czarna\/","title":{"rendered":"TOPGAL 210033 Moskitiera do \u0142\u00f3\u017ceczka czarna"},"content":{"rendered":"<p>TOPGAL 210033 Moskitiera do \u0142\u00f3\u017ceczka w kolorze czarnym skutecznie chroni dziecko przed komarami, muszkami i innymi insektami, zapewniaj\u0105c spokojny sen. Zako\u0144czona praktyczn\u0105 gumk\u0105, \u0142atwo si\u0119 montuje i stabilnie pozostaje na swoim miejscu. Elegancka i funkcjonalna, doskonale sprawdzi si\u0119 w ka\u017cdym pokoju dzieci\u0119cym.<\/p>\n","protected":false},"excerpt":{"rendered":"<p>TOPGAL 210033 Moskitiera do \u0142\u00f3\u017ceczka w kolorze czarnym skutecznie chroni dziecko przed komarami, muszkami i innymi insektami, zapewniaj\u0105c spokojny sen. Zako\u0144czona praktyczn\u0105 gumk\u0105, \u0142atwo si\u0119 montuje i stabilnie pozostaje na swoim miejscu. Elegancka i funkcjonalna, doskonale sprawdzi si\u0119 w ka\u017cdym pokoju dzieci\u0119cym.<\/p>\n","protected":false},"featured_media":10936,"comment_status":"open","ping_status":"closed","template":"","meta":[],"product_brand":[],"product_cat":[120,76,84],"product_tag":[],"class_list":{"0":"post-10937","1":"product","2":"type-product","3":"status-publish","4":"has-post-thumbnail","6":"product_cat-baldachimy-i-moskitiery","7":"product_cat-dziecko","8":"product_cat-pokoj-dziecka","10":"first","11":"instock","12":"taxable","13":"shipping-taxable","14":"purchasable","15":"product-type-simple"},"_links":{"self":[{"href":"https:\/\/www.bobooaza.pl\/index.php\/wp-json\/wp\/v2\/product\/10937","targetHints":{"allow":["GET"]}}],"collection":[{"href":"https:\/\/www.bobooaza.pl\/index.php\/wp-json\/wp\/v2\/product"}],"about":[{"href":"https:\/\/www.bobooaza.pl\/index.php\/wp-json\/wp\/v2\/types\/product"}],"replies":[{"embeddable":true,"href":"https:\/\/www.bobooaza.pl\/index.php\/wp-json\/wp\/v2\/comments?post=10937"}],"wp:featuredmedia":[{"embeddable":true,"href":"https:\/\/www.bobooaza.pl\/index.php\/wp-json\/wp\/v2\/media\/10936"}],"wp:attachment":[{"href":"https:\/\/www.bobooaza.pl\/index.php\/wp-json\/wp\/v2\/media?parent=10937"}],"wp:term":[{"taxonomy":"product_brand","embeddable":true,"href":"https:\/\/www.bobooaza.pl\/index.php\/wp-json\/wp\/v2\/product_brand?post=10937"},{"taxonomy":"product_cat","embeddable":true,"href":"https:\/\/www.bobooaza.pl\/index.php\/wp-json\/wp\/v2\/product_cat?post=10937"},{"taxonomy":"product_tag","embeddable":true,"href":"https:\/\/www.bobooaza.pl\/index.php\/wp-json\/wp\/v2\/product_tag?post=10937"}],"curies":[{"name":"wp","href":"https:\/\/api.w.org\/{rel}","templated":true}]}}