{"id":10939,"date":"2026-01-06T19:56:10","date_gmt":"2026-01-06T18:56:10","guid":{"rendered":"https:\/\/bobooaza.pl\/index.php\/produkt\/albero-mio-moskitiera-woal-biala\/"},"modified":"2026-01-06T20:03:28","modified_gmt":"2026-01-06T19:03:28","slug":"albero-mio-moskitiera-woal-biala","status":"publish","type":"product","link":"https:\/\/www.bobooaza.pl\/index.php\/produkt\/albero-mio-moskitiera-woal-biala\/","title":{"rendered":"ALBERO MIO Moskitiera woal bia\u0142a"},"content":{"rendered":"<p>ALBERO MIO Moskitiera woalowa w kolorze bia\u0142ym to lekka i przewiewna os\u0142ona \u0142\u00f3\u017ceczka, zapewniaj\u0105ca dziecku spokojny sen i ochron\u0119 przed owadami. Wykonana z mi\u0119kkiego, przezroczystego woalu 100% poliester, nie ogranicza dop\u0142ywu \u015bwiat\u0142a ani powietrza, a jednocze\u015bnie pe\u0142ni dekoracyjn\u0105 funkcj\u0119 w pokoju dziecka. Wymiary 200 x 400 cm pozwalaj\u0105 na pe\u0142ne os\u0142oni\u0119cie \u0142\u00f3\u017ceczka. Produkt dost\u0119pny tak\u017ce w kolorze ecru.<\/p>\n","protected":false},"excerpt":{"rendered":"<p>ALBERO MIO Moskitiera woalowa w kolorze bia\u0142ym to lekka i przewiewna os\u0142ona \u0142\u00f3\u017ceczka, zapewniaj\u0105ca dziecku spokojny sen i ochron\u0119 przed owadami. Wykonana z mi\u0119kkiego, przezroczystego woalu 100% poliester, nie ogranicza dop\u0142ywu \u015bwiat\u0142a ani powietrza, a jednocze\u015bnie pe\u0142ni dekoracyjn\u0105 funkcj\u0119 w pokoju dziecka. Wymiary 200 x 400 cm pozwalaj\u0105 na pe\u0142ne os\u0142oni\u0119cie \u0142\u00f3\u017ceczka. Produkt dost\u0119pny tak\u017ce [&hellip;]<\/p>\n","protected":false},"featured_media":10938,"comment_status":"open","ping_status":"closed","template":"","meta":[],"product_brand":[],"product_cat":[120,76,84],"product_tag":[],"class_list":{"0":"post-10939","1":"product","2":"type-product","3":"status-publish","4":"has-post-thumbnail","6":"product_cat-baldachimy-i-moskitiery","7":"product_cat-dziecko","8":"product_cat-pokoj-dziecka","10":"first","11":"outofstock","12":"taxable","13":"shipping-taxable","14":"purchasable","15":"product-type-simple"},"_links":{"self":[{"href":"https:\/\/www.bobooaza.pl\/index.php\/wp-json\/wp\/v2\/product\/10939","targetHints":{"allow":["GET"]}}],"collection":[{"href":"https:\/\/www.bobooaza.pl\/index.php\/wp-json\/wp\/v2\/product"}],"about":[{"href":"https:\/\/www.bobooaza.pl\/index.php\/wp-json\/wp\/v2\/types\/product"}],"replies":[{"embeddable":true,"href":"https:\/\/www.bobooaza.pl\/index.php\/wp-json\/wp\/v2\/comments?post=10939"}],"wp:featuredmedia":[{"embeddable":true,"href":"https:\/\/www.bobooaza.pl\/index.php\/wp-json\/wp\/v2\/media\/10938"}],"wp:attachment":[{"href":"https:\/\/www.bobooaza.pl\/index.php\/wp-json\/wp\/v2\/media?parent=10939"}],"wp:term":[{"taxonomy":"product_brand","embeddable":true,"href":"https:\/\/www.bobooaza.pl\/index.php\/wp-json\/wp\/v2\/product_brand?post=10939"},{"taxonomy":"product_cat","embeddable":true,"href":"https:\/\/www.bobooaza.pl\/index.php\/wp-json\/wp\/v2\/product_cat?post=10939"},{"taxonomy":"product_tag","embeddable":true,"href":"https:\/\/www.bobooaza.pl\/index.php\/wp-json\/wp\/v2\/product_tag?post=10939"}],"curies":[{"name":"wp","href":"https:\/\/api.w.org\/{rel}","templated":true}]}}