{"id":10941,"date":"2026-01-06T20:34:30","date_gmt":"2026-01-06T19:34:30","guid":{"rendered":"https:\/\/bobooaza.pl\/index.php\/produkt\/matex-ochraniacz-do-lozeczka-bump-air-180x30-tb0238_01\/"},"modified":"2026-01-06T20:38:59","modified_gmt":"2026-01-06T19:38:59","slug":"matex-ochraniacz-do-lozeczka-bump-air-180x30-tb0238_01","status":"publish","type":"product","link":"https:\/\/www.bobooaza.pl\/index.php\/produkt\/matex-ochraniacz-do-lozeczka-bump-air-180x30-tb0238_01\/","title":{"rendered":"MATEX Ochraniacz do \u0142\u00f3\u017ceczka BUMP AIR 180&#215;30 [TB0238_01]"},"content":{"rendered":"<p>MATEX Ochraniacz do \u0142\u00f3\u017ceczka BUMP AIR 180&#215;30 [TB0238_01]<\/p>\n<p>Ochraniacz Bump AIR\u00ae wykonany w innowacyjnej technologii, dzi\u0119ki kt\u00f3rej nie odgniata si\u0119 pod wp\u0142ywem nacisku, zachowuj\u0105c sw\u00f3j pierwotny kszta\u0142t. Materia\u0142 zapewnia doskona\u0142\u0105 cyrkulacj\u0119 powietrza, co zwi\u0119ksza komfort dziecka podczas snu.<\/p>\n<p>Sk\u0142ad: 100% poliester<br \/>\nWymiary: 180 \u00d7 30 cm<br \/>\nProdukt chroniony wzorem zastrze\u017conym w UE: nr 002573097-0001.<\/p>\n<p>Zapewnia ochron\u0119 przed uderzeniami i otarciami, pozostaj\u0105c przewiewnym i bezpiecznym dla malucha.<\/p>\n","protected":false},"excerpt":{"rendered":"<p>MATEX Ochraniacz do \u0142\u00f3\u017ceczka BUMP AIR 180&#215;30 [TB0238_01] Ochraniacz Bump AIR\u00ae wykonany w innowacyjnej technologii, dzi\u0119ki kt\u00f3rej nie odgniata si\u0119 pod wp\u0142ywem nacisku, zachowuj\u0105c sw\u00f3j pierwotny kszta\u0142t. Materia\u0142 zapewnia doskona\u0142\u0105 cyrkulacj\u0119 powietrza, co zwi\u0119ksza komfort dziecka podczas snu. Sk\u0142ad: 100% poliester Wymiary: 180 \u00d7 30 cm Produkt chroniony wzorem zastrze\u017conym w UE: nr 002573097-0001. Zapewnia [&hellip;]<\/p>\n","protected":false},"featured_media":10940,"comment_status":"open","ping_status":"closed","template":"","meta":[],"product_brand":[],"product_cat":[76,123,121,124,84],"product_tag":[],"class_list":{"0":"post-10941","1":"product","2":"type-product","3":"status-publish","4":"has-post-thumbnail","6":"product_cat-dziecko","7":"product_cat-lozeczka","8":"product_cat-meble","9":"product_cat-ochraniacze-do-lozeczek","10":"product_cat-pokoj-dziecka","12":"first","13":"instock","14":"taxable","15":"shipping-taxable","16":"purchasable","17":"product-type-simple"},"_links":{"self":[{"href":"https:\/\/www.bobooaza.pl\/index.php\/wp-json\/wp\/v2\/product\/10941","targetHints":{"allow":["GET"]}}],"collection":[{"href":"https:\/\/www.bobooaza.pl\/index.php\/wp-json\/wp\/v2\/product"}],"about":[{"href":"https:\/\/www.bobooaza.pl\/index.php\/wp-json\/wp\/v2\/types\/product"}],"replies":[{"embeddable":true,"href":"https:\/\/www.bobooaza.pl\/index.php\/wp-json\/wp\/v2\/comments?post=10941"}],"wp:featuredmedia":[{"embeddable":true,"href":"https:\/\/www.bobooaza.pl\/index.php\/wp-json\/wp\/v2\/media\/10940"}],"wp:attachment":[{"href":"https:\/\/www.bobooaza.pl\/index.php\/wp-json\/wp\/v2\/media?parent=10941"}],"wp:term":[{"taxonomy":"product_brand","embeddable":true,"href":"https:\/\/www.bobooaza.pl\/index.php\/wp-json\/wp\/v2\/product_brand?post=10941"},{"taxonomy":"product_cat","embeddable":true,"href":"https:\/\/www.bobooaza.pl\/index.php\/wp-json\/wp\/v2\/product_cat?post=10941"},{"taxonomy":"product_tag","embeddable":true,"href":"https:\/\/www.bobooaza.pl\/index.php\/wp-json\/wp\/v2\/product_tag?post=10941"}],"curies":[{"name":"wp","href":"https:\/\/api.w.org\/{rel}","templated":true}]}}