{"id":10959,"date":"2026-01-06T20:35:00","date_gmt":"2026-01-06T19:35:00","guid":{"rendered":"https:\/\/bobooaza.pl\/index.php\/produkt\/albero-mio-ochraniacz-do-lozeczka-mieta\/"},"modified":"2026-01-06T20:39:07","modified_gmt":"2026-01-06T19:39:07","slug":"albero-mio-ochraniacz-do-lozeczka-mieta","status":"publish","type":"product","link":"https:\/\/www.bobooaza.pl\/index.php\/produkt\/albero-mio-ochraniacz-do-lozeczka-mieta\/","title":{"rendered":"ALBERO MIO Ochraniacz do \u0142\u00f3\u017ceczka mi\u0119ta"},"content":{"rendered":"<p>ALBERO MIO Ochraniacz do \u0142\u00f3\u017ceczka w kolorze mi\u0119ta to bezpieczny i mi\u0119kki element zabezpieczaj\u0105cy dziecko przed uderzeniami, otarciami oraz wsuwaniem r\u0105czek i n\u00f3\u017cek mi\u0119dzy szczebelki. Wykonany z tkaniny 100% bawe\u0142na i wype\u0142niony 100% poliestrem, o wymiarach 180 \u00d7 30 cm, dopasowany do \u0142\u00f3\u017ceczka 120 \u00d7 60 cm.<\/p>\n<p>Ochraniacz tworzy przytulne i bezpieczne otoczenie do snu, ale nale\u017cy go stosowa\u0107 wy\u0142\u0105cznie pod opiek\u0105 osoby doros\u0142ej. Produkt nale\u017cy usun\u0105\u0107, gdy dziecko potrafi siedzie\u0107 samodzielnie, aby unikn\u0105\u0107 ryzyka wspi\u0119cia si\u0119 i wypadni\u0119cia z \u0142\u00f3\u017ceczka (zgodnie z norm\u0105 PN-EN 16780:2018-10).<\/p>\n","protected":false},"excerpt":{"rendered":"<p>ALBERO MIO Ochraniacz do \u0142\u00f3\u017ceczka w kolorze mi\u0119ta to bezpieczny i mi\u0119kki element zabezpieczaj\u0105cy dziecko przed uderzeniami, otarciami oraz wsuwaniem r\u0105czek i n\u00f3\u017cek mi\u0119dzy szczebelki. Wykonany z tkaniny 100% bawe\u0142na i wype\u0142niony 100% poliestrem, o wymiarach 180 \u00d7 30 cm, dopasowany do \u0142\u00f3\u017ceczka 120 \u00d7 60 cm. Ochraniacz tworzy przytulne i bezpieczne otoczenie do snu, [&hellip;]<\/p>\n","protected":false},"featured_media":10958,"comment_status":"open","ping_status":"closed","template":"","meta":[],"product_brand":[],"product_cat":[76,123,121,124,84],"product_tag":[],"class_list":{"0":"post-10959","1":"product","2":"type-product","3":"status-publish","4":"has-post-thumbnail","6":"product_cat-dziecko","7":"product_cat-lozeczka","8":"product_cat-meble","9":"product_cat-ochraniacze-do-lozeczek","10":"product_cat-pokoj-dziecka","12":"first","13":"instock","14":"taxable","15":"shipping-taxable","16":"purchasable","17":"product-type-simple"},"_links":{"self":[{"href":"https:\/\/www.bobooaza.pl\/index.php\/wp-json\/wp\/v2\/product\/10959","targetHints":{"allow":["GET"]}}],"collection":[{"href":"https:\/\/www.bobooaza.pl\/index.php\/wp-json\/wp\/v2\/product"}],"about":[{"href":"https:\/\/www.bobooaza.pl\/index.php\/wp-json\/wp\/v2\/types\/product"}],"replies":[{"embeddable":true,"href":"https:\/\/www.bobooaza.pl\/index.php\/wp-json\/wp\/v2\/comments?post=10959"}],"wp:featuredmedia":[{"embeddable":true,"href":"https:\/\/www.bobooaza.pl\/index.php\/wp-json\/wp\/v2\/media\/10958"}],"wp:attachment":[{"href":"https:\/\/www.bobooaza.pl\/index.php\/wp-json\/wp\/v2\/media?parent=10959"}],"wp:term":[{"taxonomy":"product_brand","embeddable":true,"href":"https:\/\/www.bobooaza.pl\/index.php\/wp-json\/wp\/v2\/product_brand?post=10959"},{"taxonomy":"product_cat","embeddable":true,"href":"https:\/\/www.bobooaza.pl\/index.php\/wp-json\/wp\/v2\/product_cat?post=10959"},{"taxonomy":"product_tag","embeddable":true,"href":"https:\/\/www.bobooaza.pl\/index.php\/wp-json\/wp\/v2\/product_tag?post=10959"}],"curies":[{"name":"wp","href":"https:\/\/api.w.org\/{rel}","templated":true}]}}