{"id":10966,"date":"2026-01-06T20:49:46","date_gmt":"2026-01-06T19:49:46","guid":{"rendered":"https:\/\/bobooaza.pl\/index.php\/produkt\/inter-widex-posciel-wypelniona-fun-90x120\/"},"modified":"2026-01-06T20:53:20","modified_gmt":"2026-01-06T19:53:20","slug":"inter-widex-posciel-wypelniona-fun-90x120","status":"publish","type":"product","link":"https:\/\/www.bobooaza.pl\/index.php\/produkt\/inter-widex-posciel-wypelniona-fun-90x120\/","title":{"rendered":"INTER-WIDEX Po\u015bciel wype\u0142niona FUN 90&#215;120"},"content":{"rendered":"<p>INTER-WIDEX Po\u015bciel wype\u0142niona FUN 90&#215;120<\/p>\n<p>Komplet Senna Baby Fun to mi\u0119kki i funkcjonalny zestaw sk\u0142adaj\u0105cy si\u0119 z ko\u0142derki i poduszki dla dzieci. Produkt jest bezpieczny dla alergik\u00f3w.<\/p>\n<p>Rozmiary: ko\u0142derka 90\u00d7120 cm + poduszka 40\u00d760 cm<\/p>\n<p>Ko\u0142derka jest lekka, mi\u0119kka i bardzo przyjemna w dotyku dzi\u0119ki efektowi brzoskwiniowej sk\u00f3rki. Zapewnia dobre otulenie dziecka i komfortowy sen. Poduszka jest p\u0142aska i bezpieczna. Produkt cechuje wysoka jako\u015b\u0107 w przyst\u0119pnej cenie oraz w\u0142a\u015bciwo\u015bci antyalergiczne.<\/p>\n<p>Ko\u0142derka uniwersalna \u2013 jednowarstwowa, odpowiednia na ca\u0142y rok.<\/p>\n<p>Tkanina: 100% poliester (mi\u0119kka, lekka mikrofibra)<br \/>\nWype\u0142nienie: 100% puszyste w\u0142\u00f3kno poliestrowe, rurkowe, spiralne, silikonizowane (HCS)<br \/>\nOpakowanie: walizka<\/p>\n","protected":false},"excerpt":{"rendered":"<p>INTER-WIDEX Po\u015bciel wype\u0142niona FUN 90&#215;120 Komplet Senna Baby Fun to mi\u0119kki i funkcjonalny zestaw sk\u0142adaj\u0105cy si\u0119 z ko\u0142derki i poduszki dla dzieci. Produkt jest bezpieczny dla alergik\u00f3w. Rozmiary: ko\u0142derka 90\u00d7120 cm + poduszka 40\u00d760 cm Ko\u0142derka jest lekka, mi\u0119kka i bardzo przyjemna w dotyku dzi\u0119ki efektowi brzoskwiniowej sk\u00f3rki. Zapewnia dobre otulenie dziecka i komfortowy sen. [&hellip;]<\/p>\n","protected":false},"featured_media":10964,"comment_status":"open","ping_status":"closed","template":"","meta":[],"product_brand":[],"product_cat":[76,123,121,84,127],"product_tag":[],"class_list":{"0":"post-10966","1":"product","2":"type-product","3":"status-publish","4":"has-post-thumbnail","6":"product_cat-dziecko","7":"product_cat-lozeczka","8":"product_cat-meble","9":"product_cat-pokoj-dziecka","10":"product_cat-posciele","12":"first","13":"instock","14":"taxable","15":"shipping-taxable","16":"purchasable","17":"product-type-simple"},"_links":{"self":[{"href":"https:\/\/www.bobooaza.pl\/index.php\/wp-json\/wp\/v2\/product\/10966","targetHints":{"allow":["GET"]}}],"collection":[{"href":"https:\/\/www.bobooaza.pl\/index.php\/wp-json\/wp\/v2\/product"}],"about":[{"href":"https:\/\/www.bobooaza.pl\/index.php\/wp-json\/wp\/v2\/types\/product"}],"replies":[{"embeddable":true,"href":"https:\/\/www.bobooaza.pl\/index.php\/wp-json\/wp\/v2\/comments?post=10966"}],"wp:featuredmedia":[{"embeddable":true,"href":"https:\/\/www.bobooaza.pl\/index.php\/wp-json\/wp\/v2\/media\/10964"}],"wp:attachment":[{"href":"https:\/\/www.bobooaza.pl\/index.php\/wp-json\/wp\/v2\/media?parent=10966"}],"wp:term":[{"taxonomy":"product_brand","embeddable":true,"href":"https:\/\/www.bobooaza.pl\/index.php\/wp-json\/wp\/v2\/product_brand?post=10966"},{"taxonomy":"product_cat","embeddable":true,"href":"https:\/\/www.bobooaza.pl\/index.php\/wp-json\/wp\/v2\/product_cat?post=10966"},{"taxonomy":"product_tag","embeddable":true,"href":"https:\/\/www.bobooaza.pl\/index.php\/wp-json\/wp\/v2\/product_tag?post=10966"}],"curies":[{"name":"wp","href":"https:\/\/api.w.org\/{rel}","templated":true}]}}